{"id":82631,"date":"2026-04-30T05:53:22","date_gmt":"2026-04-30T08:53:22","guid":{"rendered":"https:\/\/www.hediyepazar.com\/?product=keratin-canlandirici-bakim-tuzsuz-sampuan-1000-ml"},"modified":"2026-04-30T05:53:22","modified_gmt":"2026-04-30T08:53:22","slug":"keratin-canlandirici-bakim-tuzsuz-sampuan-1000-ml","status":"publish","type":"product","link":"https:\/\/www.hediyepazar.com\/?product=keratin-canlandirici-bakim-tuzsuz-sampuan-1000-ml","title":{"rendered":"Keratin Canland\u0131r\u0131c\u0131 Bak\u0131m Tuzsuz \u015eampuan 1000 ml"},"content":{"rendered":"<table style=\"border-collapse:collapse; width:299pt; border:none\" width=\"398\">\n<colgroup>\n<col style=\"width:299pt\" width=\"398\" \/>\n\t<\/colgroup>\n<tbody>\n<tr height=\"20\" style=\"height:15.0pt\">\n<td height=\"20\" style=\"border:none; height:15.0pt; width:299pt; padding-top:1px; padding-right:1px; padding-left:1px; vertical-align:bottom; white-space:nowrap\" width=\"398\"><span style=\"font-size:11pt\"><span style=\"color:black\"><span style=\"font-weight:400\"><span style=\"font-style:normal\"><span style=\"text-decoration:none\"><span style=\"font-family:Calibri,sans-serif\">Keratin Canland\u0131r\u0131c\u0131 Bak\u0131m Tuzsuz \u015eampuan 1000 ml<\/span><\/span><\/span><\/span><\/span><\/span><br \/>\n\t\t\t&nbsp;<\/td>\n<\/tr>\n<tr>\n<td height=\"20\" style=\"border:none; height:15.0pt; width:65pt; padding-top:1px; padding-right:1px; padding-left:1px; vertical-align:bottom; white-space:nowrap\" width=\"86\"><span style=\"font-size:11pt\"><span style=\"color:black\"><span style=\"font-weight:400\"><span style=\"font-style:normal\"><span style=\"text-decoration:none\"><span style=\"font-family:Calibri,sans-serif\">&Ouml;zellikler : Keratin \u015fampuan i\u015flem g&ouml;rm&uuml;\u015f sa&ccedil;lar i&ccedil;in &ouml;zel olarak form&uuml;le edilmi\u015ftir.<\/p>\n<p>\t\t\tSa&ccedil;lar\u0131 nemlendirerek daha d&uuml;z ve hacimli g&ouml;r&uuml;nmelerine yard\u0131mc\u0131 olur. Yo\u011fun miktarda keratin i&ccedil;erir<\/p>\n<p>\t\t\tKullan\u0131m\u0131 : Islak sa&ccedil;a birka&ccedil; dakika masaj yaparak k&ouml;p&uuml;rt&uuml;n&uuml;z. Daha sonra \u0131l\u0131k ve bol su ile durulay\u0131n\u0131z<\/span><\/span><\/span><\/span><\/span><\/span><\/td>\n<\/tr>\n<\/tbody>\n<\/table>\n<p>\n&nbsp;<\/p>\n","protected":false},"excerpt":{"rendered":"<p>Keratin Canland\u0131r\u0131c\u0131 Bak\u0131m Tuzsuz \u015eampuan 1000 ml<\/p>\n","protected":false},"featured_media":82630,"comment_status":"open","ping_status":"closed","template":"","meta":{"_kad_post_transparent":"","_kad_post_title":"","_kad_post_layout":"","_kad_post_sidebar_id":"","_kad_post_content_style":"","_kad_post_vertical_padding":"","_kad_post_feature":"","_kad_post_feature_position":"","_kad_post_header":false,"_kad_post_footer":false,"_kad_post_classname":""},"product_brand":[],"product_cat":[452,586,665],"product_tag":[],"class_list":{"0":"post-82631","1":"product","2":"type-product","3":"status-publish","4":"has-post-thumbnail","6":"product_cat-kozmetik","7":"product_cat-sac-bakimi","8":"product_cat-sampuan","10":"first","11":"instock","12":"shipping-taxable","13":"purchasable","14":"product-type-simple","15":"entry","16":"content-bg","17":"loop-entry"},"_links":{"self":[{"href":"https:\/\/www.hediyepazar.com\/index.php?rest_route=\/wp\/v2\/product\/82631","targetHints":{"allow":["GET"]}}],"collection":[{"href":"https:\/\/www.hediyepazar.com\/index.php?rest_route=\/wp\/v2\/product"}],"about":[{"href":"https:\/\/www.hediyepazar.com\/index.php?rest_route=\/wp\/v2\/types\/product"}],"replies":[{"embeddable":true,"href":"https:\/\/www.hediyepazar.com\/index.php?rest_route=%2Fwp%2Fv2%2Fcomments&post=82631"}],"wp:featuredmedia":[{"embeddable":true,"href":"https:\/\/www.hediyepazar.com\/index.php?rest_route=\/wp\/v2\/media\/82630"}],"wp:attachment":[{"href":"https:\/\/www.hediyepazar.com\/index.php?rest_route=%2Fwp%2Fv2%2Fmedia&parent=82631"}],"wp:term":[{"taxonomy":"product_brand","embeddable":true,"href":"https:\/\/www.hediyepazar.com\/index.php?rest_route=%2Fwp%2Fv2%2Fproduct_brand&post=82631"},{"taxonomy":"product_cat","embeddable":true,"href":"https:\/\/www.hediyepazar.com\/index.php?rest_route=%2Fwp%2Fv2%2Fproduct_cat&post=82631"},{"taxonomy":"product_tag","embeddable":true,"href":"https:\/\/www.hediyepazar.com\/index.php?rest_route=%2Fwp%2Fv2%2Fproduct_tag&post=82631"}],"curies":[{"name":"wp","href":"https:\/\/api.w.org\/{rel}","templated":true}]}}