{"id":82676,"date":"2026-04-30T06:01:26","date_gmt":"2026-04-30T09:01:26","guid":{"rendered":"https:\/\/www.hediyepazar.com\/?product=3-adet-metal-klasik-sac-tokasi-orijinal-9-cm"},"modified":"2026-04-30T06:01:26","modified_gmt":"2026-04-30T09:01:26","slug":"3-adet-metal-klasik-sac-tokasi-orijinal-9-cm","status":"publish","type":"product","link":"https:\/\/www.hediyepazar.com\/?product=3-adet-metal-klasik-sac-tokasi-orijinal-9-cm","title":{"rendered":"3 Adet Metal Klasik Sa\u00e7 Tokas\u0131 Orijinal 9 cm"},"content":{"rendered":"<table style=\"border-collapse:collapse; width:89pt; border:none\" width=\"118\">\n<colgroup>\n<col style=\"width:89pt\" width=\"118\" \/>\n\t<\/colgroup>\n<tbody>\n<tr height=\"20\" style=\"height:15.0pt\">\n<td height=\"20\" style=\"border:none; height:15.0pt; width:89pt; padding-top:1px; padding-right:1px; padding-left:1px; vertical-align:bottom; white-space:nowrap\" width=\"118\"><span style=\"font-size:11pt\"><span style=\"color:black\"><span style=\"font-weight:400\"><span style=\"font-style:normal\"><span style=\"text-decoration:none\"><span style=\"font-family:Calibri,sans-serif\">3 Adet Metal Klasik Sa&ccedil; Tokas\u0131 Orijinal 9 cm<br \/>\n\t\t\tMetal sa&ccedil; tokalar\u0131, sa&ccedil;\u0131n\u0131z\u0131 sabitlemek i&ccedil;in olduk&ccedil;a sa\u011flamd\u0131r ve g&uuml;n boyu yerinde kalmas\u0131n\u0131 sa\u011flar.<br \/>\n\t\t\tAyr\u0131ca, sa&ccedil;\u0131n\u0131z\u0131 s\u0131k\u0131ca tutarak ve da\u011f\u0131lmas\u0131n\u0131 &ouml;nleyerek d&uuml;zg&uuml;n bir g&ouml;r&uuml;n&uuml;m sa\u011flar.<\/span><\/span><\/span><\/span><\/span><\/span><\/td>\n<\/tr>\n<\/tbody>\n<\/table>\n","protected":false},"excerpt":{"rendered":"<p>3 Adet Metal Klasik Sa\u00e7 Tokas\u0131 Orijinal 9 cm<\/p>\n","protected":false},"featured_media":82675,"comment_status":"open","ping_status":"closed","template":"","meta":{"_kad_post_transparent":"","_kad_post_title":"","_kad_post_layout":"","_kad_post_sidebar_id":"","_kad_post_content_style":"","_kad_post_vertical_padding":"","_kad_post_feature":"","_kad_post_feature_position":"","_kad_post_header":false,"_kad_post_footer":false,"_kad_post_classname":""},"product_brand":[],"product_cat":[545,537,588],"product_tag":[],"class_list":{"0":"post-82676","1":"product","2":"type-product","3":"status-publish","4":"has-post-thumbnail","6":"product_cat-aksesuar","7":"product_cat-kadin","8":"product_cat-tac-sac-bandi-toka","10":"first","11":"instock","12":"shipping-taxable","13":"purchasable","14":"product-type-simple","15":"entry","16":"content-bg","17":"loop-entry"},"_links":{"self":[{"href":"https:\/\/www.hediyepazar.com\/index.php?rest_route=\/wp\/v2\/product\/82676","targetHints":{"allow":["GET"]}}],"collection":[{"href":"https:\/\/www.hediyepazar.com\/index.php?rest_route=\/wp\/v2\/product"}],"about":[{"href":"https:\/\/www.hediyepazar.com\/index.php?rest_route=\/wp\/v2\/types\/product"}],"replies":[{"embeddable":true,"href":"https:\/\/www.hediyepazar.com\/index.php?rest_route=%2Fwp%2Fv2%2Fcomments&post=82676"}],"wp:featuredmedia":[{"embeddable":true,"href":"https:\/\/www.hediyepazar.com\/index.php?rest_route=\/wp\/v2\/media\/82675"}],"wp:attachment":[{"href":"https:\/\/www.hediyepazar.com\/index.php?rest_route=%2Fwp%2Fv2%2Fmedia&parent=82676"}],"wp:term":[{"taxonomy":"product_brand","embeddable":true,"href":"https:\/\/www.hediyepazar.com\/index.php?rest_route=%2Fwp%2Fv2%2Fproduct_brand&post=82676"},{"taxonomy":"product_cat","embeddable":true,"href":"https:\/\/www.hediyepazar.com\/index.php?rest_route=%2Fwp%2Fv2%2Fproduct_cat&post=82676"},{"taxonomy":"product_tag","embeddable":true,"href":"https:\/\/www.hediyepazar.com\/index.php?rest_route=%2Fwp%2Fv2%2Fproduct_tag&post=82676"}],"curies":[{"name":"wp","href":"https:\/\/api.w.org\/{rel}","templated":true}]}}