{"id":8272,"date":"2026-04-26T07:13:09","date_gmt":"2026-04-26T10:13:09","guid":{"rendered":"https:\/\/www.hediyepazar.com\/?product=powermaster-pm-25982-muhtelif-olculerde-kablo-pabuc-480-parca"},"modified":"2026-04-26T07:13:12","modified_gmt":"2026-04-26T10:13:12","slug":"powermaster-pm-25982-muhtelif-olculerde-kablo-pabuc-480-parca","status":"publish","type":"product","link":"https:\/\/www.hediyepazar.com\/?product=powermaster-pm-25982-muhtelif-olculerde-kablo-pabuc-480-parca","title":{"rendered":"Powermaster Pm-25982 Muhtelif \u00d6l\u00e7\u00fclerde Kablo Pabu\u00e7 (480 Par\u00e7a)"},"content":{"rendered":"<p>Powermaster Pm-25982 Muhtelif \u00d6l\u00e7\u00fclerde Kablo Pabu\u00e7 (480 Par\u00e7a)<\/p>\n","protected":false},"excerpt":{"rendered":"<p>Powermaster Pm-25982 Muhtelif \u00d6l\u00e7\u00fclerde Kablo Pabu\u00e7 (480 Par\u00e7a)<\/p>\n","protected":false},"featured_media":8273,"comment_status":"closed","ping_status":"open","template":"","meta":{"_kad_post_transparent":"","_kad_post_title":"","_kad_post_layout":"","_kad_post_sidebar_id":"","_kad_post_content_style":"","_kad_post_vertical_padding":"","_kad_post_feature":"","_kad_post_feature_position":"","_kad_post_header":false,"_kad_post_footer":false,"_kad_post_classname":""},"product_brand":[],"product_cat":[418],"product_tag":[],"class_list":{"0":"post-8272","1":"product","2":"type-product","3":"status-publish","4":"has-post-thumbnail","6":"product_cat-kablo-cesitleri","8":"first","9":"instock","10":"purchasable","11":"product-type-simple","12":"entry","13":"content-bg","14":"loop-entry"},"_links":{"self":[{"href":"https:\/\/www.hediyepazar.com\/index.php?rest_route=\/wp\/v2\/product\/8272","targetHints":{"allow":["GET"]}}],"collection":[{"href":"https:\/\/www.hediyepazar.com\/index.php?rest_route=\/wp\/v2\/product"}],"about":[{"href":"https:\/\/www.hediyepazar.com\/index.php?rest_route=\/wp\/v2\/types\/product"}],"replies":[{"embeddable":true,"href":"https:\/\/www.hediyepazar.com\/index.php?rest_route=%2Fwp%2Fv2%2Fcomments&post=8272"}],"wp:featuredmedia":[{"embeddable":true,"href":"https:\/\/www.hediyepazar.com\/index.php?rest_route=\/wp\/v2\/media\/8273"}],"wp:attachment":[{"href":"https:\/\/www.hediyepazar.com\/index.php?rest_route=%2Fwp%2Fv2%2Fmedia&parent=8272"}],"wp:term":[{"taxonomy":"product_brand","embeddable":true,"href":"https:\/\/www.hediyepazar.com\/index.php?rest_route=%2Fwp%2Fv2%2Fproduct_brand&post=8272"},{"taxonomy":"product_cat","embeddable":true,"href":"https:\/\/www.hediyepazar.com\/index.php?rest_route=%2Fwp%2Fv2%2Fproduct_cat&post=8272"},{"taxonomy":"product_tag","embeddable":true,"href":"https:\/\/www.hediyepazar.com\/index.php?rest_route=%2Fwp%2Fv2%2Fproduct_tag&post=8272"}],"curies":[{"name":"wp","href":"https:\/\/api.w.org\/{rel}","templated":true}]}}