{"id":82744,"date":"2026-04-30T06:12:10","date_gmt":"2026-04-30T09:12:10","guid":{"rendered":"https:\/\/www.hediyepazar.com\/?product=bogurtlen-sirkesi-100-dogal-katkisiz-500-ml"},"modified":"2026-04-30T06:12:10","modified_gmt":"2026-04-30T09:12:10","slug":"bogurtlen-sirkesi-100-dogal-katkisiz-500-ml","status":"publish","type":"product","link":"https:\/\/www.hediyepazar.com\/?product=bogurtlen-sirkesi-100-dogal-katkisiz-500-ml","title":{"rendered":"B\u00f6\u011f\u00fcrtlen Sirkesi % 100 do\u011fal Katk\u0131s\u0131z 500 ml"},"content":{"rendered":"<table style=\"border-collapse:collapse; width:314pt; border:none\" width=\"419\">\n<colgroup>\n<col style=\"width:314pt\" width=\"419\" \/>\n\t<\/colgroup>\n<tbody>\n<tr height=\"21\" style=\"height:15.75pt\">\n<td class=\"xl66\" height=\"21\" style=\"border:none; height:15.75pt; width:314pt; padding-top:1px; padding-right:1px; padding-left:1px; vertical-align:bottom; white-space:nowrap\" width=\"419\"><span style=\"font-size:12pt\"><span style=\"color:black\"><span style=\"font-family:Calibri,sans-serif\"><span style=\"font-weight:400\"><span style=\"font-style:normal\"><span style=\"text-decoration:none\">B&ouml;\u011f&uuml;rtlen Sirkesi % 100 do\u011fal Katk\u0131s\u0131z 500 ml<\/p>\n<p>\t\t\t%100&nbsp; B&ouml;\u011f&uuml;rtlendan &uuml;retilmi\u015ftir.<br \/>\n\t\t\tNahita Katk\u0131s\u0131z Do\u011fal&nbsp; B&ouml;\u011f&uuml;rtlen Sirkesi, do\u011fal fermentasyon yoluyla &uuml;retilmi\u015ftir.<br \/>\n\t\t\tSirke do\u011fal fermentasyon ile &uuml;retildi\u011finden,<br \/>\n\t\t\tkapak a&ccedil;\u0131ld\u0131ktan sonra havayla temas edece\u011finden tortu ve sirke anas\u0131 olu\u015fabilir.<br \/>\n\t\t\tSirkede tortu ve sirke anas\u0131 olu\u015fmas\u0131,<br \/>\n\t\t\tfermentasyonun devam etti\u011fini ve sirkenin past&ouml;rize edilmedi\u011fini g&ouml;sterir.<br \/>\n\t\t\tKatk\u0131s\u0131z olarak &uuml;retilen Nahita&nbsp; B&ouml;\u011f&uuml;rtlen Sirkesi, s&uuml;z&uuml;lerek tekrar tekrar kullan\u0131labilir.<br \/>\n\t\t\tNahita Katk\u0131s\u0131z Do\u011fal&nbsp; B&ouml;\u011f&uuml;rtlen Sirkesi<\/span><\/span><\/span><\/span><\/span><\/span><\/td>\n<\/tr>\n<\/tbody>\n<\/table>\n","protected":false},"excerpt":{"rendered":"<p>B\u00f6\u011f\u00fcrtlen Sirkesi % 100 do\u011fal Katk\u0131s\u0131z 500 ml<\/p>\n","protected":false},"featured_media":82743,"comment_status":"open","ping_status":"closed","template":"","meta":{"_kad_post_transparent":"","_kad_post_title":"","_kad_post_layout":"","_kad_post_sidebar_id":"","_kad_post_content_style":"","_kad_post_vertical_padding":"","_kad_post_feature":"","_kad_post_feature_position":"","_kad_post_header":false,"_kad_post_footer":false,"_kad_post_classname":""},"product_brand":[],"product_cat":[589,570,690],"product_tag":[],"class_list":{"0":"post-82744","1":"product","2":"type-product","3":"status-publish","4":"has-post-thumbnail","6":"product_cat-gida-ve-icecek","7":"product_cat-supermarket","8":"product_cat-yag-ve-sos","10":"first","11":"instock","12":"shipping-taxable","13":"purchasable","14":"product-type-simple","15":"entry","16":"content-bg","17":"loop-entry"},"_links":{"self":[{"href":"https:\/\/www.hediyepazar.com\/index.php?rest_route=\/wp\/v2\/product\/82744","targetHints":{"allow":["GET"]}}],"collection":[{"href":"https:\/\/www.hediyepazar.com\/index.php?rest_route=\/wp\/v2\/product"}],"about":[{"href":"https:\/\/www.hediyepazar.com\/index.php?rest_route=\/wp\/v2\/types\/product"}],"replies":[{"embeddable":true,"href":"https:\/\/www.hediyepazar.com\/index.php?rest_route=%2Fwp%2Fv2%2Fcomments&post=82744"}],"wp:featuredmedia":[{"embeddable":true,"href":"https:\/\/www.hediyepazar.com\/index.php?rest_route=\/wp\/v2\/media\/82743"}],"wp:attachment":[{"href":"https:\/\/www.hediyepazar.com\/index.php?rest_route=%2Fwp%2Fv2%2Fmedia&parent=82744"}],"wp:term":[{"taxonomy":"product_brand","embeddable":true,"href":"https:\/\/www.hediyepazar.com\/index.php?rest_route=%2Fwp%2Fv2%2Fproduct_brand&post=82744"},{"taxonomy":"product_cat","embeddable":true,"href":"https:\/\/www.hediyepazar.com\/index.php?rest_route=%2Fwp%2Fv2%2Fproduct_cat&post=82744"},{"taxonomy":"product_tag","embeddable":true,"href":"https:\/\/www.hediyepazar.com\/index.php?rest_route=%2Fwp%2Fv2%2Fproduct_tag&post=82744"}],"curies":[{"name":"wp","href":"https:\/\/api.w.org\/{rel}","templated":true}]}}