{"id":82758,"date":"2026-04-30T06:15:16","date_gmt":"2026-04-30T09:15:16","guid":{"rendered":"https:\/\/www.hediyepazar.com\/?product=detoks-sirkesi-100-dogal-katkisiz-500-ml"},"modified":"2026-04-30T06:15:16","modified_gmt":"2026-04-30T09:15:16","slug":"detoks-sirkesi-100-dogal-katkisiz-500-ml","status":"publish","type":"product","link":"https:\/\/www.hediyepazar.com\/?product=detoks-sirkesi-100-dogal-katkisiz-500-ml","title":{"rendered":"Detoks Sirkesi % 100 do\u011fal Katk\u0131s\u0131z 500 ml"},"content":{"rendered":"<table style=\"border-collapse:collapse; width:239pt; border:none\" width=\"318\">\n<colgroup>\n<col style=\"width:239pt\" width=\"318\" \/>\n\t<\/colgroup>\n<tbody>\n<tr height=\"21\" style=\"height:15.75pt\">\n<td class=\"xl66\" height=\"21\" style=\"border:none; height:15.75pt; width:239pt; padding-top:1px; padding-right:1px; padding-left:1px; vertical-align:bottom; white-space:nowrap\" width=\"318\"><span style=\"font-size:10pt\"><span style=\"color:black\"><span style=\"font-family:Calibri,sans-serif\"><span style=\"font-weight:400\"><span style=\"font-style:normal\"><span style=\"text-decoration:none\">Detoks Sirkesi % 100 do\u011fal Katk\u0131s\u0131z 500 ml<\/span><\/span><\/span><\/span><\/span><\/span><br \/>\n\t\t\t&nbsp;<\/td>\n<\/tr>\n<tr>\n<td class=\"xl66\" height=\"21\" style=\"border:none; height:15.75pt; width:314pt; padding-top:1px; padding-right:1px; padding-left:1px; vertical-align:bottom; white-space:nowrap\" width=\"419\"><span style=\"font-size:12pt\"><span style=\"color:black\"><span style=\"font-family:Calibri,sans-serif\"><span style=\"font-weight:400\"><span style=\"font-style:normal\"><span style=\"text-decoration:none\">Kay\u0131s\u0131 meyve pulpu, akdiken\/cehri meyvesi, biberiye yapra\u011f\u0131,<br \/>\n\t\t\t\u015fahtere yapra\u011f\u0131, sandolos sak\u0131z\u0131 oleoresini, funda yapra\u011f\u0131, anason tohumu,<br \/>\n\t\t\trezene tohumu, kuinoa tohumu, avokado yapra\u011f\u0131, kitre zamk\u0131,<br \/>\n\t\t\tkarn\u0131yar\u0131k otu tohumu ve turun&ccedil; kabu\u011funda yap\u0131lm\u0131\u015ft\u0131r.<br \/>\n\t\t\t% 100 Kay\u0131s\u0131 pulpu ile fermente edilmi\u015ftir.<br \/>\n\t\t\tKullan\u0131m \u015fekli: Sabah ve ak\u015fam yemeklerden 30 dakika &ouml;nce 1 su barda\u011f\u0131 \u0131l\u0131k suya<br \/>\n\t\t\t2 yemek ka\u015f\u0131\u011f\u0131 Detoks Sirkesi ilave edilerek i&ccedil;ilir.<br \/>\n\t\t\tSerin yerde kapak kapal\u0131 \u015fekilde muhafaza ediniz.<\/span><\/span><\/span><\/span><\/span><\/span><\/td>\n<\/tr>\n<\/tbody>\n<\/table>\n","protected":false},"excerpt":{"rendered":"<p>Detoks Sirkesi % 100 do\u011fal Katk\u0131s\u0131z 500 ml<\/p>\n","protected":false},"featured_media":82757,"comment_status":"open","ping_status":"closed","template":"","meta":{"_kad_post_transparent":"","_kad_post_title":"","_kad_post_layout":"","_kad_post_sidebar_id":"","_kad_post_content_style":"","_kad_post_vertical_padding":"","_kad_post_feature":"","_kad_post_feature_position":"","_kad_post_header":false,"_kad_post_footer":false,"_kad_post_classname":""},"product_brand":[],"product_cat":[589,570,690],"product_tag":[],"class_list":{"0":"post-82758","1":"product","2":"type-product","3":"status-publish","4":"has-post-thumbnail","6":"product_cat-gida-ve-icecek","7":"product_cat-supermarket","8":"product_cat-yag-ve-sos","10":"first","11":"instock","12":"shipping-taxable","13":"purchasable","14":"product-type-simple","15":"entry","16":"content-bg","17":"loop-entry"},"_links":{"self":[{"href":"https:\/\/www.hediyepazar.com\/index.php?rest_route=\/wp\/v2\/product\/82758","targetHints":{"allow":["GET"]}}],"collection":[{"href":"https:\/\/www.hediyepazar.com\/index.php?rest_route=\/wp\/v2\/product"}],"about":[{"href":"https:\/\/www.hediyepazar.com\/index.php?rest_route=\/wp\/v2\/types\/product"}],"replies":[{"embeddable":true,"href":"https:\/\/www.hediyepazar.com\/index.php?rest_route=%2Fwp%2Fv2%2Fcomments&post=82758"}],"wp:featuredmedia":[{"embeddable":true,"href":"https:\/\/www.hediyepazar.com\/index.php?rest_route=\/wp\/v2\/media\/82757"}],"wp:attachment":[{"href":"https:\/\/www.hediyepazar.com\/index.php?rest_route=%2Fwp%2Fv2%2Fmedia&parent=82758"}],"wp:term":[{"taxonomy":"product_brand","embeddable":true,"href":"https:\/\/www.hediyepazar.com\/index.php?rest_route=%2Fwp%2Fv2%2Fproduct_brand&post=82758"},{"taxonomy":"product_cat","embeddable":true,"href":"https:\/\/www.hediyepazar.com\/index.php?rest_route=%2Fwp%2Fv2%2Fproduct_cat&post=82758"},{"taxonomy":"product_tag","embeddable":true,"href":"https:\/\/www.hediyepazar.com\/index.php?rest_route=%2Fwp%2Fv2%2Fproduct_tag&post=82758"}],"curies":[{"name":"wp","href":"https:\/\/api.w.org\/{rel}","templated":true}]}}