{"id":82832,"date":"2026-04-30T06:30:06","date_gmt":"2026-04-30T09:30:06","guid":{"rendered":"https:\/\/www.hediyepazar.com\/?product=saf-kristal-mentol-0-1-kalite-50-gr"},"modified":"2026-04-30T06:30:06","modified_gmt":"2026-04-30T09:30:06","slug":"saf-kristal-mentol-0-1-kalite-50-gr","status":"publish","type":"product","link":"https:\/\/www.hediyepazar.com\/?product=saf-kristal-mentol-0-1-kalite-50-gr","title":{"rendered":"Saf Kristal Mentol 0 1. Kalite 50 Gr"},"content":{"rendered":"<p>Saf Kristal Mentol %100 1. Kalite 50 Gr Nane ferahl\u0131\u011f\u0131<br \/>\nnane \u015fekeri, nane tozu ve di\u011fer nane familyalar\u0131n\u0131n ya\u011flar\u0131nda bulunmaktad\u0131r Dokunuldu\u011funda ya\u011fs\u0131 bir yap\u0131dad\u0131r ve oda \u015fartlar\u0131nda kat\u0131 halde bulunan bir molek&uuml;ld&uuml;r. Vermi\u015f oldu\u011fu ferahl\u0131k ve serinlik hissi ile her zaman tercih sebebi olmu\u015ftur.<br \/>\nNefes a&ccedil;ma konusunda yard\u0131mc\u0131 olan mentol &uuml;r&uuml;n&uuml;, pek &ccedil;ok sak\u0131z ve \u015fekerde kullan\u0131l\u0131yor.<br \/>\n\u0130nsanlar\u0131n daha rahat nefes alabilmesi i&ccedil;in nefesin ferahlat\u0131lmas\u0131n\u0131 sa\u011fl\u0131yor.<br \/>\nKozmetik &uuml;r&uuml;nlerinde de mentol kullan\u0131m\u0131 &ccedil;ok yayg\u0131nd\u0131r. \u015eekerlerde, sak\u0131zlarda, ka\u011f\u0131t mendillerde ve &ccedil;e\u015fitli alanlarda aroma olarak kullan\u0131lmas\u0131n\u0131n yan\u0131 s\u0131ra hafif bo\u011faz a\u011fr\u0131lar\u0131nda, a\u011f\u0131z ve g\u0131rtlak tahri\u015flerinde k\u0131smen yard\u0131mc\u0131 &ouml;zelli\u011fi vard\u0131r.<br \/>\n&Ouml;zellikle &ouml;ks&uuml;r&uuml;k \u015furuplar\u0131n\u0131n i&ccedil;eri\u011finde bulunan mentol kullan\u0131m\u0131na &ouml;rnek olarak verilebilir.<br \/>\n&Ouml;zellikle saunalardaki buhar odalar\u0131nda moda haline gelen mentol k&uuml;rleri, hastal\u0131klardan kurtulmak i&ccedil;in uygulanmaktad\u0131r ve alternatif tedavi aras\u0131nda ilk s\u0131ralarda yer almaktad\u0131r. Mentol beyaz kristaller h&acirc;linde olan bir kat\u0131d\u0131r. Erime noktas\u0131 42 5&deg;C&rsquo;dir. Keskin ve ho\u015fa giden bir kokusu vard\u0131r. A\u011f\u0131za al\u0131nd\u0131\u011f\u0131 zaman bo\u011faz ve burun mukozalar\u0131nda so\u011fuma hissi meydana getirir. Kiristal Mentol \u0131s\u0131 ile aktif hale gelir.<br \/>\nSaunalarda buhurdanl\u0131lklarda, hava nemlendirici cihazlarda, hamamlarda veya bireysel kullan\u0131c\u0131lar i&ccedil;in uygun g&ouml;r&uuml;nen odalarda kullan\u0131labilir. Direkt sauna ta\u015f\u0131n\u0131n &uuml;zerinde uygulanabildi\u011fi gibi su ile de kar\u0131\u015ft\u0131r\u0131labilir.<\/p>\n","protected":false},"excerpt":{"rendered":"<p>Saf Kristal Mentol %100 1. Kalite 50 Gr<\/p>\n","protected":false},"featured_media":82831,"comment_status":"open","ping_status":"closed","template":"","meta":{"_kad_post_transparent":"","_kad_post_title":"","_kad_post_layout":"","_kad_post_sidebar_id":"","_kad_post_content_style":"","_kad_post_vertical_padding":"","_kad_post_feature":"","_kad_post_feature_position":"","_kad_post_header":false,"_kad_post_footer":false,"_kad_post_classname":""},"product_brand":[],"product_cat":[589,590,570],"product_tag":[],"class_list":{"0":"post-82832","1":"product","2":"type-product","3":"status-publish","4":"has-post-thumbnail","6":"product_cat-gida-ve-icecek","7":"product_cat-ozel-gida-urunu","8":"product_cat-supermarket","10":"first","11":"instock","12":"shipping-taxable","13":"purchasable","14":"product-type-simple","15":"entry","16":"content-bg","17":"loop-entry"},"_links":{"self":[{"href":"https:\/\/www.hediyepazar.com\/index.php?rest_route=\/wp\/v2\/product\/82832","targetHints":{"allow":["GET"]}}],"collection":[{"href":"https:\/\/www.hediyepazar.com\/index.php?rest_route=\/wp\/v2\/product"}],"about":[{"href":"https:\/\/www.hediyepazar.com\/index.php?rest_route=\/wp\/v2\/types\/product"}],"replies":[{"embeddable":true,"href":"https:\/\/www.hediyepazar.com\/index.php?rest_route=%2Fwp%2Fv2%2Fcomments&post=82832"}],"wp:featuredmedia":[{"embeddable":true,"href":"https:\/\/www.hediyepazar.com\/index.php?rest_route=\/wp\/v2\/media\/82831"}],"wp:attachment":[{"href":"https:\/\/www.hediyepazar.com\/index.php?rest_route=%2Fwp%2Fv2%2Fmedia&parent=82832"}],"wp:term":[{"taxonomy":"product_brand","embeddable":true,"href":"https:\/\/www.hediyepazar.com\/index.php?rest_route=%2Fwp%2Fv2%2Fproduct_brand&post=82832"},{"taxonomy":"product_cat","embeddable":true,"href":"https:\/\/www.hediyepazar.com\/index.php?rest_route=%2Fwp%2Fv2%2Fproduct_cat&post=82832"},{"taxonomy":"product_tag","embeddable":true,"href":"https:\/\/www.hediyepazar.com\/index.php?rest_route=%2Fwp%2Fv2%2Fproduct_tag&post=82832"}],"curies":[{"name":"wp","href":"https:\/\/api.w.org\/{rel}","templated":true}]}}