{"id":82842,"date":"2026-04-30T06:31:10","date_gmt":"2026-04-30T09:31:10","guid":{"rendered":"https:\/\/www.hediyepazar.com\/?product=dekor-ev-ofis-agac-kuskonmaz-acik-renk-15x30cm"},"modified":"2026-04-30T06:31:10","modified_gmt":"2026-04-30T09:31:10","slug":"dekor-ev-ofis-agac-kuskonmaz-acik-renk-15x30cm","status":"publish","type":"product","link":"https:\/\/www.hediyepazar.com\/?product=dekor-ev-ofis-agac-kuskonmaz-acik-renk-15x30cm","title":{"rendered":"Dekor Ev Ofis A\u011fa\u00e7 Ku\u015fkonmaz A\u00e7\u0131k Renk 15x30cm"},"content":{"rendered":"<table style=\"border-collapse:collapse; width:195pt; border:none\" width=\"260\">\n<colgroup>\n<col style=\"width:195pt\" width=\"260\" \/>\n\t<\/colgroup>\n<tbody>\n<tr height=\"25\" style=\"height:18.75pt\">\n<td height=\"25\" style=\"border:none; height:18.75pt; width:65pt; padding-top:1px; padding-right:1px; padding-left:1px; vertical-align:bottom; white-space:nowrap\" width=\"86\"><span style=\"font-size:11pt\"><span style=\"color:black\"><span style=\"font-weight:400\"><span style=\"font-style:normal\"><span style=\"text-decoration:none\"><span style=\"font-family:Calibri,sans-serif\">Dekor Ev Ofis A\u011fa&ccedil; Ku\u015fkonmaz A&ccedil;\u0131k Renk 15x30cm<br \/>\n\t\t\tY&uuml;ksek kaliteli plastik malzemeden yap\u0131lm\u0131\u015f, uzun &ouml;m&uuml;rl&uuml; ve bak\u0131m\u0131 kolay bir yap\u0131ya sahiptir.<br \/>\n\t\t\tBasit ve zarif tasar\u0131m\u0131yla herhangi bir dekorasyon tarz\u0131na uyum sa\u011flar.<br \/>\n\t\t\tVazoyu masa &uuml;zerine, duvar raf\u0131na veya evinize g&uuml;zel bir dokunu\u015f katmak istedi\u011finiz herhangi bir alana yerle\u015ftirebilirsiniz.<\/span><\/span><\/span><\/span><\/span><\/span><\/td>\n<\/tr>\n<tr>\n<td height=\"25\" style=\"border:none; height:18.75pt; width:65pt; padding-top:1px; padding-right:1px; padding-left:1px; vertical-align:bottom; white-space:nowrap\" width=\"86\">&nbsp;<\/td>\n<\/tr>\n<\/tbody>\n<\/table>\n","protected":false},"excerpt":{"rendered":"<p>Dekor Ev Ofis A\u011fa\u00e7 Ku\u015fkonmaz A\u00e7\u0131k Renk 15x30cm<\/p>\n","protected":false},"featured_media":82841,"comment_status":"open","ping_status":"closed","template":"","meta":{"_kad_post_transparent":"","_kad_post_title":"","_kad_post_layout":"","_kad_post_sidebar_id":"","_kad_post_content_style":"","_kad_post_vertical_padding":"","_kad_post_feature":"","_kad_post_feature_position":"","_kad_post_header":false,"_kad_post_footer":false,"_kad_post_classname":""},"product_brand":[],"product_cat":[557,621,630],"product_tag":[],"class_list":{"0":"post-82842","1":"product","2":"type-product","3":"status-publish","4":"has-post-thumbnail","6":"product_cat-ev-yasam","7":"product_cat-ev-dekorasyon","8":"product_cat-yapay-cicek","10":"first","11":"instock","12":"shipping-taxable","13":"purchasable","14":"product-type-simple","15":"entry","16":"content-bg","17":"loop-entry"},"_links":{"self":[{"href":"https:\/\/www.hediyepazar.com\/index.php?rest_route=\/wp\/v2\/product\/82842","targetHints":{"allow":["GET"]}}],"collection":[{"href":"https:\/\/www.hediyepazar.com\/index.php?rest_route=\/wp\/v2\/product"}],"about":[{"href":"https:\/\/www.hediyepazar.com\/index.php?rest_route=\/wp\/v2\/types\/product"}],"replies":[{"embeddable":true,"href":"https:\/\/www.hediyepazar.com\/index.php?rest_route=%2Fwp%2Fv2%2Fcomments&post=82842"}],"wp:featuredmedia":[{"embeddable":true,"href":"https:\/\/www.hediyepazar.com\/index.php?rest_route=\/wp\/v2\/media\/82841"}],"wp:attachment":[{"href":"https:\/\/www.hediyepazar.com\/index.php?rest_route=%2Fwp%2Fv2%2Fmedia&parent=82842"}],"wp:term":[{"taxonomy":"product_brand","embeddable":true,"href":"https:\/\/www.hediyepazar.com\/index.php?rest_route=%2Fwp%2Fv2%2Fproduct_brand&post=82842"},{"taxonomy":"product_cat","embeddable":true,"href":"https:\/\/www.hediyepazar.com\/index.php?rest_route=%2Fwp%2Fv2%2Fproduct_cat&post=82842"},{"taxonomy":"product_tag","embeddable":true,"href":"https:\/\/www.hediyepazar.com\/index.php?rest_route=%2Fwp%2Fv2%2Fproduct_tag&post=82842"}],"curies":[{"name":"wp","href":"https:\/\/api.w.org\/{rel}","templated":true}]}}