{"id":82884,"date":"2026-04-30T06:32:43","date_gmt":"2026-04-30T09:32:43","guid":{"rendered":"https:\/\/www.hediyepazar.com\/?product=ahsap-cop-sis-cubugu-25-cm-50-adet"},"modified":"2026-04-30T06:32:43","modified_gmt":"2026-04-30T09:32:43","slug":"ahsap-cop-sis-cubugu-25-cm-50-adet","status":"publish","type":"product","link":"https:\/\/www.hediyepazar.com\/?product=ahsap-cop-sis-cubugu-25-cm-50-adet","title":{"rendered":"Ah\u015fap \u00c7\u00f6p \u015ei\u015f \u00c7ubu\u011fu 25 Cm &#8211; 50 Adet"},"content":{"rendered":"<table style=\"border-collapse:collapse; width:262pt; border:none\" width=\"349\">\n<colgroup>\n<col style=\"width:262pt\" width=\"349\" \/>\n\t<\/colgroup>\n<tbody>\n<tr height=\"20\" style=\"height:15.0pt\">\n<td height=\"20\" style=\"border:none; height:15.0pt; width:262pt; padding-top:1px; padding-right:1px; padding-left:1px; vertical-align:bottom; white-space:nowrap\" width=\"349\"><span style=\"font-size:11pt\"><span style=\"color:black\"><span style=\"font-weight:400\"><span style=\"font-style:normal\"><span style=\"text-decoration:none\"><span style=\"font-family:Calibri,sans-serif\">Ah\u015fap &Ccedil;&ouml;p \u015ei\u015f &Ccedil;ubu\u011fu 25 Cm &#8211; 50 Adet<br \/>\n\t\t\tYazan Fiyat ( 50 Adet ) \u0130&ccedil;indir.<br \/>\n\t\t\t1 Adet Sipari\u015f Verirseniz ( 50 Adet ) Alm\u0131\u015f Olursunuz.<br \/>\n\t\t\tEbat 3 mm X250 mm Paket Miktar\u0131 : 50 Adet<\/span><\/span><\/span><\/span><\/span><\/span><\/td>\n<\/tr>\n<\/tbody>\n<\/table>\n","protected":false},"excerpt":{"rendered":"<p>Ah\u015fap \u00c7\u00f6p \u015ei\u015f \u00c7ubu\u011fu 25 Cm &#8211; 50 Adet<\/p>\n","protected":false},"featured_media":82883,"comment_status":"open","ping_status":"closed","template":"","meta":{"_kad_post_transparent":"","_kad_post_title":"","_kad_post_layout":"","_kad_post_sidebar_id":"","_kad_post_content_style":"","_kad_post_vertical_padding":"","_kad_post_feature":"","_kad_post_feature_position":"","_kad_post_header":false,"_kad_post_footer":false,"_kad_post_classname":""},"product_brand":[],"product_cat":[638,557,639],"product_tag":[],"class_list":{"0":"post-82884","1":"product","2":"type-product","3":"status-publish","4":"has-post-thumbnail","6":"product_cat-bahce","7":"product_cat-ev-yasam","8":"product_cat-mangal-ve-barbeku","10":"first","11":"instock","12":"shipping-taxable","13":"purchasable","14":"product-type-simple","15":"entry","16":"content-bg","17":"loop-entry"},"_links":{"self":[{"href":"https:\/\/www.hediyepazar.com\/index.php?rest_route=\/wp\/v2\/product\/82884","targetHints":{"allow":["GET"]}}],"collection":[{"href":"https:\/\/www.hediyepazar.com\/index.php?rest_route=\/wp\/v2\/product"}],"about":[{"href":"https:\/\/www.hediyepazar.com\/index.php?rest_route=\/wp\/v2\/types\/product"}],"replies":[{"embeddable":true,"href":"https:\/\/www.hediyepazar.com\/index.php?rest_route=%2Fwp%2Fv2%2Fcomments&post=82884"}],"wp:featuredmedia":[{"embeddable":true,"href":"https:\/\/www.hediyepazar.com\/index.php?rest_route=\/wp\/v2\/media\/82883"}],"wp:attachment":[{"href":"https:\/\/www.hediyepazar.com\/index.php?rest_route=%2Fwp%2Fv2%2Fmedia&parent=82884"}],"wp:term":[{"taxonomy":"product_brand","embeddable":true,"href":"https:\/\/www.hediyepazar.com\/index.php?rest_route=%2Fwp%2Fv2%2Fproduct_brand&post=82884"},{"taxonomy":"product_cat","embeddable":true,"href":"https:\/\/www.hediyepazar.com\/index.php?rest_route=%2Fwp%2Fv2%2Fproduct_cat&post=82884"},{"taxonomy":"product_tag","embeddable":true,"href":"https:\/\/www.hediyepazar.com\/index.php?rest_route=%2Fwp%2Fv2%2Fproduct_tag&post=82884"}],"curies":[{"name":"wp","href":"https:\/\/api.w.org\/{rel}","templated":true}]}}