{"id":82898,"date":"2026-04-30T06:33:11","date_gmt":"2026-04-30T09:33:11","guid":{"rendered":"https:\/\/www.hediyepazar.com\/?product=cok-amacli-kalin-ip-8-metre"},"modified":"2026-04-30T06:33:11","modified_gmt":"2026-04-30T09:33:11","slug":"cok-amacli-kalin-ip-8-metre","status":"publish","type":"product","link":"https:\/\/www.hediyepazar.com\/?product=cok-amacli-kalin-ip-8-metre","title":{"rendered":"\u00c7ok Ama\u00e7l\u0131 Kal\u0131n \u0130p 8 Metre"},"content":{"rendered":"<table style=\"border-collapse:collapse; width:269pt; border:none\" width=\"359\">\n<colgroup>\n<col style=\"width:269pt\" width=\"359\" \/>\n\t<\/colgroup>\n<tbody>\n<tr height=\"19\" style=\"height:14.4pt\">\n<td height=\"19\" style=\"border:none; height:14.4pt; width:269pt; padding-top:1px; padding-right:1px; padding-left:1px; vertical-align:bottom; white-space:nowrap\" width=\"359\"><span style=\"font-size:11pt\"><span style=\"color:black\"><span style=\"font-weight:400\"><span style=\"font-style:normal\"><span style=\"text-decoration:none\"><span style=\"font-family:Calibri,sans-serif\">Paket \u0130&ccedil;eri\u011fi : 1 Adet &Ccedil;ok Ama&ccedil;l\u0131 Kal\u0131n \u0130p 8 Metre<\/span><\/span><\/span><\/span><\/span><\/span><\/td>\n<\/tr>\n<\/tbody>\n<\/table>\n","protected":false},"excerpt":{"rendered":"<p>\u00c7ok Ama\u00e7l\u0131 Kal\u0131n \u0130p 8 Metre<\/p>\n","protected":false},"featured_media":82897,"comment_status":"open","ping_status":"closed","template":"","meta":{"_kad_post_transparent":"","_kad_post_title":"","_kad_post_layout":"","_kad_post_sidebar_id":"","_kad_post_content_style":"","_kad_post_vertical_padding":"","_kad_post_feature":"","_kad_post_feature_position":"","_kad_post_header":false,"_kad_post_footer":false,"_kad_post_classname":""},"product_brand":[],"product_cat":[691,557,603],"product_tag":[],"class_list":{"0":"post-82898","1":"product","2":"type-product","3":"status-publish","4":"has-post-thumbnail","6":"product_cat-camasirlik","7":"product_cat-ev-yasam","8":"product_cat-ev-gerecleri","10":"first","11":"instock","12":"shipping-taxable","13":"purchasable","14":"product-type-simple","15":"entry","16":"content-bg","17":"loop-entry"},"_links":{"self":[{"href":"https:\/\/www.hediyepazar.com\/index.php?rest_route=\/wp\/v2\/product\/82898","targetHints":{"allow":["GET"]}}],"collection":[{"href":"https:\/\/www.hediyepazar.com\/index.php?rest_route=\/wp\/v2\/product"}],"about":[{"href":"https:\/\/www.hediyepazar.com\/index.php?rest_route=\/wp\/v2\/types\/product"}],"replies":[{"embeddable":true,"href":"https:\/\/www.hediyepazar.com\/index.php?rest_route=%2Fwp%2Fv2%2Fcomments&post=82898"}],"wp:featuredmedia":[{"embeddable":true,"href":"https:\/\/www.hediyepazar.com\/index.php?rest_route=\/wp\/v2\/media\/82897"}],"wp:attachment":[{"href":"https:\/\/www.hediyepazar.com\/index.php?rest_route=%2Fwp%2Fv2%2Fmedia&parent=82898"}],"wp:term":[{"taxonomy":"product_brand","embeddable":true,"href":"https:\/\/www.hediyepazar.com\/index.php?rest_route=%2Fwp%2Fv2%2Fproduct_brand&post=82898"},{"taxonomy":"product_cat","embeddable":true,"href":"https:\/\/www.hediyepazar.com\/index.php?rest_route=%2Fwp%2Fv2%2Fproduct_cat&post=82898"},{"taxonomy":"product_tag","embeddable":true,"href":"https:\/\/www.hediyepazar.com\/index.php?rest_route=%2Fwp%2Fv2%2Fproduct_tag&post=82898"}],"curies":[{"name":"wp","href":"https:\/\/api.w.org\/{rel}","templated":true}]}}