{"id":82916,"date":"2026-04-30T06:34:05","date_gmt":"2026-04-30T09:34:05","guid":{"rendered":"https:\/\/www.hediyepazar.com\/?product=milk-tea-anne-sutu-bitki-cayi-200-gr"},"modified":"2026-04-30T06:34:05","modified_gmt":"2026-04-30T09:34:05","slug":"milk-tea-anne-sutu-bitki-cayi-200-gr","status":"publish","type":"product","link":"https:\/\/www.hediyepazar.com\/?product=milk-tea-anne-sutu-bitki-cayi-200-gr","title":{"rendered":"Milk Tea Anne S\u00fct\u00fc Bitki \u00c7ay\u0131 200 Gr"},"content":{"rendered":"<table style=\"border-collapse:collapse; width:203pt; border:none\" width=\"271\">\n<colgroup>\n<col style=\"width:203pt\" width=\"271\" \/>\n\t<\/colgroup>\n<tbody>\n<tr height=\"20\" style=\"height:15.0pt\">\n<td class=\"xl65\" height=\"20\" style=\"border:none; height:15.0pt; width:203pt; white-space:nowrap; padding-top:1px; padding-right:1px; padding-left:1px; vertical-align:bottom\" width=\"271\"><span style=\"font-size:18px;\"><span style=\"color:black\"><span style=\"font-weight:400\"><span style=\"font-style:normal\"><span style=\"text-decoration:none\"><span style=\"font-family:Calibri,sans-serif\">Ziya Dede Milk Tea Anne S&uuml;t&uuml; Bitki &Ccedil;ay\u0131 200 Gr<br \/>\n\t\t\t\u0130&ccedil;eri\u011fi : Kimyon, Rezene, Anason, Is\u0131rgan Otu, Tar&ccedil;\u0131n, Zerde&ccedil;al,<br \/>\n\t\t\tZencefil, Havl\u0131can, Karanfil, Yenibahar, Pancar \u015eekeri, Su<br \/>\n\t\t\tNot: &Uuml;r&uuml;n k&uuml;p \u015feklindedir.<br \/>\n\t\t\tKullan\u0131m \u015eekli: Kaynam\u0131\u015f bir fincan su i&ccedil;eri\u011fine 2-3 k&uuml;p at\u0131n\u0131z. Kar\u0131\u015ft\u0131rarak i&ccedil;iniz.<\/span><\/span><\/span><\/span><\/span><\/span><\/td>\n<\/tr>\n<\/tbody>\n<\/table>\n","protected":false},"excerpt":{"rendered":"<p>Milk Tea Anne S\u00fct\u00fc Bitki \u00c7ay\u0131 200 Gr<\/p>\n","protected":false},"featured_media":82915,"comment_status":"open","ping_status":"closed","template":"","meta":{"_kad_post_transparent":"","_kad_post_title":"","_kad_post_layout":"","_kad_post_sidebar_id":"","_kad_post_content_style":"","_kad_post_vertical_padding":"","_kad_post_feature":"","_kad_post_feature_position":"","_kad_post_header":false,"_kad_post_footer":false,"_kad_post_classname":""},"product_brand":[],"product_cat":[627,625,692],"product_tag":[],"class_list":{"0":"post-82916","1":"product","2":"type-product","3":"status-publish","4":"has-post-thumbnail","6":"product_cat-bitki-cayi","7":"product_cat-bitkisel-organik","8":"product_cat-diger-bitki-caylari","10":"first","11":"instock","12":"shipping-taxable","13":"purchasable","14":"product-type-simple","15":"entry","16":"content-bg","17":"loop-entry"},"_links":{"self":[{"href":"https:\/\/www.hediyepazar.com\/index.php?rest_route=\/wp\/v2\/product\/82916","targetHints":{"allow":["GET"]}}],"collection":[{"href":"https:\/\/www.hediyepazar.com\/index.php?rest_route=\/wp\/v2\/product"}],"about":[{"href":"https:\/\/www.hediyepazar.com\/index.php?rest_route=\/wp\/v2\/types\/product"}],"replies":[{"embeddable":true,"href":"https:\/\/www.hediyepazar.com\/index.php?rest_route=%2Fwp%2Fv2%2Fcomments&post=82916"}],"wp:featuredmedia":[{"embeddable":true,"href":"https:\/\/www.hediyepazar.com\/index.php?rest_route=\/wp\/v2\/media\/82915"}],"wp:attachment":[{"href":"https:\/\/www.hediyepazar.com\/index.php?rest_route=%2Fwp%2Fv2%2Fmedia&parent=82916"}],"wp:term":[{"taxonomy":"product_brand","embeddable":true,"href":"https:\/\/www.hediyepazar.com\/index.php?rest_route=%2Fwp%2Fv2%2Fproduct_brand&post=82916"},{"taxonomy":"product_cat","embeddable":true,"href":"https:\/\/www.hediyepazar.com\/index.php?rest_route=%2Fwp%2Fv2%2Fproduct_cat&post=82916"},{"taxonomy":"product_tag","embeddable":true,"href":"https:\/\/www.hediyepazar.com\/index.php?rest_route=%2Fwp%2Fv2%2Fproduct_tag&post=82916"}],"curies":[{"name":"wp","href":"https:\/\/api.w.org\/{rel}","templated":true}]}}