{"id":82956,"date":"2026-04-30T06:36:35","date_gmt":"2026-04-30T09:36:35","guid":{"rendered":"https:\/\/www.hediyepazar.com\/?product=cam-bebek-rendesi-ve-narenciye-sikacagi-2-li-set"},"modified":"2026-04-30T06:36:35","modified_gmt":"2026-04-30T09:36:35","slug":"cam-bebek-rendesi-ve-narenciye-sikacagi-2-li-set","status":"publish","type":"product","link":"https:\/\/www.hediyepazar.com\/?product=cam-bebek-rendesi-ve-narenciye-sikacagi-2-li-set","title":{"rendered":"Cam Bebek Rendesi ve Narenciye S\u0131kaca\u011f\u0131 2 Li Set"},"content":{"rendered":"<p>Cam Elma ve Sebze Rendesi Bebekler \u0130&ccedil;in Yemek Haz\u0131rlama&nbsp;<br \/>\n4 ay ve &uuml;zeri bebeklerinizde ek g\u0131da zaman\u0131nda aliminyum rendelere nazaran &ccedil;ok daha sa\u011fl\u0131kl\u0131 ve tehlikesiz olan<br \/>\ncam rende. Bebekleriniz i&ccedil;in sebze , meyve p&uuml;releri haz\u0131rlaman\u0131zda en iyi yard\u0131mc\u0131n\u0131z olacakt\u0131r.<br \/>\nMeyve yada sebezeleri ister buharda pi\u015firerek yada &ccedil;i\u011f \u015fekilde rahatl\u0131kla p&uuml;re haline getirip ek g\u0131da bebek mamas\u0131 yapabilirsiniz<\/p>\n<p>Cam Limon ve Narenciye S\u0131kaca\u011f\u0131&nbsp;<\/p>\n<p>Limon ve narenciyelleriniz i&ccedil;in estetik g&ouml;r&uuml;n&uuml;m&uuml; ile cam s\u0131kcaklar mutfa\u011f\u0131n\u0131zda dekoratif bir hava yarat\u0131r.<br \/>\nPortakal , mandalina , nar gibi yiyecekleride s\u0131kmak i&ccedil;in kullanabilirsiniz. cam olu\u015fundan dolay\u0131 daha sa\u011fl\u0131kl\u0131d\u0131r.<br \/>\ncam portakal s\u0131kaca\u011f\u0131 olarakta kullanabilirsiniz.<\/p>\n","protected":false},"excerpt":{"rendered":"<p>Cam Bebek Rendesi ve Narenciye S\u0131kaca\u011f\u0131 2 Li Set<\/p>\n","protected":false},"featured_media":82955,"comment_status":"open","ping_status":"closed","template":"","meta":{"_kad_post_transparent":"","_kad_post_title":"","_kad_post_layout":"","_kad_post_sidebar_id":"","_kad_post_content_style":"","_kad_post_vertical_padding":"","_kad_post_feature":"","_kad_post_feature_position":"","_kad_post_header":false,"_kad_post_footer":false,"_kad_post_classname":""},"product_brand":[],"product_cat":[557,558,560],"product_tag":[],"class_list":{"0":"post-82956","1":"product","2":"type-product","3":"status-publish","4":"has-post-thumbnail","6":"product_cat-ev-yasam","7":"product_cat-sofra-mutfak-2","8":"product_cat-yemek-hazirlik","10":"first","11":"instock","12":"shipping-taxable","13":"purchasable","14":"product-type-simple","15":"entry","16":"content-bg","17":"loop-entry"},"_links":{"self":[{"href":"https:\/\/www.hediyepazar.com\/index.php?rest_route=\/wp\/v2\/product\/82956","targetHints":{"allow":["GET"]}}],"collection":[{"href":"https:\/\/www.hediyepazar.com\/index.php?rest_route=\/wp\/v2\/product"}],"about":[{"href":"https:\/\/www.hediyepazar.com\/index.php?rest_route=\/wp\/v2\/types\/product"}],"replies":[{"embeddable":true,"href":"https:\/\/www.hediyepazar.com\/index.php?rest_route=%2Fwp%2Fv2%2Fcomments&post=82956"}],"wp:featuredmedia":[{"embeddable":true,"href":"https:\/\/www.hediyepazar.com\/index.php?rest_route=\/wp\/v2\/media\/82955"}],"wp:attachment":[{"href":"https:\/\/www.hediyepazar.com\/index.php?rest_route=%2Fwp%2Fv2%2Fmedia&parent=82956"}],"wp:term":[{"taxonomy":"product_brand","embeddable":true,"href":"https:\/\/www.hediyepazar.com\/index.php?rest_route=%2Fwp%2Fv2%2Fproduct_brand&post=82956"},{"taxonomy":"product_cat","embeddable":true,"href":"https:\/\/www.hediyepazar.com\/index.php?rest_route=%2Fwp%2Fv2%2Fproduct_cat&post=82956"},{"taxonomy":"product_tag","embeddable":true,"href":"https:\/\/www.hediyepazar.com\/index.php?rest_route=%2Fwp%2Fv2%2Fproduct_tag&post=82956"}],"curies":[{"name":"wp","href":"https:\/\/api.w.org\/{rel}","templated":true}]}}