{"id":82970,"date":"2026-04-30T06:37:12","date_gmt":"2026-04-30T09:37:12","guid":{"rendered":"https:\/\/www.hediyepazar.com\/?product=dolly-pratik-hava-nemlendirici-kalorifer-sulugu"},"modified":"2026-04-30T06:37:12","modified_gmt":"2026-04-30T09:37:12","slug":"dolly-pratik-hava-nemlendirici-kalorifer-sulugu","status":"publish","type":"product","link":"https:\/\/www.hediyepazar.com\/?product=dolly-pratik-hava-nemlendirici-kalorifer-sulugu","title":{"rendered":"Dolly Pratik Hava Nemlendirici Kalorifer Sulu\u011fu"},"content":{"rendered":"<table style=\"border-collapse:collapse; width:269pt; border:none\" width=\"359\">\n<colgroup>\n<col style=\"width:269pt\" width=\"359\" \/>\n\t<\/colgroup>\n<tbody>\n<tr height=\"19\" style=\"height:14.4pt\">\n<td height=\"19\" style=\"border:none; height:14.4pt; width:269pt; padding-top:1px; padding-right:1px; padding-left:1px; vertical-align:bottom; white-space:nowrap\" width=\"359\"><span style=\"font-size:11pt\"><span style=\"color:black\"><span style=\"font-weight:400\"><span style=\"font-style:normal\"><span style=\"text-decoration:none\"><span style=\"font-family:Calibri,sans-serif\">Dolly Pratik Hava Nemlendirici Kalorifer Sulu\u011fu<br \/>\n\t\t\tK\u0131\u015f aylar\u0131nda kaloriferlerin havay\u0131 kurutmas\u0131 ba\u015f a\u011fr\u0131lar\u0131na,<br \/>\n\t\t\tvar olan hastal\u0131klar\u0131n kronikle\u015fmesine, &ccedil;ocuklarda beyin uyu\u015fmas\u0131na,<br \/>\n\t\t\tnefes yollar\u0131n\u0131n tahri\u015f olmas\u0131na, &ouml;ks&uuml;r&uuml;\u011fe, ast\u0131m ve sin&uuml;zit belirtilerinin<br \/>\n\t\t\tartmas\u0131na sebep olur.<br \/>\n\t\t\tPratik olarak kalorifer peteklerine asaca\u011f\u0131n\u0131z kalorifer suluklar\u0131<br \/>\n\t\t\thavay\u0131 nemlendirmenize yard\u0131mc\u0131 olur.&Uuml;r&uuml;n<br \/>\n\t\t\tA&ccedil;\u0131klamas\u0131:Sabah kalkt\u0131\u011f\u0131n\u0131zda burnunuz ve nefes yollar\u0131n\u0131z\u0131n t\u0131kal\u0131 oldu\u011funu hissediyorsan\u0131z,<br \/>\n\t\t\tUykuda s&uuml;rekli a\u011fz\u0131n\u0131z kuruyorsa,Sabahlar\u0131 ba\u015f a\u011fr\u0131s\u0131 ile uyan\u0131yorsan\u0131z,<br \/>\n\t\t\tKaloriferlerin &ccedil;al\u0131\u015ft\u0131\u011f\u0131 k\u0131\u015f aylar\u0131nda horlamalar\u0131n\u0131z artt\u0131ysa,<br \/>\n\t\t\tB&uuml;y&uuml;k ihtimalle kaloriferlerinizin kuruttu\u011fu havan\u0131n etkisinde kal\u0131yorsunuz.<br \/>\n\t\t\tBu kalorifer suluklar\u0131 ile odan\u0131zdaki nemi do\u011fal hava nemi seviyesine &ccedil;ekebilirsiniz.<br \/>\n\t\t\tPaket \u0130&ccedil;eri\u011fi: 1 Adet<\/span><\/span><\/span><\/span><\/span><\/span><\/td>\n<\/tr>\n<\/tbody>\n<\/table>\n","protected":false},"excerpt":{"rendered":"<p>Dolly Pratik Hava Nemlendirici Kalorifer Sulu\u011fu<\/p>\n","protected":false},"featured_media":82969,"comment_status":"open","ping_status":"closed","template":"","meta":{"_kad_post_transparent":"","_kad_post_title":"","_kad_post_layout":"","_kad_post_sidebar_id":"","_kad_post_content_style":"","_kad_post_vertical_padding":"","_kad_post_feature":"","_kad_post_feature_position":"","_kad_post_header":false,"_kad_post_footer":false,"_kad_post_classname":""},"product_brand":[],"product_cat":[557,603,666],"product_tag":[],"class_list":{"0":"post-82970","1":"product","2":"type-product","3":"status-publish","4":"has-post-thumbnail","6":"product_cat-ev-yasam","7":"product_cat-ev-gerecleri","8":"product_cat-pratik-ev-esyalari","10":"first","11":"instock","12":"shipping-taxable","13":"purchasable","14":"product-type-simple","15":"entry","16":"content-bg","17":"loop-entry"},"_links":{"self":[{"href":"https:\/\/www.hediyepazar.com\/index.php?rest_route=\/wp\/v2\/product\/82970","targetHints":{"allow":["GET"]}}],"collection":[{"href":"https:\/\/www.hediyepazar.com\/index.php?rest_route=\/wp\/v2\/product"}],"about":[{"href":"https:\/\/www.hediyepazar.com\/index.php?rest_route=\/wp\/v2\/types\/product"}],"replies":[{"embeddable":true,"href":"https:\/\/www.hediyepazar.com\/index.php?rest_route=%2Fwp%2Fv2%2Fcomments&post=82970"}],"wp:featuredmedia":[{"embeddable":true,"href":"https:\/\/www.hediyepazar.com\/index.php?rest_route=\/wp\/v2\/media\/82969"}],"wp:attachment":[{"href":"https:\/\/www.hediyepazar.com\/index.php?rest_route=%2Fwp%2Fv2%2Fmedia&parent=82970"}],"wp:term":[{"taxonomy":"product_brand","embeddable":true,"href":"https:\/\/www.hediyepazar.com\/index.php?rest_route=%2Fwp%2Fv2%2Fproduct_brand&post=82970"},{"taxonomy":"product_cat","embeddable":true,"href":"https:\/\/www.hediyepazar.com\/index.php?rest_route=%2Fwp%2Fv2%2Fproduct_cat&post=82970"},{"taxonomy":"product_tag","embeddable":true,"href":"https:\/\/www.hediyepazar.com\/index.php?rest_route=%2Fwp%2Fv2%2Fproduct_tag&post=82970"}],"curies":[{"name":"wp","href":"https:\/\/api.w.org\/{rel}","templated":true}]}}