{"id":82974,"date":"2026-04-30T06:37:21","date_gmt":"2026-04-30T09:37:21","guid":{"rendered":"https:\/\/www.hediyepazar.com\/?product=6li-plastik-bardak-seti-piknik-bardagi-seti"},"modified":"2026-04-30T06:37:21","modified_gmt":"2026-04-30T09:37:21","slug":"6li-plastik-bardak-seti-piknik-bardagi-seti","status":"publish","type":"product","link":"https:\/\/www.hediyepazar.com\/?product=6li-plastik-bardak-seti-piknik-bardagi-seti","title":{"rendered":"6&#8217;l\u0131 Plastik Bardak Seti &#8211; Piknik Barda\u011f\u0131 Seti"},"content":{"rendered":"<table style=\"border-collapse:collapse; width:269pt; border:none\" width=\"359\">\n<colgroup>\n<col style=\"width:269pt\" width=\"359\" \/>\n\t<\/colgroup>\n<tbody>\n<tr height=\"19\" style=\"height:14.4pt\">\n<td height=\"19\" style=\"border:none; height:14.4pt; width:269pt; padding-top:1px; padding-right:1px; padding-left:1px; vertical-align:bottom; white-space:nowrap\" width=\"359\"><span style=\"font-size:11pt\"><span style=\"color:black\"><span style=\"font-weight:400\"><span style=\"font-style:normal\"><span style=\"text-decoration:none\"><span style=\"font-family:Calibri,sans-serif\">Sa\u011fl\u0131\u011fa zarar\u0131 olmayan plasik malzemeden &uuml;retilmi\u015ftir.<br \/>\n\t\t\tDayan\u0131kl\u0131 yap\u0131s\u0131 sayesinde piknik, seyahat ve outdoor kullan\u0131m\u0131na uygunudur.<br \/>\n\t\t\tPaket \u0130&ccedil;eri\u011fi : 1 Adet 6&#39;l\u0131 Plastik Bartak Seti &#8211; Piknik Barda\u011f\u0131 Seti<\/span><\/span><\/span><\/span><\/span><\/span><\/td>\n<\/tr>\n<\/tbody>\n<\/table>\n","protected":false},"excerpt":{"rendered":"<p>6&#8217;l\u0131 Plastik Bardak Seti &#8211; Piknik Barda\u011f\u0131 Seti<\/p>\n","protected":false},"featured_media":82973,"comment_status":"open","ping_status":"closed","template":"","meta":{"_kad_post_transparent":"","_kad_post_title":"","_kad_post_layout":"","_kad_post_sidebar_id":"","_kad_post_content_style":"","_kad_post_vertical_padding":"","_kad_post_feature":"","_kad_post_feature_position":"","_kad_post_header":false,"_kad_post_footer":false,"_kad_post_classname":""},"product_brand":[],"product_cat":[638,557,639],"product_tag":[],"class_list":{"0":"post-82974","1":"product","2":"type-product","3":"status-publish","4":"has-post-thumbnail","6":"product_cat-bahce","7":"product_cat-ev-yasam","8":"product_cat-mangal-ve-barbeku","10":"first","11":"instock","12":"shipping-taxable","13":"purchasable","14":"product-type-simple","15":"entry","16":"content-bg","17":"loop-entry"},"_links":{"self":[{"href":"https:\/\/www.hediyepazar.com\/index.php?rest_route=\/wp\/v2\/product\/82974","targetHints":{"allow":["GET"]}}],"collection":[{"href":"https:\/\/www.hediyepazar.com\/index.php?rest_route=\/wp\/v2\/product"}],"about":[{"href":"https:\/\/www.hediyepazar.com\/index.php?rest_route=\/wp\/v2\/types\/product"}],"replies":[{"embeddable":true,"href":"https:\/\/www.hediyepazar.com\/index.php?rest_route=%2Fwp%2Fv2%2Fcomments&post=82974"}],"wp:featuredmedia":[{"embeddable":true,"href":"https:\/\/www.hediyepazar.com\/index.php?rest_route=\/wp\/v2\/media\/82973"}],"wp:attachment":[{"href":"https:\/\/www.hediyepazar.com\/index.php?rest_route=%2Fwp%2Fv2%2Fmedia&parent=82974"}],"wp:term":[{"taxonomy":"product_brand","embeddable":true,"href":"https:\/\/www.hediyepazar.com\/index.php?rest_route=%2Fwp%2Fv2%2Fproduct_brand&post=82974"},{"taxonomy":"product_cat","embeddable":true,"href":"https:\/\/www.hediyepazar.com\/index.php?rest_route=%2Fwp%2Fv2%2Fproduct_cat&post=82974"},{"taxonomy":"product_tag","embeddable":true,"href":"https:\/\/www.hediyepazar.com\/index.php?rest_route=%2Fwp%2Fv2%2Fproduct_tag&post=82974"}],"curies":[{"name":"wp","href":"https:\/\/api.w.org\/{rel}","templated":true}]}}