{"id":82992,"date":"2026-04-30T06:38:18","date_gmt":"2026-04-30T09:38:18","guid":{"rendered":"https:\/\/www.hediyepazar.com\/?product=combo-canta-ici-makyaj-kutusu-organizer-l-531"},"modified":"2026-04-30T06:38:18","modified_gmt":"2026-04-30T09:38:18","slug":"combo-canta-ici-makyaj-kutusu-organizer-l-531","status":"publish","type":"product","link":"https:\/\/www.hediyepazar.com\/?product=combo-canta-ici-makyaj-kutusu-organizer-l-531","title":{"rendered":"Combo \u00c7anta I\u00e7i Makyaj Kutusu Organizer L-531"},"content":{"rendered":"<table style=\"border-collapse:collapse; width:269pt; border:none\" width=\"359\">\n<colgroup>\n<col style=\"width:269pt\" width=\"359\" \/>\n\t<\/colgroup>\n<tbody>\n<tr height=\"19\" style=\"height:14.4pt\">\n<td height=\"19\" style=\"border:none; height:14.4pt; width:269pt; padding-top:1px; padding-right:1px; padding-left:1px; vertical-align:bottom; white-space:nowrap\" width=\"359\"><span style=\"font-size:11pt\"><span style=\"color:black\"><span style=\"font-weight:400\"><span style=\"font-style:normal\"><span style=\"text-decoration:none\"><span style=\"font-family:Calibri,sans-serif\">Combo &Ccedil;anta \u0130&ccedil;i Makyaj Kutusu Makyaj &uuml;r&uuml;nlerinizi &ccedil;antan\u0131zda da\u011f\u0131n\u0131k halde ta\u015f\u0131man\u0131za gerek yok.<br \/>\n\t\t\t&Ccedil;anta i&ccedil;ine rahat&ccedil;a s\u0131\u011fabilecek boyutta kilitli ba\u015fl\u0131kl\u0131 makyaj kutusu &ccedil;ok i\u015finize yarayacak.<br \/>\n\t\t\tRuj, f\u0131r&ccedil;a, all\u0131k, t&ouml;rp&uuml; vs.<br \/>\n\t\t\tgibi bir&ccedil;ok &uuml;r&uuml;n&uuml; bu kutuya yerle\u015ftirebilirsiniz.<br \/>\n\t\t\t&Ouml;zellikle o g&uuml;n hangi malzemeleri kullanmak istiyorsan\u0131z onlar\u0131 kolayl\u0131kla bu kutuya at\u0131p yan\u0131n\u0131za alabilirsiniz.<br \/>\n\t\t\t&Ccedil;anta de\u011fi\u015ftirirken de tek tek t&uuml;m malzemeleri ta\u015f\u0131mak yerine direk bu kutuyu di\u011fer &ccedil;antan\u0131za ta\u015f\u0131man\u0131z yeterli<br \/>\n\t\t\t19,5 X 4,5 cm X 4,5 cm<br \/>\n\t\t\tPaket \u0130&ccedil;eri\u011fi : 1 Adet<\/span><\/span><\/span><\/span><\/span><\/span><\/td>\n<\/tr>\n<\/tbody>\n<\/table>\n","protected":false},"excerpt":{"rendered":"<p>Combo \u00c7anta I\u00e7i Makyaj Kutusu Organizer L-531<\/p>\n","protected":false},"featured_media":82991,"comment_status":"open","ping_status":"closed","template":"","meta":{"_kad_post_transparent":"","_kad_post_title":"","_kad_post_layout":"","_kad_post_sidebar_id":"","_kad_post_content_style":"","_kad_post_vertical_padding":"","_kad_post_feature":"","_kad_post_feature_position":"","_kad_post_header":false,"_kad_post_footer":false,"_kad_post_classname":""},"product_brand":[],"product_cat":[452,565,606],"product_tag":[],"class_list":{"0":"post-82992","1":"product","2":"type-product","3":"status-publish","4":"has-post-thumbnail","6":"product_cat-kozmetik","7":"product_cat-makyaj","8":"product_cat-makyaj-organizeri","10":"first","11":"instock","12":"shipping-taxable","13":"purchasable","14":"product-type-simple","15":"entry","16":"content-bg","17":"loop-entry"},"_links":{"self":[{"href":"https:\/\/www.hediyepazar.com\/index.php?rest_route=\/wp\/v2\/product\/82992","targetHints":{"allow":["GET"]}}],"collection":[{"href":"https:\/\/www.hediyepazar.com\/index.php?rest_route=\/wp\/v2\/product"}],"about":[{"href":"https:\/\/www.hediyepazar.com\/index.php?rest_route=\/wp\/v2\/types\/product"}],"replies":[{"embeddable":true,"href":"https:\/\/www.hediyepazar.com\/index.php?rest_route=%2Fwp%2Fv2%2Fcomments&post=82992"}],"wp:featuredmedia":[{"embeddable":true,"href":"https:\/\/www.hediyepazar.com\/index.php?rest_route=\/wp\/v2\/media\/82991"}],"wp:attachment":[{"href":"https:\/\/www.hediyepazar.com\/index.php?rest_route=%2Fwp%2Fv2%2Fmedia&parent=82992"}],"wp:term":[{"taxonomy":"product_brand","embeddable":true,"href":"https:\/\/www.hediyepazar.com\/index.php?rest_route=%2Fwp%2Fv2%2Fproduct_brand&post=82992"},{"taxonomy":"product_cat","embeddable":true,"href":"https:\/\/www.hediyepazar.com\/index.php?rest_route=%2Fwp%2Fv2%2Fproduct_cat&post=82992"},{"taxonomy":"product_tag","embeddable":true,"href":"https:\/\/www.hediyepazar.com\/index.php?rest_route=%2Fwp%2Fv2%2Fproduct_tag&post=82992"}],"curies":[{"name":"wp","href":"https:\/\/api.w.org\/{rel}","templated":true}]}}