{"id":83002,"date":"2026-04-30T06:38:50","date_gmt":"2026-04-30T09:38:50","guid":{"rendered":"https:\/\/www.hediyepazar.com\/?product=bas-parmak-dondurma-kasigi-g131"},"modified":"2026-04-30T06:38:50","modified_gmt":"2026-04-30T09:38:50","slug":"bas-parmak-dondurma-kasigi-g131","status":"publish","type":"product","link":"https:\/\/www.hediyepazar.com\/?product=bas-parmak-dondurma-kasigi-g131","title":{"rendered":"Ba\u015f Parmak Dondurma Ka\u015f\u0131\u011f\u0131 G131"},"content":{"rendered":"<table style=\"border-collapse:collapse; width:269pt; border:none\" width=\"359\">\n<colgroup>\n<col style=\"width:269pt\" width=\"359\" \/>\n\t<\/colgroup>\n<tbody>\n<tr height=\"19\" style=\"height:14.4pt\">\n<td height=\"19\" style=\"border:none; height:14.4pt; width:269pt; padding-top:1px; padding-right:1px; padding-left:1px; vertical-align:bottom; white-space:nowrap\" width=\"359\"><span style=\"font-size:11pt\"><span style=\"color:black\"><span style=\"font-weight:400\"><span style=\"font-style:normal\"><span style=\"text-decoration:none\"><span style=\"font-family:Calibri,sans-serif\">Ba\u015f parmak dondurma ka\u015f\u0131\u011f\u0131 2 adet, dondurma ka\u015f\u0131\u011f\u0131<br \/>\n\t\t\tba\u015f-Parmak g131 Gondol bas-Parmak dondurma ka\u015f\u0131\u011f\u0131<br \/>\n\t\t\tDondurma yap\u0131\u015fmaz, Sa\u011flamd\u0131r ve k\u0131r\u0131lmaya kar\u015f\u0131 dayan\u0131kl\u0131d\u0131r.<br \/>\n\t\t\tba\u015f parma\u011f\u0131n\u0131zla silikon k\u0131sma bask\u0131 yaparak dondurmay\u0131 kaseye koyman\u0131za yard\u0131mc\u0131 olur..<br \/>\n\t\t\tPaket i&ccedil;eri\u011fi: 1 adet &Uuml;r&uuml;n&uuml;n boyutu: 19 cm x 6 cm &ccedil;ap\u0131<\/span><\/span><\/span><\/span><\/span><\/span><\/td>\n<\/tr>\n<\/tbody>\n<\/table>\n","protected":false},"excerpt":{"rendered":"<p>Ba\u015f Parmak Dondurma Ka\u015f\u0131\u011f\u0131 G131<\/p>\n","protected":false},"featured_media":83001,"comment_status":"open","ping_status":"closed","template":"","meta":{"_kad_post_transparent":"","_kad_post_title":"","_kad_post_layout":"","_kad_post_sidebar_id":"","_kad_post_content_style":"","_kad_post_vertical_padding":"","_kad_post_feature":"","_kad_post_feature_position":"","_kad_post_header":false,"_kad_post_footer":false,"_kad_post_classname":""},"product_brand":[],"product_cat":[557,559,558],"product_tag":[],"class_list":{"0":"post-83002","1":"product","2":"type-product","3":"status-publish","4":"has-post-thumbnail","6":"product_cat-ev-yasam","7":"product_cat-sofra","8":"product_cat-sofra-mutfak-2","10":"first","11":"instock","12":"shipping-taxable","13":"purchasable","14":"product-type-simple","15":"entry","16":"content-bg","17":"loop-entry"},"_links":{"self":[{"href":"https:\/\/www.hediyepazar.com\/index.php?rest_route=\/wp\/v2\/product\/83002","targetHints":{"allow":["GET"]}}],"collection":[{"href":"https:\/\/www.hediyepazar.com\/index.php?rest_route=\/wp\/v2\/product"}],"about":[{"href":"https:\/\/www.hediyepazar.com\/index.php?rest_route=\/wp\/v2\/types\/product"}],"replies":[{"embeddable":true,"href":"https:\/\/www.hediyepazar.com\/index.php?rest_route=%2Fwp%2Fv2%2Fcomments&post=83002"}],"wp:featuredmedia":[{"embeddable":true,"href":"https:\/\/www.hediyepazar.com\/index.php?rest_route=\/wp\/v2\/media\/83001"}],"wp:attachment":[{"href":"https:\/\/www.hediyepazar.com\/index.php?rest_route=%2Fwp%2Fv2%2Fmedia&parent=83002"}],"wp:term":[{"taxonomy":"product_brand","embeddable":true,"href":"https:\/\/www.hediyepazar.com\/index.php?rest_route=%2Fwp%2Fv2%2Fproduct_brand&post=83002"},{"taxonomy":"product_cat","embeddable":true,"href":"https:\/\/www.hediyepazar.com\/index.php?rest_route=%2Fwp%2Fv2%2Fproduct_cat&post=83002"},{"taxonomy":"product_tag","embeddable":true,"href":"https:\/\/www.hediyepazar.com\/index.php?rest_route=%2Fwp%2Fv2%2Fproduct_tag&post=83002"}],"curies":[{"name":"wp","href":"https:\/\/api.w.org\/{rel}","templated":true}]}}