{"id":83047,"date":"2026-04-30T06:41:18","date_gmt":"2026-04-30T09:41:18","guid":{"rendered":"https:\/\/www.hediyepazar.com\/?product=susam-yagi-50-ml-2"},"modified":"2026-04-30T06:41:18","modified_gmt":"2026-04-30T09:41:18","slug":"susam-yagi-50-ml-2","status":"publish","type":"product","link":"https:\/\/www.hediyepazar.com\/?product=susam-yagi-50-ml-2","title":{"rendered":"Susam Ya\u011f\u0131 50 Ml."},"content":{"rendered":"<table style=\"border-collapse:collapse; width:221pt; border:none\" width=\"294\">\n<colgroup>\n<col style=\"width:221pt\" width=\"294\" \/>\n\t<\/colgroup>\n<tbody>\n<tr height=\"24\" style=\"height:18.0pt\">\n<td class=\"xl65\" height=\"24\" style=\"border:none; height:18.0pt; width:221pt; vertical-align:middle; padding-top:1px; padding-right:1px; padding-left:1px; white-space:nowrap\" width=\"294\"><span style=\"font-size:11pt\"><span style=\"color:black\"><span style=\"font-weight:400\"><span style=\"font-style:normal\"><span style=\"text-decoration:none\"><span style=\"font-family:Calibri,sans-serif\">Susam Ya\u011f\u0131 50 Ml.<br \/>\n\t\t\t\u0130&ccedil;indekiler<\/p>\n<p>\t\t\tSo\u011fuk pres y&ouml;ntemiyle elde edilmi\u015ftir. %100 Susam (sabit) ya\u011f\u0131d\u0131r.<\/p>\n<p>\t\t\tKullan\u0131m Talimat\u0131<\/p>\n<p>\t\t\tHer g&uuml;n 1 tatl\u0131 ka\u015f\u0131\u011f\u0131 i&ccedil;ilmesi tavsiye edilir.<\/p>\n<p>\t\t\tUyar\u0131lar<\/p>\n<p>\t\t\tSerin yerde, a\u011fz\u0131 kapal\u0131 olarak muhafaza ediniz.<br \/>\n\t\t\tG&ouml;z ile temas\u0131ndan ka&ccedil;\u0131n\u0131n\u0131z. I\u015f\u0131ktan koruyunuz.<\/span><\/span><\/span><\/span><\/span><\/span><\/td>\n<\/tr>\n<\/tbody>\n<\/table>\n","protected":false},"excerpt":{"rendered":"<p>Susam Ya\u011f\u0131 50 Ml.<\/p>\n","protected":false},"featured_media":83046,"comment_status":"open","ping_status":"closed","template":"","meta":{"_kad_post_transparent":"","_kad_post_title":"","_kad_post_layout":"","_kad_post_sidebar_id":"","_kad_post_content_style":"","_kad_post_vertical_padding":"","_kad_post_feature":"","_kad_post_feature_position":"","_kad_post_header":false,"_kad_post_footer":false,"_kad_post_classname":""},"product_brand":[],"product_cat":[626,625],"product_tag":[],"class_list":{"0":"post-83047","1":"product","2":"type-product","3":"status-publish","4":"has-post-thumbnail","6":"product_cat-bakim-yaglari","7":"product_cat-bitkisel-organik","9":"first","10":"instock","11":"shipping-taxable","12":"purchasable","13":"product-type-simple","14":"entry","15":"content-bg","16":"loop-entry"},"_links":{"self":[{"href":"https:\/\/www.hediyepazar.com\/index.php?rest_route=\/wp\/v2\/product\/83047","targetHints":{"allow":["GET"]}}],"collection":[{"href":"https:\/\/www.hediyepazar.com\/index.php?rest_route=\/wp\/v2\/product"}],"about":[{"href":"https:\/\/www.hediyepazar.com\/index.php?rest_route=\/wp\/v2\/types\/product"}],"replies":[{"embeddable":true,"href":"https:\/\/www.hediyepazar.com\/index.php?rest_route=%2Fwp%2Fv2%2Fcomments&post=83047"}],"wp:featuredmedia":[{"embeddable":true,"href":"https:\/\/www.hediyepazar.com\/index.php?rest_route=\/wp\/v2\/media\/83046"}],"wp:attachment":[{"href":"https:\/\/www.hediyepazar.com\/index.php?rest_route=%2Fwp%2Fv2%2Fmedia&parent=83047"}],"wp:term":[{"taxonomy":"product_brand","embeddable":true,"href":"https:\/\/www.hediyepazar.com\/index.php?rest_route=%2Fwp%2Fv2%2Fproduct_brand&post=83047"},{"taxonomy":"product_cat","embeddable":true,"href":"https:\/\/www.hediyepazar.com\/index.php?rest_route=%2Fwp%2Fv2%2Fproduct_cat&post=83047"},{"taxonomy":"product_tag","embeddable":true,"href":"https:\/\/www.hediyepazar.com\/index.php?rest_route=%2Fwp%2Fv2%2Fproduct_tag&post=83047"}],"curies":[{"name":"wp","href":"https:\/\/api.w.org\/{rel}","templated":true}]}}