{"id":83053,"date":"2026-04-30T06:41:40","date_gmt":"2026-04-30T09:41:40","guid":{"rendered":"https:\/\/www.hediyepazar.com\/?product=at-kestanesi-balsami-500-ml"},"modified":"2026-04-30T06:41:40","modified_gmt":"2026-04-30T09:41:40","slug":"at-kestanesi-balsami-500-ml","status":"publish","type":"product","link":"https:\/\/www.hediyepazar.com\/?product=at-kestanesi-balsami-500-ml","title":{"rendered":"At Kestanesi Balsam\u0131 500 Ml."},"content":{"rendered":"<table style=\"border-collapse:collapse; width:221pt; border:none\" width=\"294\">\n<colgroup>\n<col style=\"width:221pt\" width=\"294\" \/>\n\t<\/colgroup>\n<tbody>\n<tr height=\"24\" style=\"height:18.0pt\">\n<td class=\"xl65\" height=\"24\" style=\"border:none; height:18.0pt; width:221pt; vertical-align:middle; padding-top:1px; padding-right:1px; padding-left:1px; white-space:nowrap\" width=\"294\"><span style=\"font-size:11pt\"><span style=\"color:black\"><span style=\"font-weight:400\"><span style=\"font-style:normal\"><span style=\"text-decoration:none\"><span style=\"font-family:Calibri,sans-serif\">At Kestanesi Balsam\u0131 500 Ml.<br \/>\n\t\t\t\u0130&ccedil;eri\u011finde yer alan At Kestanesi &Ouml;z&uuml; ile K\u0131rm\u0131z\u0131 Ac\u0131 Biber, Karanfil, Okaliptus,<br \/>\n\t\t\tBiberiye, Karaba\u015f, &Ccedil;&ouml;rekotu, Pelesenk, Kantaron ve Kekik ya\u011flar\u0131<br \/>\n\t\t\tsayesinde v&uuml;cut bak\u0131m\u0131n\u0131za yard\u0131mc\u0131 olarak g&uuml;venle kullanabilirsiniz.<\/p>\n<p>\t\t\tKullan\u0131m\u0131<\/p>\n<p>\t\t\tArzu edilen temizlenmi\u015f ve kuru v&uuml;cut b&ouml;lgesine yeterli miktarda<br \/>\n\t\t\tAt Kestanesi Balsam\u0131n\u0131 masaj \u015feklinde uygulaman\u0131z &ouml;nerilmektedir.<\/p>\n<p>\t\t\tUyar\u0131lar<\/p>\n<p>\t\t\tSerin yerde, a\u011fz\u0131 kapal\u0131 olarak muhafaza ediniz.<br \/>\n\t\t\t&Ccedil;ocuklar\u0131n ula\u015famayaca\u011f\u0131 yerde saklay\u0131n\u0131z.<br \/>\n\t\t\tG&ouml;z ile temas\u0131ndan ka&ccedil;\u0131n\u0131n\u0131z. Temas\u0131 halinde bol su ile durulay\u0131n\u0131z.<br \/>\n\t\t\tI\u015f\u0131ktan koruyunuz. Harici kullan\u0131m i&ccedil;indir. \u0130&ccedil;indekilere bilinen bir alerjiniz mevcut ise kullanmay\u0131n\u0131z.<\/span><\/span><\/span><\/span><\/span><\/span><\/td>\n<\/tr>\n<\/tbody>\n<\/table>\n","protected":false},"excerpt":{"rendered":"<p>At Kestanesi Balsam\u0131 500 Ml.<\/p>\n","protected":false},"featured_media":83052,"comment_status":"open","ping_status":"closed","template":"","meta":{"_kad_post_transparent":"","_kad_post_title":"","_kad_post_layout":"","_kad_post_sidebar_id":"","_kad_post_content_style":"","_kad_post_vertical_padding":"","_kad_post_feature":"","_kad_post_feature_position":"","_kad_post_header":false,"_kad_post_footer":false,"_kad_post_classname":""},"product_brand":[],"product_cat":[626,625],"product_tag":[],"class_list":{"0":"post-83053","1":"product","2":"type-product","3":"status-publish","4":"has-post-thumbnail","6":"product_cat-bakim-yaglari","7":"product_cat-bitkisel-organik","9":"first","10":"instock","11":"shipping-taxable","12":"purchasable","13":"product-type-simple","14":"entry","15":"content-bg","16":"loop-entry"},"_links":{"self":[{"href":"https:\/\/www.hediyepazar.com\/index.php?rest_route=\/wp\/v2\/product\/83053","targetHints":{"allow":["GET"]}}],"collection":[{"href":"https:\/\/www.hediyepazar.com\/index.php?rest_route=\/wp\/v2\/product"}],"about":[{"href":"https:\/\/www.hediyepazar.com\/index.php?rest_route=\/wp\/v2\/types\/product"}],"replies":[{"embeddable":true,"href":"https:\/\/www.hediyepazar.com\/index.php?rest_route=%2Fwp%2Fv2%2Fcomments&post=83053"}],"wp:featuredmedia":[{"embeddable":true,"href":"https:\/\/www.hediyepazar.com\/index.php?rest_route=\/wp\/v2\/media\/83052"}],"wp:attachment":[{"href":"https:\/\/www.hediyepazar.com\/index.php?rest_route=%2Fwp%2Fv2%2Fmedia&parent=83053"}],"wp:term":[{"taxonomy":"product_brand","embeddable":true,"href":"https:\/\/www.hediyepazar.com\/index.php?rest_route=%2Fwp%2Fv2%2Fproduct_brand&post=83053"},{"taxonomy":"product_cat","embeddable":true,"href":"https:\/\/www.hediyepazar.com\/index.php?rest_route=%2Fwp%2Fv2%2Fproduct_cat&post=83053"},{"taxonomy":"product_tag","embeddable":true,"href":"https:\/\/www.hediyepazar.com\/index.php?rest_route=%2Fwp%2Fv2%2Fproduct_tag&post=83053"}],"curies":[{"name":"wp","href":"https:\/\/api.w.org\/{rel}","templated":true}]}}