{"id":83069,"date":"2026-04-30T06:42:32","date_gmt":"2026-04-30T09:42:32","guid":{"rendered":"https:\/\/www.hediyepazar.com\/?product=alic-sirkesi-500-ml"},"modified":"2026-04-30T06:42:32","modified_gmt":"2026-04-30T09:42:32","slug":"alic-sirkesi-500-ml","status":"publish","type":"product","link":"https:\/\/www.hediyepazar.com\/?product=alic-sirkesi-500-ml","title":{"rendered":"Al\u0131\u00e7 Sirkesi 500 Ml."},"content":{"rendered":"<table style=\"border-collapse:collapse; width:221pt; border:none\" width=\"294\">\n<colgroup>\n<col style=\"width:221pt\" width=\"294\" \/>\n\t<\/colgroup>\n<tbody>\n<tr height=\"24\" style=\"height:18.0pt\">\n<td class=\"xl63\" height=\"24\" style=\"border:none; height:18.0pt; width:221pt; vertical-align:middle; padding-top:1px; padding-right:1px; padding-left:1px; white-space:nowrap\" width=\"294\"><span style=\"font-size:11pt\"><span style=\"color:black\"><span style=\"font-weight:400\"><span style=\"font-style:normal\"><span style=\"text-decoration:none\"><span style=\"font-family:Calibri,sans-serif\">Al\u0131&ccedil; Sirkesi 500 Ml.\u0130&ccedil;indekiler<\/p>\n<p>\t\t\tGeleneksel, do\u011fal fermentasyon y&ouml;ntemiyle elde edilmi\u015f al\u0131&ccedil; sirkesi.<\/p>\n<p>\t\t\tUyar\u0131lar<\/p>\n<p>\t\t\tSerin yerde, a\u011fz\u0131 kapal\u0131 olarak muhafaza ediniz.<br \/>\n\t\t\t&Ccedil;ocuklar\u0131n ula\u015famayaca\u011f\u0131 yerde saklay\u0131n\u0131z.<br \/>\n\t\t\tG&ouml;z ile temas\u0131ndan ka&ccedil;\u0131n\u0131n\u0131z.<br \/>\n\t\t\tTemas\u0131 halinde bol su ile durulay\u0131n\u0131z.<br \/>\n\t\t\tI\u015f\u0131ktan koruyunuz.<\/span><\/span><\/span><\/span><\/span><\/span><\/td>\n<\/tr>\n<\/tbody>\n<\/table>\n","protected":false},"excerpt":{"rendered":"<p>Al\u0131\u00e7 Sirkesi 500 Ml.<\/p>\n","protected":false},"featured_media":83068,"comment_status":"open","ping_status":"closed","template":"","meta":{"_kad_post_transparent":"","_kad_post_title":"","_kad_post_layout":"","_kad_post_sidebar_id":"","_kad_post_content_style":"","_kad_post_vertical_padding":"","_kad_post_feature":"","_kad_post_feature_position":"","_kad_post_header":false,"_kad_post_footer":false,"_kad_post_classname":""},"product_brand":[],"product_cat":[589,570,690],"product_tag":[],"class_list":{"0":"post-83069","1":"product","2":"type-product","3":"status-publish","4":"has-post-thumbnail","6":"product_cat-gida-ve-icecek","7":"product_cat-supermarket","8":"product_cat-yag-ve-sos","10":"first","11":"instock","12":"shipping-taxable","13":"purchasable","14":"product-type-simple","15":"entry","16":"content-bg","17":"loop-entry"},"_links":{"self":[{"href":"https:\/\/www.hediyepazar.com\/index.php?rest_route=\/wp\/v2\/product\/83069","targetHints":{"allow":["GET"]}}],"collection":[{"href":"https:\/\/www.hediyepazar.com\/index.php?rest_route=\/wp\/v2\/product"}],"about":[{"href":"https:\/\/www.hediyepazar.com\/index.php?rest_route=\/wp\/v2\/types\/product"}],"replies":[{"embeddable":true,"href":"https:\/\/www.hediyepazar.com\/index.php?rest_route=%2Fwp%2Fv2%2Fcomments&post=83069"}],"wp:featuredmedia":[{"embeddable":true,"href":"https:\/\/www.hediyepazar.com\/index.php?rest_route=\/wp\/v2\/media\/83068"}],"wp:attachment":[{"href":"https:\/\/www.hediyepazar.com\/index.php?rest_route=%2Fwp%2Fv2%2Fmedia&parent=83069"}],"wp:term":[{"taxonomy":"product_brand","embeddable":true,"href":"https:\/\/www.hediyepazar.com\/index.php?rest_route=%2Fwp%2Fv2%2Fproduct_brand&post=83069"},{"taxonomy":"product_cat","embeddable":true,"href":"https:\/\/www.hediyepazar.com\/index.php?rest_route=%2Fwp%2Fv2%2Fproduct_cat&post=83069"},{"taxonomy":"product_tag","embeddable":true,"href":"https:\/\/www.hediyepazar.com\/index.php?rest_route=%2Fwp%2Fv2%2Fproduct_tag&post=83069"}],"curies":[{"name":"wp","href":"https:\/\/api.w.org\/{rel}","templated":true}]}}