{"id":83077,"date":"2026-04-30T06:42:54","date_gmt":"2026-04-30T09:42:54","guid":{"rendered":"https:\/\/www.hediyepazar.com\/?product=bebek-sampuani-goz-yakmayan-ozel-formul-400-ml"},"modified":"2026-04-30T06:42:54","modified_gmt":"2026-04-30T09:42:54","slug":"bebek-sampuani-goz-yakmayan-ozel-formul-400-ml","status":"publish","type":"product","link":"https:\/\/www.hediyepazar.com\/?product=bebek-sampuani-goz-yakmayan-ozel-formul-400-ml","title":{"rendered":"Bebek \u015eampuan\u0131 G\u00f6z Yakmayan \u00d6zel Form\u00fcl 400 Ml."},"content":{"rendered":"<table style=\"border-collapse:collapse; width:221pt; border:none\" width=\"294\">\n<colgroup>\n<col style=\"width:221pt\" width=\"294\" \/>\n\t<\/colgroup>\n<tbody>\n<tr height=\"24\" style=\"height:18.0pt\">\n<td class=\"xl65\" height=\"24\" style=\"border:none; height:18.0pt; width:221pt; vertical-align:middle; padding-top:1px; padding-right:1px; padding-left:1px; white-space:nowrap\" width=\"294\"><span style=\"font-size:11pt\"><span style=\"color:black\"><span style=\"font-weight:400\"><span style=\"font-style:normal\"><span style=\"text-decoration:none\"><span style=\"font-family:Calibri,sans-serif\">Bebek \u015eampuan\u0131 G&ouml;z Yakmayan &Ouml;zel Form&uuml;l 400 Ml.<\/p>\n<p>\t\t\tBEBEK \u015eAMPUANI | G&ouml;z Yakmayan &Ouml;zel Form&uuml;l<br \/>\n\t\t\t&Ouml;zel formulasyonu sayesinde bebe\u011finizin sa&ccedil;lar\u0131n\u0131n yumu\u015fac\u0131k olmas\u0131na yard\u0131mc\u0131 olur.<br \/>\n\t\t\tG&ouml;z yakmayan &ouml;zel formulasyonu sayesinde en de\u011ferlilerimize &ouml;zen g&ouml;steriyoruz.<\/p>\n<p>\t\t\tKullan\u0131m &Ouml;nerisi<\/p>\n<p>\t\t\tAvucunuza yeterli miktarda al\u0131n\u0131z, bebe\u011finizin sa&ccedil;\u0131na uygulay\u0131n.<br \/>\n\t\t\tHafif dokunu\u015flarla masaj yaparak k&ouml;p&uuml;rtt&uuml;kten sonra bol su ile durulay\u0131n\u0131z.<\/p>\n<p>\t\t\tUyar\u0131lar<\/p>\n<p>\t\t\tDirekt g&uuml;ne\u015f \u0131\u015f\u0131\u011f\u0131ndan ve \u0131s\u0131 kaynaklar\u0131ndan uzak tutunuz.<br \/>\n\t\t\tOda s\u0131cakl\u0131\u011f\u0131nda muhafaza ediniz.<br \/>\n\t\t\t&Ccedil;ocuklar\u0131n ula\u015famayaca\u011f\u0131 yerde muhafaza ediniz.<br \/>\n\t\t\tKullan\u0131m sonras\u0131nda \u015fi\u015fenin a\u011fz\u0131n\u0131 s\u0131k\u0131ca kapat\u0131n\u0131z.<br \/>\n\t\t\tHarici kullan\u0131m i&ccedil;indir.<\/span><\/span><\/span><\/span><\/span><\/span><\/td>\n<\/tr>\n<\/tbody>\n<\/table>\n","protected":false},"excerpt":{"rendered":"<p>Bebek \u015eampuan\u0131 G\u00f6z Yakmayan \u00d6zel Form\u00fcl 400 Ml.<\/p>\n","protected":false},"featured_media":83076,"comment_status":"open","ping_status":"closed","template":"","meta":{"_kad_post_transparent":"","_kad_post_title":"","_kad_post_layout":"","_kad_post_sidebar_id":"","_kad_post_content_style":"","_kad_post_vertical_padding":"","_kad_post_feature":"","_kad_post_feature_position":"","_kad_post_header":false,"_kad_post_footer":false,"_kad_post_classname":""},"product_brand":[],"product_cat":[452,586,665],"product_tag":[],"class_list":{"0":"post-83077","1":"product","2":"type-product","3":"status-publish","4":"has-post-thumbnail","6":"product_cat-kozmetik","7":"product_cat-sac-bakimi","8":"product_cat-sampuan","10":"first","11":"instock","12":"shipping-taxable","13":"purchasable","14":"product-type-simple","15":"entry","16":"content-bg","17":"loop-entry"},"_links":{"self":[{"href":"https:\/\/www.hediyepazar.com\/index.php?rest_route=\/wp\/v2\/product\/83077","targetHints":{"allow":["GET"]}}],"collection":[{"href":"https:\/\/www.hediyepazar.com\/index.php?rest_route=\/wp\/v2\/product"}],"about":[{"href":"https:\/\/www.hediyepazar.com\/index.php?rest_route=\/wp\/v2\/types\/product"}],"replies":[{"embeddable":true,"href":"https:\/\/www.hediyepazar.com\/index.php?rest_route=%2Fwp%2Fv2%2Fcomments&post=83077"}],"wp:featuredmedia":[{"embeddable":true,"href":"https:\/\/www.hediyepazar.com\/index.php?rest_route=\/wp\/v2\/media\/83076"}],"wp:attachment":[{"href":"https:\/\/www.hediyepazar.com\/index.php?rest_route=%2Fwp%2Fv2%2Fmedia&parent=83077"}],"wp:term":[{"taxonomy":"product_brand","embeddable":true,"href":"https:\/\/www.hediyepazar.com\/index.php?rest_route=%2Fwp%2Fv2%2Fproduct_brand&post=83077"},{"taxonomy":"product_cat","embeddable":true,"href":"https:\/\/www.hediyepazar.com\/index.php?rest_route=%2Fwp%2Fv2%2Fproduct_cat&post=83077"},{"taxonomy":"product_tag","embeddable":true,"href":"https:\/\/www.hediyepazar.com\/index.php?rest_route=%2Fwp%2Fv2%2Fproduct_tag&post=83077"}],"curies":[{"name":"wp","href":"https:\/\/api.w.org\/{rel}","templated":true}]}}