{"id":83095,"date":"2026-04-30T06:43:57","date_gmt":"2026-04-30T09:43:57","guid":{"rendered":"https:\/\/www.hediyepazar.com\/?product=zeytinyagli-sampuan-kuru-saclar-icin-400-ml"},"modified":"2026-04-30T06:43:57","modified_gmt":"2026-04-30T09:43:57","slug":"zeytinyagli-sampuan-kuru-saclar-icin-400-ml","status":"publish","type":"product","link":"https:\/\/www.hediyepazar.com\/?product=zeytinyagli-sampuan-kuru-saclar-icin-400-ml","title":{"rendered":"Zeytinya\u011fl\u0131 \u015eampuan Kuru Sa\u00e7lar \u0130\u00e7in 400 Ml."},"content":{"rendered":"<table style=\"border-collapse:collapse; width:221pt; border:none\" width=\"294\">\n<colgroup>\n<col style=\"width:221pt\" width=\"294\" \/>\n\t<\/colgroup>\n<tbody>\n<tr height=\"24\" style=\"height:18.0pt\">\n<td class=\"xl65\" height=\"24\" style=\"border:none; height:18.0pt; width:221pt; vertical-align:middle; padding-top:1px; padding-right:1px; padding-left:1px; white-space:nowrap\" width=\"294\"><span style=\"font-size:11pt\"><span style=\"color:black\"><span style=\"font-weight:400\"><span style=\"font-style:normal\"><span style=\"text-decoration:none\"><span style=\"font-family:Calibri,sans-serif\">Zeytinya\u011fl\u0131 \u015eampuan Kuru Sa&ccedil;lar \u0130&ccedil;in 400 Ml.<\/p>\n<p>\t\t\tZEYT\u0130NYA\u011eLI \u015eAMPUANI | Kuru Sa&ccedil;lar \u0130&ccedil;in<br \/>\n\t\t\t\u0130&ccedil;eri\u011finde bulunan zeytinya\u011f\u0131 ve 11 farkl\u0131 bitki &ouml;z&uuml;n&uuml;n kar\u0131\u015f\u0131m\u0131 sayesinde sa&ccedil;lar\u0131n\u0131z\u0131n<br \/>\n\t\t\tya\u011f dengesinin korunmas\u0131na yard\u0131mc\u0131 olur.<br \/>\n\t\t\tProvitamin B5, Vitamin B3 ve Vitamin H i&ccedil;erir.<br \/>\n\t\t\t\u0130&ccedil;eri\u011finde bulunan vitamin ve bitki &ouml;zleri cans\u0131z zay\u0131f ve d&ouml;k&uuml;len sa&ccedil;lar\u0131n g&uuml;&ccedil;lenmesine<br \/>\n\t\t\tdolgun ve parlak g&ouml;r&uuml;nmesine yard\u0131mc\u0131 olur.<br \/>\n\t\t\tDo\u011fal zeytinya\u011f\u0131 ve 11 farkl\u0131 bitki &ouml;zl&uuml; kar\u0131\u015f\u0131m i&ccedil;erir.<\/p>\n<p>\t\t\tKullan\u0131m &Ouml;nerisi<\/p>\n<p>\t\t\tAvucunuza yeterli miktarda al\u0131n\u0131z, sa&ccedil;\u0131n\u0131za s&uuml;r&uuml;n&uuml;z.<br \/>\n\t\t\tParmak u&ccedil;lar\u0131 ile sa&ccedil;\u0131n\u0131za ve diplerine temas\u0131n\u0131 sa\u011flay\u0131n\u0131z.<br \/>\n\t\t\tBirka&ccedil; dakika sonra bol su ile durulay\u0131n\u0131z.<br \/>\n\t\t\tG&ouml;zlerinize temas ettirmeyiniz, temas\u0131 halinde bol su ile y\u0131kay\u0131n\u0131z.<\/p>\n<p>\t\t\tUyar\u0131lar<\/p>\n<p>\t\t\tDirekt g&uuml;ne\u015f \u0131\u015f\u0131\u011f\u0131ndan ve \u0131s\u0131 kaynaklar\u0131ndan uzak tutunuz.<br \/>\n\t\t\tOda s\u0131cakl\u0131\u011f\u0131nda muhafaza ediniz.<br \/>\n\t\t\t&Ccedil;ocuklar\u0131n ula\u015famayaca\u011f\u0131 yerde muhafaza ediniz.<br \/>\n\t\t\tKullan\u0131m sonras\u0131nda \u015fi\u015fenin a\u011fz\u0131n\u0131 s\u0131k\u0131ca kapat\u0131n\u0131z.<br \/>\n\t\t\tHarici kullan\u0131m i&ccedil;indir.<\/span><\/span><\/span><\/span><\/span><\/span><\/td>\n<\/tr>\n<\/tbody>\n<\/table>\n","protected":false},"excerpt":{"rendered":"<p>Zeytinya\u011fl\u0131 \u015eampuan Kuru Sa\u00e7lar \u0130\u00e7in 400 Ml.<\/p>\n","protected":false},"featured_media":83094,"comment_status":"open","ping_status":"closed","template":"","meta":{"_kad_post_transparent":"","_kad_post_title":"","_kad_post_layout":"","_kad_post_sidebar_id":"","_kad_post_content_style":"","_kad_post_vertical_padding":"","_kad_post_feature":"","_kad_post_feature_position":"","_kad_post_header":false,"_kad_post_footer":false,"_kad_post_classname":""},"product_brand":[],"product_cat":[452,586,665],"product_tag":[],"class_list":{"0":"post-83095","1":"product","2":"type-product","3":"status-publish","4":"has-post-thumbnail","6":"product_cat-kozmetik","7":"product_cat-sac-bakimi","8":"product_cat-sampuan","10":"first","11":"instock","12":"shipping-taxable","13":"purchasable","14":"product-type-simple","15":"entry","16":"content-bg","17":"loop-entry"},"_links":{"self":[{"href":"https:\/\/www.hediyepazar.com\/index.php?rest_route=\/wp\/v2\/product\/83095","targetHints":{"allow":["GET"]}}],"collection":[{"href":"https:\/\/www.hediyepazar.com\/index.php?rest_route=\/wp\/v2\/product"}],"about":[{"href":"https:\/\/www.hediyepazar.com\/index.php?rest_route=\/wp\/v2\/types\/product"}],"replies":[{"embeddable":true,"href":"https:\/\/www.hediyepazar.com\/index.php?rest_route=%2Fwp%2Fv2%2Fcomments&post=83095"}],"wp:featuredmedia":[{"embeddable":true,"href":"https:\/\/www.hediyepazar.com\/index.php?rest_route=\/wp\/v2\/media\/83094"}],"wp:attachment":[{"href":"https:\/\/www.hediyepazar.com\/index.php?rest_route=%2Fwp%2Fv2%2Fmedia&parent=83095"}],"wp:term":[{"taxonomy":"product_brand","embeddable":true,"href":"https:\/\/www.hediyepazar.com\/index.php?rest_route=%2Fwp%2Fv2%2Fproduct_brand&post=83095"},{"taxonomy":"product_cat","embeddable":true,"href":"https:\/\/www.hediyepazar.com\/index.php?rest_route=%2Fwp%2Fv2%2Fproduct_cat&post=83095"},{"taxonomy":"product_tag","embeddable":true,"href":"https:\/\/www.hediyepazar.com\/index.php?rest_route=%2Fwp%2Fv2%2Fproduct_tag&post=83095"}],"curies":[{"name":"wp","href":"https:\/\/api.w.org\/{rel}","templated":true}]}}