{"id":83101,"date":"2026-04-30T06:44:18","date_gmt":"2026-04-30T09:44:18","guid":{"rendered":"https:\/\/www.hediyepazar.com\/?product=renkli-buz-kupleri-tukenmez-serinletici-buz-kupleri-15-adet"},"modified":"2026-04-30T06:44:18","modified_gmt":"2026-04-30T09:44:18","slug":"renkli-buz-kupleri-tukenmez-serinletici-buz-kupleri-15-adet","status":"publish","type":"product","link":"https:\/\/www.hediyepazar.com\/?product=renkli-buz-kupleri-tukenmez-serinletici-buz-kupleri-15-adet","title":{"rendered":"Renkli Buz K\u00fcpleri, T\u00fckenmez Serinletici Buz K\u00fcpleri 15 Adet"},"content":{"rendered":"<table style=\"border-collapse:collapse; width:269pt; border:none\" width=\"359\">\n<colgroup>\n<col style=\"width:269pt\" width=\"359\" \/>\n\t<\/colgroup>\n<tbody>\n<tr height=\"19\" style=\"height:14.4pt\">\n<td height=\"19\" style=\"border:none; height:14.4pt; width:269pt; padding-top:1px; padding-right:1px; padding-left:1px; vertical-align:bottom; white-space:nowrap\" width=\"359\"><span style=\"font-size:11pt\"><span style=\"color:black\"><span style=\"font-weight:400\"><span style=\"font-style:normal\"><span style=\"text-decoration:none\"><span style=\"font-family:Calibri,sans-serif\">Renkli Buz K&uuml;pleri, T&uuml;kenmez Serinletici Buz K&uuml;pleri 15 Adet RenkKar\u0131\u015f\u0131k\/&Ccedil;ok renkli<br \/>\n\t\t\tDurumS\u0131f\u0131r T&uuml;kenmez Buz K&uuml;pleri 15 Adet Evinizde harika bir tasar\u0131m bulundurmak<br \/>\n\t\t\tisteyenler i&ccedil;in m&uuml;kemmel renk ve g&ouml;steri\u015f se&ccedil;enekleriyle b&uuml;y&uuml;lenece\u011finiz<br \/>\n\t\t\tT&uuml;kenmez buz k&uuml;pleri 20 adet &uuml;r&uuml;n&uuml; &ccedil;\u0131kar yol olacakt\u0131r. Birbirinden canl\u0131 renkleri<br \/>\n\t\t\tbir araya toplay\u0131p, zaman en iyi \u015fekilde ula\u015fabilece\u011finiz kadar uy fiyatl\u0131 ve evinizi<br \/>\n\t\t\ts&uuml;sleyecek kadar kaliteli bir &uuml;r&uuml;n olan bu buz k&uuml;plerini, evinizin yerinde g&ouml;n&uuml;l<br \/>\n\t\t\trahatl\u0131\u011f\u0131yla konumland\u0131rabilir, oralar\u0131n daha ne\u015feli ve g&ouml;steri\u015fli olmas\u0131n\u0131 sa\u011flayabilirsiniz.<br \/>\n\t\t\tEvinizde, i\u015f yerinizde veya araban\u0131zda s&uuml;sleme amac\u0131yla kullanaca\u011f\u0131n\u0131z bu &uuml;r&uuml;nle birlikte,<br \/>\n\t\t\tfarkl\u0131 bir tasar\u0131ma sahip olup, m&uuml;kemmel bir g&ouml;steri\u015fe sahne vereceksiniz.<br \/>\n\t\t\tg&ouml;reni kendine hayran b\u0131rakan bir yap\u0131ya sahip bu k&uuml;pler sayesinde, akl\u0131n\u0131zdan<br \/>\n\t\t\tge&ccedil;en an mutlulukla hat\u0131rlayabilir ve evinizin dekorasyonuna tam anlam\u0131yla<br \/>\n\t\t\tuyum sa\u011flayabilirsiniz.<br \/>\n\t\t\tPaket \u0130&ccedil;eri\u011fi : 1 Adet Renkli Buz K&uuml;pleri 15 Adet<\/span><\/span><\/span><\/span><\/span><\/span><\/td>\n<\/tr>\n<\/tbody>\n<\/table>\n","protected":false},"excerpt":{"rendered":"<p>Renkli Buz K\u00fcpleri, T\u00fckenmez Serinletici Buz K\u00fcpleri 15 Adet<\/p>\n","protected":false},"featured_media":83100,"comment_status":"open","ping_status":"closed","template":"","meta":{"_kad_post_transparent":"","_kad_post_title":"","_kad_post_layout":"","_kad_post_sidebar_id":"","_kad_post_content_style":"","_kad_post_vertical_padding":"","_kad_post_feature":"","_kad_post_feature_position":"","_kad_post_header":false,"_kad_post_footer":false,"_kad_post_classname":""},"product_brand":[],"product_cat":[557,602,558],"product_tag":[],"class_list":{"0":"post-83101","1":"product","2":"type-product","3":"status-publish","4":"has-post-thumbnail","6":"product_cat-ev-yasam","7":"product_cat-mutfak-saklama-duzenleme","8":"product_cat-sofra-mutfak-2","10":"first","11":"instock","12":"shipping-taxable","13":"purchasable","14":"product-type-simple","15":"entry","16":"content-bg","17":"loop-entry"},"_links":{"self":[{"href":"https:\/\/www.hediyepazar.com\/index.php?rest_route=\/wp\/v2\/product\/83101","targetHints":{"allow":["GET"]}}],"collection":[{"href":"https:\/\/www.hediyepazar.com\/index.php?rest_route=\/wp\/v2\/product"}],"about":[{"href":"https:\/\/www.hediyepazar.com\/index.php?rest_route=\/wp\/v2\/types\/product"}],"replies":[{"embeddable":true,"href":"https:\/\/www.hediyepazar.com\/index.php?rest_route=%2Fwp%2Fv2%2Fcomments&post=83101"}],"wp:featuredmedia":[{"embeddable":true,"href":"https:\/\/www.hediyepazar.com\/index.php?rest_route=\/wp\/v2\/media\/83100"}],"wp:attachment":[{"href":"https:\/\/www.hediyepazar.com\/index.php?rest_route=%2Fwp%2Fv2%2Fmedia&parent=83101"}],"wp:term":[{"taxonomy":"product_brand","embeddable":true,"href":"https:\/\/www.hediyepazar.com\/index.php?rest_route=%2Fwp%2Fv2%2Fproduct_brand&post=83101"},{"taxonomy":"product_cat","embeddable":true,"href":"https:\/\/www.hediyepazar.com\/index.php?rest_route=%2Fwp%2Fv2%2Fproduct_cat&post=83101"},{"taxonomy":"product_tag","embeddable":true,"href":"https:\/\/www.hediyepazar.com\/index.php?rest_route=%2Fwp%2Fv2%2Fproduct_tag&post=83101"}],"curies":[{"name":"wp","href":"https:\/\/api.w.org\/{rel}","templated":true}]}}