{"id":83105,"date":"2026-04-30T06:44:33","date_gmt":"2026-04-30T09:44:33","guid":{"rendered":"https:\/\/www.hediyepazar.com\/?product=2-kapakli-wc-clean-alaturka-tuvalet-kapagi"},"modified":"2026-04-30T06:44:33","modified_gmt":"2026-04-30T09:44:33","slug":"2-kapakli-wc-clean-alaturka-tuvalet-kapagi","status":"publish","type":"product","link":"https:\/\/www.hediyepazar.com\/?product=2-kapakli-wc-clean-alaturka-tuvalet-kapagi","title":{"rendered":"2 Kapakl\u0131 Wc Clean Alaturka Tuvalet Kapa\u011f\u0131"},"content":{"rendered":"<table style=\"border-collapse:collapse; width:269pt; border:none\" width=\"359\">\n<colgroup>\n<col style=\"width:269pt\" width=\"359\" \/>\n\t<\/colgroup>\n<tbody>\n<tr height=\"19\" style=\"height:14.4pt\">\n<td height=\"19\" style=\"border:none; height:14.4pt; width:269pt; padding-top:1px; padding-right:1px; padding-left:1px; vertical-align:bottom; white-space:nowrap\" width=\"359\"><span style=\"font-size:11pt\"><span style=\"color:black\"><span style=\"font-weight:400\"><span style=\"font-style:normal\"><span style=\"text-decoration:none\"><span style=\"font-family:Calibri,sans-serif\">Tuvaletten koku ve ha\u015ferat &ccedil;\u0131kmas\u0131na izin vermez.<br \/>\n\t\t\tG&ouml;r&uuml;nt&uuml; kirlili\u011fini &ouml;nler.<br \/>\n\t\t\tIki kapakl\u0131 olmas\u0131 sayesinde daha sessiz &ccedil;al\u0131\u015f\u0131r.<br \/>\n\t\t\tPaket \u0130&ccedil;eri\u011fi 1 Adet 2 Kapakl\u0131 Wc Clean Alaturka Tuvalet Kapa\u011f\u0131<\/span><\/span><\/span><\/span><\/span><\/span><\/td>\n<\/tr>\n<\/tbody>\n<\/table>\n","protected":false},"excerpt":{"rendered":"<p>2 Kapakl\u0131 Wc Clean Alaturka Tuvalet Kapa\u011f\u0131<\/p>\n","protected":false},"featured_media":83104,"comment_status":"open","ping_status":"closed","template":"","meta":{"_kad_post_transparent":"","_kad_post_title":"","_kad_post_layout":"","_kad_post_sidebar_id":"","_kad_post_content_style":"","_kad_post_vertical_padding":"","_kad_post_feature":"","_kad_post_feature_position":"","_kad_post_header":false,"_kad_post_footer":false,"_kad_post_classname":""},"product_brand":[],"product_cat":[611,612,557],"product_tag":[],"class_list":{"0":"post-83105","1":"product","2":"type-product","3":"status-publish","4":"has-post-thumbnail","6":"product_cat-banyo","7":"product_cat-banyo-aksesuarlari","8":"product_cat-ev-yasam","10":"first","11":"instock","12":"shipping-taxable","13":"purchasable","14":"product-type-simple","15":"entry","16":"content-bg","17":"loop-entry"},"_links":{"self":[{"href":"https:\/\/www.hediyepazar.com\/index.php?rest_route=\/wp\/v2\/product\/83105","targetHints":{"allow":["GET"]}}],"collection":[{"href":"https:\/\/www.hediyepazar.com\/index.php?rest_route=\/wp\/v2\/product"}],"about":[{"href":"https:\/\/www.hediyepazar.com\/index.php?rest_route=\/wp\/v2\/types\/product"}],"replies":[{"embeddable":true,"href":"https:\/\/www.hediyepazar.com\/index.php?rest_route=%2Fwp%2Fv2%2Fcomments&post=83105"}],"wp:featuredmedia":[{"embeddable":true,"href":"https:\/\/www.hediyepazar.com\/index.php?rest_route=\/wp\/v2\/media\/83104"}],"wp:attachment":[{"href":"https:\/\/www.hediyepazar.com\/index.php?rest_route=%2Fwp%2Fv2%2Fmedia&parent=83105"}],"wp:term":[{"taxonomy":"product_brand","embeddable":true,"href":"https:\/\/www.hediyepazar.com\/index.php?rest_route=%2Fwp%2Fv2%2Fproduct_brand&post=83105"},{"taxonomy":"product_cat","embeddable":true,"href":"https:\/\/www.hediyepazar.com\/index.php?rest_route=%2Fwp%2Fv2%2Fproduct_cat&post=83105"},{"taxonomy":"product_tag","embeddable":true,"href":"https:\/\/www.hediyepazar.com\/index.php?rest_route=%2Fwp%2Fv2%2Fproduct_tag&post=83105"}],"curies":[{"name":"wp","href":"https:\/\/api.w.org\/{rel}","templated":true}]}}