{"id":83117,"date":"2026-04-30T06:45:08","date_gmt":"2026-04-30T09:45:08","guid":{"rendered":"https:\/\/www.hediyepazar.com\/?product=2-li-mini-makyaj-sungeri-canta-boy-kalp-ve-oval"},"modified":"2026-04-30T06:45:08","modified_gmt":"2026-04-30T09:45:08","slug":"2-li-mini-makyaj-sungeri-canta-boy-kalp-ve-oval","status":"publish","type":"product","link":"https:\/\/www.hediyepazar.com\/?product=2-li-mini-makyaj-sungeri-canta-boy-kalp-ve-oval","title":{"rendered":"2 Li Mini Makyaj S\u00fcngeri \u00c7anta Boy Kalp ve Oval"},"content":{"rendered":"<p>2 Li Mini Makyaj S&uuml;ngeri &Ccedil;anta Boy Kalp ve Oval<br \/>\nMakyaj s&uuml;ngerini kullanmadan &ouml;nce \u0131slat\u0131lmas\u0131 tavsiye edilir.<br \/>\nB&ouml;ylece s&uuml;nger daha &ccedil;ok \u015fi\u015fecek ve yumu\u015fac\u0131k olacakt\u0131r.<br \/>\nIslak s&uuml;nger hem uygulamada kolayl\u0131k sa\u011flar hemde makyaj\u0131n daha ayd\u0131nl\u0131k g&ouml;r&uuml;nmesine yard\u0131mc\u0131 olur<br \/>\nAyd\u0131nlat\u0131c\u0131 , g&ouml;z alt\u0131 kapat\u0131c\u0131s\u0131 veya krem all\u0131k gibi makyaj malzemelerini makyaj s&uuml;ngerinin ucuyla daha g&uuml;venli yapabilirsiniz.<br \/>\nB&ouml;ylece all\u0131\u011f\u0131n\u0131 fazla uygulama riski ortadan kalkacakt\u0131r.<br \/>\nMini boyu sayesinde &ccedil;antan\u0131zda ta\u015f\u0131yabilir makyaj tazelemeniz gereken yerlerde yemeklerde , d&uuml;\u011f&uuml;nlerde , gece davetlerinde rahatl\u0131kla makyaj\u0131n\u0131z\u0131 tazeleyebilirsiniz.<br \/>\n&nbsp;<\/p>\n","protected":false},"excerpt":{"rendered":"<p>2 Li Mini Makyaj S\u00fcngeri \u00c7anta Boy Kalp ve Oval<\/p>\n","protected":false},"featured_media":83116,"comment_status":"open","ping_status":"closed","template":"","meta":{"_kad_post_transparent":"","_kad_post_title":"","_kad_post_layout":"","_kad_post_sidebar_id":"","_kad_post_content_style":"","_kad_post_vertical_padding":"","_kad_post_feature":"","_kad_post_feature_position":"","_kad_post_header":false,"_kad_post_footer":false,"_kad_post_classname":""},"product_brand":[],"product_cat":[452,565,575],"product_tag":[],"class_list":{"0":"post-83117","1":"product","2":"type-product","3":"status-publish","4":"has-post-thumbnail","6":"product_cat-kozmetik","7":"product_cat-makyaj","8":"product_cat-makyaj-aksesuarlari","10":"first","11":"instock","12":"shipping-taxable","13":"purchasable","14":"product-type-simple","15":"entry","16":"content-bg","17":"loop-entry"},"_links":{"self":[{"href":"https:\/\/www.hediyepazar.com\/index.php?rest_route=\/wp\/v2\/product\/83117","targetHints":{"allow":["GET"]}}],"collection":[{"href":"https:\/\/www.hediyepazar.com\/index.php?rest_route=\/wp\/v2\/product"}],"about":[{"href":"https:\/\/www.hediyepazar.com\/index.php?rest_route=\/wp\/v2\/types\/product"}],"replies":[{"embeddable":true,"href":"https:\/\/www.hediyepazar.com\/index.php?rest_route=%2Fwp%2Fv2%2Fcomments&post=83117"}],"wp:featuredmedia":[{"embeddable":true,"href":"https:\/\/www.hediyepazar.com\/index.php?rest_route=\/wp\/v2\/media\/83116"}],"wp:attachment":[{"href":"https:\/\/www.hediyepazar.com\/index.php?rest_route=%2Fwp%2Fv2%2Fmedia&parent=83117"}],"wp:term":[{"taxonomy":"product_brand","embeddable":true,"href":"https:\/\/www.hediyepazar.com\/index.php?rest_route=%2Fwp%2Fv2%2Fproduct_brand&post=83117"},{"taxonomy":"product_cat","embeddable":true,"href":"https:\/\/www.hediyepazar.com\/index.php?rest_route=%2Fwp%2Fv2%2Fproduct_cat&post=83117"},{"taxonomy":"product_tag","embeddable":true,"href":"https:\/\/www.hediyepazar.com\/index.php?rest_route=%2Fwp%2Fv2%2Fproduct_tag&post=83117"}],"curies":[{"name":"wp","href":"https:\/\/api.w.org\/{rel}","templated":true}]}}