{"id":83125,"date":"2026-04-30T06:45:34","date_gmt":"2026-04-30T09:45:34","guid":{"rendered":"https:\/\/www.hediyepazar.com\/?product=arac-kaporta-gocuk-duzeltici-vantuz-vantuzlu-gocuk-giderici"},"modified":"2026-04-30T06:45:34","modified_gmt":"2026-04-30T09:45:34","slug":"arac-kaporta-gocuk-duzeltici-vantuz-vantuzlu-gocuk-giderici","status":"publish","type":"product","link":"https:\/\/www.hediyepazar.com\/?product=arac-kaporta-gocuk-duzeltici-vantuz-vantuzlu-gocuk-giderici","title":{"rendered":"Ara\u00e7 Kaporta G\u00f6\u00e7\u00fck D\u00fczeltici Vantuz Vantuzlu G\u00f6\u00e7\u00fck Giderici"},"content":{"rendered":"<table style=\"border-collapse:collapse; width:203pt; border:none\" width=\"270\">\n<colgroup>\n<col style=\"width:203pt\" width=\"270\" \/>\n\t<\/colgroup>\n<tbody>\n<tr height=\"20\" style=\"height:15.0pt\">\n<td height=\"20\" style=\"border:none; height:15.0pt; width:203pt; padding-top:1px; padding-right:1px; padding-left:1px; vertical-align:bottom; white-space:nowrap\" width=\"270\"><span style=\"font-size:11pt\"><span style=\"color:black\"><span style=\"font-weight:400\"><span style=\"font-style:normal\"><span style=\"text-decoration:none\"><span style=\"font-family:Calibri,sans-serif\">Ara&ccedil; Kaporta G&ouml;&ccedil;&uuml;k D&uuml;zeltici Vantuz Vantuzlu G&ouml;&ccedil;&uuml;k Giderici<\/span><\/span><\/span><\/span><\/span><\/span><br \/>\n\t\t\t&nbsp;<\/td>\n<\/tr>\n<tr>\n<td height=\"20\" style=\"border:none; height:15.0pt; width:262pt; padding-top:1px; padding-right:1px; padding-left:1px; vertical-align:bottom; white-space:nowrap\" width=\"349\"><span style=\"font-size:11pt\"><span style=\"color:black\"><span style=\"font-weight:400\"><span style=\"font-style:normal\"><span style=\"text-decoration:none\"><span style=\"font-family:Calibri,sans-serif\">Kaporta G&ouml;&ccedil;&uuml;k D&uuml;zeltme Vantuzu &#8211; &Ccedil;ok Ama&ccedil;l\u0131 Vantuz<br \/>\n\t\t\tArac\u0131n\u0131z\u0131n kaportas\u0131nda olu\u015fan g&ouml;&ccedil;me, &ccedil;ukur ve bombeleri Set ile kendiniz tamir edebilirsiniz.<br \/>\n\t\t\t&Uuml;stelik y&uuml;zlerce lira harcamadan ve saniyeler i&ccedil;erisinde!<br \/>\n\t\t\tUfak kazalardan meydana gelen kaporta &ccedil;&ouml;k&uuml;kleri &ccedil;ok can s\u0131k\u0131c\u0131d\u0131r.<br \/>\n\t\t\tTamir at&ouml;lyelerine gitti\u011finizde 5 dakikal\u0131k bir i\u015flem i&ccedil;in sizden y&uuml;zlerce lira talep edilir.<br \/>\n\t\t\tSet ile kaporta g&ouml;&ccedil;&uuml;klerini tamir etmek &ccedil;ocuk oyunca\u011f\u0131!<br \/>\n\t\t\tAraba G&ouml;&ccedil;&uuml;k D&uuml;zeltici Kaporta D&uuml;zeltme Aparat\u0131 Boyas\u0131z G&ouml;&ccedil;&uuml;k D&uuml;zeltme Ara&ccedil;lardaki kap\u0131,<br \/>\n\t\t\ttampon, kaporta hasarlar\u0131n\u0131 d&uuml;zeltmek amac\u0131yla hasarl\u0131 b&ouml;lgeyi &ccedil;ekmek i&ccedil;in kullanabilece\u011finiz<br \/>\n\t\t\taraba g&ouml;&ccedil;&uuml;k d&uuml;zeltici sizi b&uuml;y&uuml;k tamir masraflar\u0131ndan kurtararak<br \/>\n\t\t\tk&uuml;&ccedil;&uuml;k hasarlar\u0131n\u0131z\u0131 tek ba\u015f\u0131na d&uuml;zeltebilme imkan\u0131 sa\u011flayacakt\u0131r.<br \/>\n\t\t\tVantuzun &ccedil;al\u0131\u015fmas\u0131n\u0131 sa\u011flayan tutama&ccedil;lar\u0131 olduk&ccedil;a kolay kapan\u0131p a&ccedil;\u0131lmaktad\u0131r.<br \/>\n\t\t\tMetal ve plastik olmak &uuml;zere neredeyse t&uuml;m ara&ccedil;lar\u0131n\u0131z &uuml;zerinde olu\u015fan hasarlar\u0131<br \/>\n\t\t\tkolayl\u0131kla &ccedil;ekebilecek \u015fekilde tasarlanm\u0131\u015ft\u0131r. G&uuml;&ccedil;l&uuml; vantuzlara sahip boyas\u0131z g&ouml;&ccedil;&uuml;k<br \/>\n\t\t\td&uuml;zeltme aparat\u0131 ile arac\u0131n\u0131zda olu\u015fan g&ouml;&ccedil;&uuml;kleri kolayca eski haline &ccedil;evirebilirsiniz.<br \/>\n\t\t\tG&ouml;&ccedil;&uuml;k D&uuml;zeltme Aparat\u0131 Kullan\u0131m Alanlar\u0131 Ayn\u0131 zamanda p&uuml;r&uuml;zs&uuml;z y&uuml;zeyli pencereler,<br \/>\n\t\t\taynalar ve kap\u0131lar da g&uuml;&ccedil; uygulanmas\u0131 gereken durumlar i&ccedil;in de cam vantuzu olarak kullan\u0131ma elveri\u015flidir.<br \/>\n\t\t\tEv, d&uuml;kkan, garaj ve i\u015fyeri i&ccedil;in idealdir.<br \/>\n\t\t\tG&ouml;&ccedil;&uuml;k D&uuml;zeltme Aparat\u0131 Malzemesi Dayan\u0131kl\u0131 a\u011f\u0131r hizmet tipi kau&ccedil;uktan &uuml;retilmi\u015f olmas\u0131<br \/>\n\t\t\tyumu\u015fak ve &ccedil;iziksiz kullan\u0131m sa\u011flar.<br \/>\n\t\t\tDarbeye dayan\u0131kl\u0131d\u0131r, Tutama&ccedil;lar\u0131 kolayl\u0131kla serbest b\u0131rak\u0131labilir.<br \/>\n\t\t\t&Uuml;r&uuml;n rengi stoklardaki durumuna g&ouml;re g&ouml;nderilir.<br \/>\n\t\t\t&Uuml;r&uuml;n Boyutlar\u0131: Geni\u015flik: 5cm Uzunluk: 6 cm &Ccedil;ap : 6 cm<br \/>\n\t\t\tPaket \u0130&ccedil;eri\u011fi: 1adet &Ccedil;ok Ama&ccedil;l\u0131 Vantuz.<\/span><\/span><\/span><\/span><\/span><\/span><\/td>\n<\/tr>\n<\/tbody>\n<\/table>\n","protected":false},"excerpt":{"rendered":"<p>Ara\u00e7 Kaporta G\u00f6\u00e7\u00fck D\u00fczeltici Vantuz Vantuzlu G\u00f6\u00e7\u00fck Giderici<\/p>\n","protected":false},"featured_media":83124,"comment_status":"open","ping_status":"closed","template":"","meta":{"_kad_post_transparent":"","_kad_post_title":"","_kad_post_layout":"","_kad_post_sidebar_id":"","_kad_post_content_style":"","_kad_post_vertical_padding":"","_kad_post_feature":"","_kad_post_feature_position":"","_kad_post_header":false,"_kad_post_footer":false,"_kad_post_classname":""},"product_brand":[],"product_cat":[562,449,616],"product_tag":[],"class_list":{"0":"post-83125","1":"product","2":"type-product","3":"status-publish","4":"has-post-thumbnail","6":"product_cat-cep-telefonu","7":"product_cat-elektronik","8":"product_cat-oto-aksesuarlari-2","10":"first","11":"instock","12":"shipping-taxable","13":"purchasable","14":"product-type-simple","15":"entry","16":"content-bg","17":"loop-entry"},"_links":{"self":[{"href":"https:\/\/www.hediyepazar.com\/index.php?rest_route=\/wp\/v2\/product\/83125","targetHints":{"allow":["GET"]}}],"collection":[{"href":"https:\/\/www.hediyepazar.com\/index.php?rest_route=\/wp\/v2\/product"}],"about":[{"href":"https:\/\/www.hediyepazar.com\/index.php?rest_route=\/wp\/v2\/types\/product"}],"replies":[{"embeddable":true,"href":"https:\/\/www.hediyepazar.com\/index.php?rest_route=%2Fwp%2Fv2%2Fcomments&post=83125"}],"wp:featuredmedia":[{"embeddable":true,"href":"https:\/\/www.hediyepazar.com\/index.php?rest_route=\/wp\/v2\/media\/83124"}],"wp:attachment":[{"href":"https:\/\/www.hediyepazar.com\/index.php?rest_route=%2Fwp%2Fv2%2Fmedia&parent=83125"}],"wp:term":[{"taxonomy":"product_brand","embeddable":true,"href":"https:\/\/www.hediyepazar.com\/index.php?rest_route=%2Fwp%2Fv2%2Fproduct_brand&post=83125"},{"taxonomy":"product_cat","embeddable":true,"href":"https:\/\/www.hediyepazar.com\/index.php?rest_route=%2Fwp%2Fv2%2Fproduct_cat&post=83125"},{"taxonomy":"product_tag","embeddable":true,"href":"https:\/\/www.hediyepazar.com\/index.php?rest_route=%2Fwp%2Fv2%2Fproduct_tag&post=83125"}],"curies":[{"name":"wp","href":"https:\/\/api.w.org\/{rel}","templated":true}]}}