{"id":83135,"date":"2026-04-30T06:46:07","date_gmt":"2026-04-30T09:46:07","guid":{"rendered":"https:\/\/www.hediyepazar.com\/?product=kahvalti-tereyagi-bicagi-6-li-plastik-sapli"},"modified":"2026-04-30T06:46:07","modified_gmt":"2026-04-30T09:46:07","slug":"kahvalti-tereyagi-bicagi-6-li-plastik-sapli","status":"publish","type":"product","link":"https:\/\/www.hediyepazar.com\/?product=kahvalti-tereyagi-bicagi-6-li-plastik-sapli","title":{"rendered":"Kahvalt\u0131 Tereya\u011f\u0131 B\u0131\u00e7a\u011f\u0131 6 L\u0131 Plastik Sapl\u0131"},"content":{"rendered":"<table style=\"border-collapse:collapse; width:269pt; border:none\" width=\"359\">\n<colgroup>\n<col style=\"width:269pt\" width=\"359\" \/>\n\t<\/colgroup>\n<tbody>\n<tr height=\"19\" style=\"height:14.4pt\">\n<td height=\"19\" style=\"border:none; height:14.4pt; width:269pt; padding-top:1px; padding-right:1px; padding-left:1px; vertical-align:bottom; white-space:nowrap\" width=\"359\"><span style=\"font-size:11pt\"><span style=\"color:black\"><span style=\"font-weight:400\"><span style=\"font-style:normal\"><span style=\"text-decoration:none\"><span style=\"font-family:Calibri,sans-serif\">Renkli Sapl\u0131 6 Adet Tereya\u011f\u0131 Re&ccedil;el &Ccedil;ikolata S&uuml;rme B\u0131&ccedil;a\u011f\u0131 Seti K<br \/>\n\t\t\tahvalt\u0131lar\u0131n vazge&ccedil;ilmezleri Tereya\u011f, re&ccedil;el, &ccedil;ikolata, bal gibi g\u0131dalar\u0131<br \/>\n\t\t\trahatl\u0131kla s&uuml;rmenizi sa\u011flayacak olan spatula tereya\u011f ka\u015f\u0131\u011f\u0131n\u0131n 6&#39;l\u0131 paket<br \/>\n\t\t\ti&ccedil;erinde olmas\u0131 ucuz tereya\u011f\u0131 &ccedil;ikolata s&uuml;rme b\u0131&ccedil;a\u011f\u0131 seti aray\u0131\u015f\u0131 i&ccedil;erisinde<br \/>\n\t\t\tolanlar\u0131 mutlu edecek! Plastik Sapl\u0131 Renkli Tereya\u011f Re&ccedil;el S&uuml;rme B\u0131&ccedil;a\u011f\u0131<br \/>\n\t\t\t&Ouml;zellikleri: Tereya\u011f Re&ccedil;el S&uuml;rme B\u0131&ccedil;a\u011f\u0131, Metal olup kolayca temizlenebilir.<br \/>\n\t\t\tTereya\u011f\u0131 Re&ccedil;el &Ccedil;ikolata S&uuml;rme B\u0131&ccedil;a\u011f\u0131 Sap k\u0131sm\u0131 plastiktir.<br \/>\n\t\t\tTereya\u011f\u0131 B\u0131&ccedil;a\u011f\u0131 Seti &Ouml;l&ccedil;&uuml;leri: 10 Cm Tereya\u011f\u0131 Re&ccedil;el &Ccedil;ikolata S&uuml;rme B\u0131&ccedil;a\u011f\u0131<br \/>\n\t\t\tPaket \u0130&ccedil;eri\u011fi: 6 Adet Plastik Sapl\u0131 Tereya\u011f\u0131 B\u0131&ccedil;a\u011f\u0131 Seti<\/span><\/span><\/span><\/span><\/span><\/span><\/td>\n<\/tr>\n<\/tbody>\n<\/table>\n","protected":false},"excerpt":{"rendered":"<p>Kahvalt\u0131 Tereya\u011f\u0131 B\u0131\u00e7a\u011f\u0131 6 L\u0131 Plastik Sapl\u0131<\/p>\n","protected":false},"featured_media":83134,"comment_status":"open","ping_status":"closed","template":"","meta":{"_kad_post_transparent":"","_kad_post_title":"","_kad_post_layout":"","_kad_post_sidebar_id":"","_kad_post_content_style":"","_kad_post_vertical_padding":"","_kad_post_feature":"","_kad_post_feature_position":"","_kad_post_header":false,"_kad_post_footer":false,"_kad_post_classname":""},"product_brand":[],"product_cat":[557,559,558],"product_tag":[],"class_list":{"0":"post-83135","1":"product","2":"type-product","3":"status-publish","4":"has-post-thumbnail","6":"product_cat-ev-yasam","7":"product_cat-sofra","8":"product_cat-sofra-mutfak-2","10":"first","11":"instock","12":"shipping-taxable","13":"purchasable","14":"product-type-simple","15":"entry","16":"content-bg","17":"loop-entry"},"_links":{"self":[{"href":"https:\/\/www.hediyepazar.com\/index.php?rest_route=\/wp\/v2\/product\/83135","targetHints":{"allow":["GET"]}}],"collection":[{"href":"https:\/\/www.hediyepazar.com\/index.php?rest_route=\/wp\/v2\/product"}],"about":[{"href":"https:\/\/www.hediyepazar.com\/index.php?rest_route=\/wp\/v2\/types\/product"}],"replies":[{"embeddable":true,"href":"https:\/\/www.hediyepazar.com\/index.php?rest_route=%2Fwp%2Fv2%2Fcomments&post=83135"}],"wp:featuredmedia":[{"embeddable":true,"href":"https:\/\/www.hediyepazar.com\/index.php?rest_route=\/wp\/v2\/media\/83134"}],"wp:attachment":[{"href":"https:\/\/www.hediyepazar.com\/index.php?rest_route=%2Fwp%2Fv2%2Fmedia&parent=83135"}],"wp:term":[{"taxonomy":"product_brand","embeddable":true,"href":"https:\/\/www.hediyepazar.com\/index.php?rest_route=%2Fwp%2Fv2%2Fproduct_brand&post=83135"},{"taxonomy":"product_cat","embeddable":true,"href":"https:\/\/www.hediyepazar.com\/index.php?rest_route=%2Fwp%2Fv2%2Fproduct_cat&post=83135"},{"taxonomy":"product_tag","embeddable":true,"href":"https:\/\/www.hediyepazar.com\/index.php?rest_route=%2Fwp%2Fv2%2Fproduct_tag&post=83135"}],"curies":[{"name":"wp","href":"https:\/\/api.w.org\/{rel}","templated":true}]}}