{"id":83137,"date":"2026-04-30T06:46:13","date_gmt":"2026-04-30T09:46:13","guid":{"rendered":"https:\/\/www.hediyepazar.com\/?product=serac-bez-supurge-torbasi-bosch-siemens-no050-supurge-torbasi"},"modified":"2026-04-30T06:46:13","modified_gmt":"2026-04-30T09:46:13","slug":"serac-bez-supurge-torbasi-bosch-siemens-no050-supurge-torbasi","status":"publish","type":"product","link":"https:\/\/www.hediyepazar.com\/?product=serac-bez-supurge-torbasi-bosch-siemens-no050-supurge-torbasi","title":{"rendered":"Sera\u00e7 Bez S\u00fcp\u00fcrge Torbas\u0131 Bosch Siemens No:050 S\u00fcp\u00fcrge Torbas\u0131"},"content":{"rendered":"<table style=\"border-collapse:collapse; width:269pt; border:none\" width=\"359\">\n<colgroup>\n<col style=\"width:269pt\" width=\"359\" \/>\n\t<\/colgroup>\n<tbody>\n<tr height=\"19\" style=\"height:14.4pt\">\n<td height=\"19\" style=\"border:none; height:14.4pt; width:269pt; padding-top:1px; padding-right:1px; padding-left:1px; vertical-align:bottom; white-space:nowrap\" width=\"359\"><span style=\"font-size:11pt\"><span style=\"color:black\"><span style=\"font-weight:400\"><span style=\"font-style:normal\"><span style=\"text-decoration:none\"><span style=\"font-family:Calibri,sans-serif\">SERA&Ccedil; BEZ S&Uuml;P&Uuml;RGE TORBASI BOSCH NO:050<br \/>\n\t\t\tMaxima-Activa BS-Serie-Alpha Sphera-Ultra Compacte BBS 211&nbsp;<\/span><\/span><\/span><\/span><\/span><\/span><\/td>\n<\/tr>\n<\/tbody>\n<\/table>\n<p>\nPaket \u0130&ccedil;eri\u011fi : 1 Adet&nbsp;Sera&ccedil; Bez S&uuml;p&uuml;rge Torbas\u0131 Bosch Siemens No:050 S&uuml;p&uuml;rge Torbas\u0131<\/p>\n","protected":false},"excerpt":{"rendered":"<p>Sera\u00e7 Bez S\u00fcp\u00fcrge Torbas\u0131 Bosch Siemens No:050 S\u00fcp\u00fcrge Torbas\u0131<\/p>\n","protected":false},"featured_media":83136,"comment_status":"open","ping_status":"closed","template":"","meta":{"_kad_post_transparent":"","_kad_post_title":"","_kad_post_layout":"","_kad_post_sidebar_id":"","_kad_post_content_style":"","_kad_post_vertical_padding":"","_kad_post_feature":"","_kad_post_feature_position":"","_kad_post_header":false,"_kad_post_footer":false,"_kad_post_classname":""},"product_brand":[],"product_cat":[596,449,597],"product_tag":[],"class_list":{"0":"post-83137","1":"product","2":"type-product","3":"status-publish","4":"has-post-thumbnail","6":"product_cat-elektrikli-ev-aletleri-2","7":"product_cat-elektronik","8":"product_cat-ev-aletleri-yedek-parca","10":"first","11":"instock","12":"shipping-taxable","13":"purchasable","14":"product-type-simple","15":"entry","16":"content-bg","17":"loop-entry"},"_links":{"self":[{"href":"https:\/\/www.hediyepazar.com\/index.php?rest_route=\/wp\/v2\/product\/83137","targetHints":{"allow":["GET"]}}],"collection":[{"href":"https:\/\/www.hediyepazar.com\/index.php?rest_route=\/wp\/v2\/product"}],"about":[{"href":"https:\/\/www.hediyepazar.com\/index.php?rest_route=\/wp\/v2\/types\/product"}],"replies":[{"embeddable":true,"href":"https:\/\/www.hediyepazar.com\/index.php?rest_route=%2Fwp%2Fv2%2Fcomments&post=83137"}],"wp:featuredmedia":[{"embeddable":true,"href":"https:\/\/www.hediyepazar.com\/index.php?rest_route=\/wp\/v2\/media\/83136"}],"wp:attachment":[{"href":"https:\/\/www.hediyepazar.com\/index.php?rest_route=%2Fwp%2Fv2%2Fmedia&parent=83137"}],"wp:term":[{"taxonomy":"product_brand","embeddable":true,"href":"https:\/\/www.hediyepazar.com\/index.php?rest_route=%2Fwp%2Fv2%2Fproduct_brand&post=83137"},{"taxonomy":"product_cat","embeddable":true,"href":"https:\/\/www.hediyepazar.com\/index.php?rest_route=%2Fwp%2Fv2%2Fproduct_cat&post=83137"},{"taxonomy":"product_tag","embeddable":true,"href":"https:\/\/www.hediyepazar.com\/index.php?rest_route=%2Fwp%2Fv2%2Fproduct_tag&post=83137"}],"curies":[{"name":"wp","href":"https:\/\/api.w.org\/{rel}","templated":true}]}}