{"id":83149,"date":"2026-04-30T06:46:52","date_gmt":"2026-04-30T09:46:52","guid":{"rendered":"https:\/\/www.hediyepazar.com\/?product=serac-elektrikli-supurge-torbasi-no-53-orbital-kanguru-3-lu"},"modified":"2026-04-30T06:46:52","modified_gmt":"2026-04-30T09:46:52","slug":"serac-elektrikli-supurge-torbasi-no-53-orbital-kanguru-3-lu","status":"publish","type":"product","link":"https:\/\/www.hediyepazar.com\/?product=serac-elektrikli-supurge-torbasi-no-53-orbital-kanguru-3-lu","title":{"rendered":"Sera\u00e7 Elektrikli S\u00fcp\u00fcrge Torbas\u0131 No : 53 Orbital Kanguru 3 L\u00fc"},"content":{"rendered":"<p>Orbital Kanguru 3 L&uuml; Not: elektrikli s&uuml;p&uuml;rge (bez) toz torbas\u0131.<br \/>\nKod: 053. &Uuml;r&uuml;n&uuml;n uyumlu oldu\u011fu modeller &uuml;r&uuml;n g&ouml;rselinde belirtilmektedir.<br \/>\nPaket \u0130&ccedil;eri\u011fi : 1 Adet Sera&ccedil; Elektrikli S&uuml;p&uuml;rge Torbas\u0131 No : 53<\/p>\n","protected":false},"excerpt":{"rendered":"<p>Sera\u00e7 Elektrikli S\u00fcp\u00fcrge Torbas\u0131 No : 53 Orbital Kanguru 3 L\u00fc<\/p>\n","protected":false},"featured_media":83148,"comment_status":"open","ping_status":"closed","template":"","meta":{"_kad_post_transparent":"","_kad_post_title":"","_kad_post_layout":"","_kad_post_sidebar_id":"","_kad_post_content_style":"","_kad_post_vertical_padding":"","_kad_post_feature":"","_kad_post_feature_position":"","_kad_post_header":false,"_kad_post_footer":false,"_kad_post_classname":""},"product_brand":[],"product_cat":[596,449,597],"product_tag":[],"class_list":{"0":"post-83149","1":"product","2":"type-product","3":"status-publish","4":"has-post-thumbnail","6":"product_cat-elektrikli-ev-aletleri-2","7":"product_cat-elektronik","8":"product_cat-ev-aletleri-yedek-parca","10":"first","11":"instock","12":"shipping-taxable","13":"purchasable","14":"product-type-simple","15":"entry","16":"content-bg","17":"loop-entry"},"_links":{"self":[{"href":"https:\/\/www.hediyepazar.com\/index.php?rest_route=\/wp\/v2\/product\/83149","targetHints":{"allow":["GET"]}}],"collection":[{"href":"https:\/\/www.hediyepazar.com\/index.php?rest_route=\/wp\/v2\/product"}],"about":[{"href":"https:\/\/www.hediyepazar.com\/index.php?rest_route=\/wp\/v2\/types\/product"}],"replies":[{"embeddable":true,"href":"https:\/\/www.hediyepazar.com\/index.php?rest_route=%2Fwp%2Fv2%2Fcomments&post=83149"}],"wp:featuredmedia":[{"embeddable":true,"href":"https:\/\/www.hediyepazar.com\/index.php?rest_route=\/wp\/v2\/media\/83148"}],"wp:attachment":[{"href":"https:\/\/www.hediyepazar.com\/index.php?rest_route=%2Fwp%2Fv2%2Fmedia&parent=83149"}],"wp:term":[{"taxonomy":"product_brand","embeddable":true,"href":"https:\/\/www.hediyepazar.com\/index.php?rest_route=%2Fwp%2Fv2%2Fproduct_brand&post=83149"},{"taxonomy":"product_cat","embeddable":true,"href":"https:\/\/www.hediyepazar.com\/index.php?rest_route=%2Fwp%2Fv2%2Fproduct_cat&post=83149"},{"taxonomy":"product_tag","embeddable":true,"href":"https:\/\/www.hediyepazar.com\/index.php?rest_route=%2Fwp%2Fv2%2Fproduct_tag&post=83149"}],"curies":[{"name":"wp","href":"https:\/\/api.w.org\/{rel}","templated":true}]}}