{"id":83151,"date":"2026-04-30T06:46:56","date_gmt":"2026-04-30T09:46:56","guid":{"rendered":"https:\/\/www.hediyepazar.com\/?product=serac-elektrik-supurgesi-toz-torbasi-2-li-rowenta-conti"},"modified":"2026-04-30T06:46:56","modified_gmt":"2026-04-30T09:46:56","slug":"serac-elektrik-supurgesi-toz-torbasi-2-li-rowenta-conti","status":"publish","type":"product","link":"https:\/\/www.hediyepazar.com\/?product=serac-elektrik-supurgesi-toz-torbasi-2-li-rowenta-conti","title":{"rendered":"Sera\u00e7 Elektrik S\u00fcp\u00fcrgesi Toz Torbas\u0131 2 Li Rowenta Conti"},"content":{"rendered":"<p>Rowenta-Conti hal\u0131 y\u0131kama makinalar\u0131 \u0131slak kuru rb 50-81<br \/>\nPaket \u0130&ccedil;eri\u011fi : Sera&ccedil; Elektrik S&uuml;p&uuml;rgesi Toz Torbas\u0131 2&#39;li 1 Adet<\/p>\n","protected":false},"excerpt":{"rendered":"<p>Sera\u00e7 Elektrik S\u00fcp\u00fcrgesi Toz Torbas\u0131 2 Li Rowenta Conti<\/p>\n","protected":false},"featured_media":83150,"comment_status":"open","ping_status":"closed","template":"","meta":{"_kad_post_transparent":"","_kad_post_title":"","_kad_post_layout":"","_kad_post_sidebar_id":"","_kad_post_content_style":"","_kad_post_vertical_padding":"","_kad_post_feature":"","_kad_post_feature_position":"","_kad_post_header":false,"_kad_post_footer":false,"_kad_post_classname":""},"product_brand":[],"product_cat":[596,449,597],"product_tag":[],"class_list":{"0":"post-83151","1":"product","2":"type-product","3":"status-publish","4":"has-post-thumbnail","6":"product_cat-elektrikli-ev-aletleri-2","7":"product_cat-elektronik","8":"product_cat-ev-aletleri-yedek-parca","10":"first","11":"instock","12":"shipping-taxable","13":"purchasable","14":"product-type-simple","15":"entry","16":"content-bg","17":"loop-entry"},"_links":{"self":[{"href":"https:\/\/www.hediyepazar.com\/index.php?rest_route=\/wp\/v2\/product\/83151","targetHints":{"allow":["GET"]}}],"collection":[{"href":"https:\/\/www.hediyepazar.com\/index.php?rest_route=\/wp\/v2\/product"}],"about":[{"href":"https:\/\/www.hediyepazar.com\/index.php?rest_route=\/wp\/v2\/types\/product"}],"replies":[{"embeddable":true,"href":"https:\/\/www.hediyepazar.com\/index.php?rest_route=%2Fwp%2Fv2%2Fcomments&post=83151"}],"wp:featuredmedia":[{"embeddable":true,"href":"https:\/\/www.hediyepazar.com\/index.php?rest_route=\/wp\/v2\/media\/83150"}],"wp:attachment":[{"href":"https:\/\/www.hediyepazar.com\/index.php?rest_route=%2Fwp%2Fv2%2Fmedia&parent=83151"}],"wp:term":[{"taxonomy":"product_brand","embeddable":true,"href":"https:\/\/www.hediyepazar.com\/index.php?rest_route=%2Fwp%2Fv2%2Fproduct_brand&post=83151"},{"taxonomy":"product_cat","embeddable":true,"href":"https:\/\/www.hediyepazar.com\/index.php?rest_route=%2Fwp%2Fv2%2Fproduct_cat&post=83151"},{"taxonomy":"product_tag","embeddable":true,"href":"https:\/\/www.hediyepazar.com\/index.php?rest_route=%2Fwp%2Fv2%2Fproduct_tag&post=83151"}],"curies":[{"name":"wp","href":"https:\/\/api.w.org\/{rel}","templated":true}]}}