{"id":83153,"date":"2026-04-30T06:47:00","date_gmt":"2026-04-30T09:47:00","guid":{"rendered":"https:\/\/www.hediyepazar.com\/?product=flora-f068-cift-kapakli-sessiz-wc-kapagi"},"modified":"2026-04-30T06:47:00","modified_gmt":"2026-04-30T09:47:00","slug":"flora-f068-cift-kapakli-sessiz-wc-kapagi","status":"publish","type":"product","link":"https:\/\/www.hediyepazar.com\/?product=flora-f068-cift-kapakli-sessiz-wc-kapagi","title":{"rendered":"Flora F068 \u00c7ift Kapakl\u0131 Sessiz Wc Kapa\u011f\u0131"},"content":{"rendered":"<p>*Renk: Beyaz<br \/>\n*&Ccedil;ift kapakl\u0131 tasar\u0131m<br \/>\n*Gider deliklerini s\u0131k\u0131ca kavrayan t\u0131rt\u0131kl\u0131 y&uuml;zey<br \/>\n*Dayan\u0131kl\u0131, sert plastik g&ouml;vde<br \/>\n*Sessiz &ccedil;al\u0131\u015f\u0131r, sizi rahats\u0131z etmez<br \/>\n*Her alaturka tuvalet giderine uyar<br \/>\n*K&ouml;t&uuml; koku, g&ouml;r&uuml;nt&uuml; ve s\u0131&ccedil;ramalar\u0131 engeller<br \/>\n*Giderden gelebilecek her t&uuml;r fare ve ha\u015fereyi &ouml;nler<br \/>\n*\u0130deal hijyen ortam\u0131n\u0131 sa\u011flar<br \/>\n*Uzun &ouml;m&uuml;rl&uuml;d&uuml;r, kapaklar kolayca deforme olmaz<br \/>\n*Paket \u0130&ccedil;eri\u011fi : 1 Adet&nbsp;Flora F068 &Ccedil;ift Kapakl\u0131 Sessiz Wc Kapa\u011f\u0131<\/p>\n","protected":false},"excerpt":{"rendered":"<p>Flora F068 \u00c7ift Kapakl\u0131 Sessiz Wc Kapa\u011f\u0131<\/p>\n","protected":false},"featured_media":83152,"comment_status":"open","ping_status":"closed","template":"","meta":{"_kad_post_transparent":"","_kad_post_title":"","_kad_post_layout":"","_kad_post_sidebar_id":"","_kad_post_content_style":"","_kad_post_vertical_padding":"","_kad_post_feature":"","_kad_post_feature_position":"","_kad_post_header":false,"_kad_post_footer":false,"_kad_post_classname":""},"product_brand":[],"product_cat":[611,612,557],"product_tag":[],"class_list":{"0":"post-83153","1":"product","2":"type-product","3":"status-publish","4":"has-post-thumbnail","6":"product_cat-banyo","7":"product_cat-banyo-aksesuarlari","8":"product_cat-ev-yasam","10":"first","11":"instock","12":"shipping-taxable","13":"purchasable","14":"product-type-simple","15":"entry","16":"content-bg","17":"loop-entry"},"_links":{"self":[{"href":"https:\/\/www.hediyepazar.com\/index.php?rest_route=\/wp\/v2\/product\/83153","targetHints":{"allow":["GET"]}}],"collection":[{"href":"https:\/\/www.hediyepazar.com\/index.php?rest_route=\/wp\/v2\/product"}],"about":[{"href":"https:\/\/www.hediyepazar.com\/index.php?rest_route=\/wp\/v2\/types\/product"}],"replies":[{"embeddable":true,"href":"https:\/\/www.hediyepazar.com\/index.php?rest_route=%2Fwp%2Fv2%2Fcomments&post=83153"}],"wp:featuredmedia":[{"embeddable":true,"href":"https:\/\/www.hediyepazar.com\/index.php?rest_route=\/wp\/v2\/media\/83152"}],"wp:attachment":[{"href":"https:\/\/www.hediyepazar.com\/index.php?rest_route=%2Fwp%2Fv2%2Fmedia&parent=83153"}],"wp:term":[{"taxonomy":"product_brand","embeddable":true,"href":"https:\/\/www.hediyepazar.com\/index.php?rest_route=%2Fwp%2Fv2%2Fproduct_brand&post=83153"},{"taxonomy":"product_cat","embeddable":true,"href":"https:\/\/www.hediyepazar.com\/index.php?rest_route=%2Fwp%2Fv2%2Fproduct_cat&post=83153"},{"taxonomy":"product_tag","embeddable":true,"href":"https:\/\/www.hediyepazar.com\/index.php?rest_route=%2Fwp%2Fv2%2Fproduct_tag&post=83153"}],"curies":[{"name":"wp","href":"https:\/\/api.w.org\/{rel}","templated":true}]}}