{"id":8316,"date":"2026-04-26T07:13:23","date_gmt":"2026-04-26T10:13:23","guid":{"rendered":"https:\/\/www.hediyepazar.com\/?product=westa-wm-375-isikli-kablolu-masa-konferans-kursu-mikrofonu"},"modified":"2026-04-26T07:13:27","modified_gmt":"2026-04-26T10:13:27","slug":"westa-wm-375-isikli-kablolu-masa-konferans-kursu-mikrofonu","status":"publish","type":"product","link":"https:\/\/www.hediyepazar.com\/?product=westa-wm-375-isikli-kablolu-masa-konferans-kursu-mikrofonu","title":{"rendered":"Westa Wm-375 I\u015f\u0131kl\u0131 Kablolu Masa Konferans K\u00fcrs\u00fc Mikrofonu"},"content":{"rendered":"<p>Westa Wm-375 I\u015f\u0131kl\u0131 Kablolu Masa Konferans K\u00fcrs\u00fc Mikrofonu<\/p>\n","protected":false},"excerpt":{"rendered":"<p>Westa Wm-375 I\u015f\u0131kl\u0131 Kablolu Masa Konferans K\u00fcrs\u00fc Mikrofonu<\/p>\n","protected":false},"featured_media":8317,"comment_status":"closed","ping_status":"open","template":"","meta":{"_kad_post_transparent":"","_kad_post_title":"","_kad_post_layout":"","_kad_post_sidebar_id":"","_kad_post_content_style":"","_kad_post_vertical_padding":"","_kad_post_feature":"","_kad_post_feature_position":"","_kad_post_header":false,"_kad_post_footer":false,"_kad_post_classname":""},"product_brand":[],"product_cat":[431],"product_tag":[],"class_list":{"0":"post-8316","1":"product","2":"type-product","3":"status-publish","4":"has-post-thumbnail","6":"product_cat-profesyonel-ses-sistemleri-ses-sistemi-mikrofonlari-kursu-mikrofonlari","8":"first","9":"instock","10":"purchasable","11":"product-type-simple","12":"entry","13":"content-bg","14":"loop-entry"},"_links":{"self":[{"href":"https:\/\/www.hediyepazar.com\/index.php?rest_route=\/wp\/v2\/product\/8316","targetHints":{"allow":["GET"]}}],"collection":[{"href":"https:\/\/www.hediyepazar.com\/index.php?rest_route=\/wp\/v2\/product"}],"about":[{"href":"https:\/\/www.hediyepazar.com\/index.php?rest_route=\/wp\/v2\/types\/product"}],"replies":[{"embeddable":true,"href":"https:\/\/www.hediyepazar.com\/index.php?rest_route=%2Fwp%2Fv2%2Fcomments&post=8316"}],"wp:featuredmedia":[{"embeddable":true,"href":"https:\/\/www.hediyepazar.com\/index.php?rest_route=\/wp\/v2\/media\/8317"}],"wp:attachment":[{"href":"https:\/\/www.hediyepazar.com\/index.php?rest_route=%2Fwp%2Fv2%2Fmedia&parent=8316"}],"wp:term":[{"taxonomy":"product_brand","embeddable":true,"href":"https:\/\/www.hediyepazar.com\/index.php?rest_route=%2Fwp%2Fv2%2Fproduct_brand&post=8316"},{"taxonomy":"product_cat","embeddable":true,"href":"https:\/\/www.hediyepazar.com\/index.php?rest_route=%2Fwp%2Fv2%2Fproduct_cat&post=8316"},{"taxonomy":"product_tag","embeddable":true,"href":"https:\/\/www.hediyepazar.com\/index.php?rest_route=%2Fwp%2Fv2%2Fproduct_tag&post=8316"}],"curies":[{"name":"wp","href":"https:\/\/api.w.org\/{rel}","templated":true}]}}