{"id":83187,"date":"2026-04-30T06:49:04","date_gmt":"2026-04-30T09:49:04","guid":{"rendered":"https:\/\/www.hediyepazar.com\/?product=sik-siyah-desenli-dogal-serinletici-katlanabilir-yelpaze"},"modified":"2026-04-30T06:49:04","modified_gmt":"2026-04-30T09:49:04","slug":"sik-siyah-desenli-dogal-serinletici-katlanabilir-yelpaze","status":"publish","type":"product","link":"https:\/\/www.hediyepazar.com\/?product=sik-siyah-desenli-dogal-serinletici-katlanabilir-yelpaze","title":{"rendered":"\u015e\u0131k Siyah Desenli Do\u011fal Serinletici Katlanabilir Yelpaze"},"content":{"rendered":"<table style=\"border-collapse:collapse; width:262pt; border:none\" width=\"349\">\n<colgroup>\n<col style=\"width:262pt\" width=\"349\" \/>\n\t<\/colgroup>\n<tbody>\n<tr height=\"20\" style=\"height:15.0pt\">\n<td height=\"20\" style=\"border:none; height:15.0pt; width:262pt; padding-top:1px; padding-right:1px; padding-left:1px; vertical-align:bottom; white-space:nowrap\" width=\"349\"><span style=\"font-size:11pt\"><span style=\"color:black\"><span style=\"font-weight:400\"><span style=\"font-style:normal\"><span style=\"text-decoration:none\"><span style=\"font-family:Calibri,sans-serif\">Sadece do\u011fal bir serinleticidir, katlanabilir.<br \/>\n\t\t\tY&uuml;kselik 25 cm x geni\u015flik 42 cm Son derece hafiftir, ta\u015f\u0131nmas\u0131 kolayd\u0131r.<br \/>\n\t\t\tS\u0131cak yaz aylar\u0131nda s\u0131cak basmalar\u0131n\u0131 etkili bir \u015fekilde &ouml;nleyebilir.<br \/>\n\t\t\tBile\u011fin yumu\u015fak bir hareketiyle &ccedil;ok fazla esinti verir.<br \/>\n\t\t\tSize rahat bir deneyim sa\u011flayan herhangi bir g&uuml;r&uuml;lt&uuml; yapmazlar.<br \/>\n\t\t\tTatilinizi ve an\u0131lar\u0131n\u0131z\u0131 size tebess&uuml;mle hat\u0131rlatacak dekoratif ve i\u015flevsel hediyelik e\u015fya.<br \/>\n\t\t\t\u0130ster kendiniz ister sevdikleriniz i&ccedil;in \u015f\u0131k bir hediye g&uuml;zel bir hat\u0131ra.<\/span><\/span><\/span><\/span><\/span><\/span><\/td>\n<\/tr>\n<\/tbody>\n<\/table>\n","protected":false},"excerpt":{"rendered":"<p>\u015e\u0131k Siyah Desenli Do\u011fal Serinletici Katlanabilir Yelpaze<\/p>\n","protected":false},"featured_media":83186,"comment_status":"open","ping_status":"closed","template":"","meta":{"_kad_post_transparent":"","_kad_post_title":"","_kad_post_layout":"","_kad_post_sidebar_id":"","_kad_post_content_style":"","_kad_post_vertical_padding":"","_kad_post_feature":"","_kad_post_feature_position":"","_kad_post_header":false,"_kad_post_footer":false,"_kad_post_classname":""},"product_brand":[],"product_cat":[557,698,568],"product_tag":[],"class_list":{"0":"post-83187","1":"product","2":"type-product","3":"status-publish","4":"has-post-thumbnail","6":"product_cat-ev-yasam","7":"product_cat-hediyelik-urunler","8":"product_cat-hobi","10":"first","11":"instock","12":"shipping-taxable","13":"purchasable","14":"product-type-simple","15":"entry","16":"content-bg","17":"loop-entry"},"_links":{"self":[{"href":"https:\/\/www.hediyepazar.com\/index.php?rest_route=\/wp\/v2\/product\/83187","targetHints":{"allow":["GET"]}}],"collection":[{"href":"https:\/\/www.hediyepazar.com\/index.php?rest_route=\/wp\/v2\/product"}],"about":[{"href":"https:\/\/www.hediyepazar.com\/index.php?rest_route=\/wp\/v2\/types\/product"}],"replies":[{"embeddable":true,"href":"https:\/\/www.hediyepazar.com\/index.php?rest_route=%2Fwp%2Fv2%2Fcomments&post=83187"}],"wp:featuredmedia":[{"embeddable":true,"href":"https:\/\/www.hediyepazar.com\/index.php?rest_route=\/wp\/v2\/media\/83186"}],"wp:attachment":[{"href":"https:\/\/www.hediyepazar.com\/index.php?rest_route=%2Fwp%2Fv2%2Fmedia&parent=83187"}],"wp:term":[{"taxonomy":"product_brand","embeddable":true,"href":"https:\/\/www.hediyepazar.com\/index.php?rest_route=%2Fwp%2Fv2%2Fproduct_brand&post=83187"},{"taxonomy":"product_cat","embeddable":true,"href":"https:\/\/www.hediyepazar.com\/index.php?rest_route=%2Fwp%2Fv2%2Fproduct_cat&post=83187"},{"taxonomy":"product_tag","embeddable":true,"href":"https:\/\/www.hediyepazar.com\/index.php?rest_route=%2Fwp%2Fv2%2Fproduct_tag&post=83187"}],"curies":[{"name":"wp","href":"https:\/\/api.w.org\/{rel}","templated":true}]}}