{"id":83260,"date":"2026-04-30T06:53:48","date_gmt":"2026-04-30T09:53:48","guid":{"rendered":"https:\/\/www.hediyepazar.com\/?product=koleston-intense-sac-boyasi-5-66-patlican-moru-salon-kalitesi"},"modified":"2026-04-30T06:53:48","modified_gmt":"2026-04-30T09:53:48","slug":"koleston-intense-sac-boyasi-5-66-patlican-moru-salon-kalitesi","status":"publish","type":"product","link":"https:\/\/www.hediyepazar.com\/?product=koleston-intense-sac-boyasi-5-66-patlican-moru-salon-kalitesi","title":{"rendered":"Koleston Intense Sa\u00e7 Boyas\u0131 5\/66 Patl\u0131can Moru &#8211; Salon Kalitesi"},"content":{"rendered":"<table style=\"border-collapse:collapse; width:207pt; border:none\" width=\"276\">\n<colgroup>\n<col style=\"width:207pt\" width=\"276\" \/>\n\t<\/colgroup>\n<tbody>\n<tr height=\"20\" style=\"height:15.0pt\">\n<td height=\"20\" style=\"border:none; height:15.0pt; width:207pt; padding-top:1px; padding-right:1px; padding-left:1px; vertical-align:bottom; white-space:nowrap\" width=\"276\"><span style=\"font-size:11pt\"><span style=\"color:black\"><span style=\"font-weight:400\"><span style=\"font-style:normal\"><span style=\"text-decoration:none\"><span style=\"font-family:Calibri,sans-serif\">Koleston Intense Sa&ccedil; Boyas\u0131 &#8211; Salon Kalitesi<br \/>\n\t\t\t%100 Beyaz Kapama ve Yo\u011fun renk<br \/>\n\t\t\t8 Haftaya kadar kal\u0131c\u0131 renkler<br \/>\n\t\t\tArgan ya\u011f\u0131 i&ccedil;erikli Bak\u0131m Kremi<br \/>\n\t\t\t&Ccedil;i&ccedil;ek kokulu nemlendirici bak\u0131m Kremi<br \/>\n\t\t\t4 Yo\u011fun nemlendirici ile<br \/>\n\t\t\tSalon Kalitesinde boyan\u0131n g&uuml;zelli\u011fini ya\u015fay\u0131n<\/p>\n<p>\t\t\tPaket i&ccedil;eri\u011fi:<br \/>\n\t\t\t1 T&uuml;p 50 ml Kal\u0131c\u0131 Krem Boya<br \/>\n\t\t\t1 Adet 50 ml Oksidasyon Kremi<br \/>\n\t\t\t1 Adet Argan Ya\u011f\u0131 \u0130&ccedil;erikli Bak\u0131m Kremi<\/span><\/span><\/span><\/span><\/span><\/span><\/td>\n<\/tr>\n<\/tbody>\n<\/table>\n","protected":false},"excerpt":{"rendered":"<p>Koleston Intense Sa\u00e7 Boyas\u0131 5\/66 Patl\u0131can Moru &#8211; Salon Kalitesi<\/p>\n","protected":false},"featured_media":83259,"comment_status":"open","ping_status":"closed","template":"","meta":{"_kad_post_transparent":"","_kad_post_title":"","_kad_post_layout":"","_kad_post_sidebar_id":"","_kad_post_content_style":"","_kad_post_vertical_padding":"","_kad_post_feature":"","_kad_post_feature_position":"","_kad_post_header":false,"_kad_post_footer":false,"_kad_post_classname":""},"product_brand":[],"product_cat":[452,586,593],"product_tag":[],"class_list":{"0":"post-83260","1":"product","2":"type-product","3":"status-publish","4":"has-post-thumbnail","6":"product_cat-kozmetik","7":"product_cat-sac-bakimi","8":"product_cat-sac-boyasi","10":"first","11":"instock","12":"shipping-taxable","13":"purchasable","14":"product-type-simple","15":"entry","16":"content-bg","17":"loop-entry"},"_links":{"self":[{"href":"https:\/\/www.hediyepazar.com\/index.php?rest_route=\/wp\/v2\/product\/83260","targetHints":{"allow":["GET"]}}],"collection":[{"href":"https:\/\/www.hediyepazar.com\/index.php?rest_route=\/wp\/v2\/product"}],"about":[{"href":"https:\/\/www.hediyepazar.com\/index.php?rest_route=\/wp\/v2\/types\/product"}],"replies":[{"embeddable":true,"href":"https:\/\/www.hediyepazar.com\/index.php?rest_route=%2Fwp%2Fv2%2Fcomments&post=83260"}],"wp:featuredmedia":[{"embeddable":true,"href":"https:\/\/www.hediyepazar.com\/index.php?rest_route=\/wp\/v2\/media\/83259"}],"wp:attachment":[{"href":"https:\/\/www.hediyepazar.com\/index.php?rest_route=%2Fwp%2Fv2%2Fmedia&parent=83260"}],"wp:term":[{"taxonomy":"product_brand","embeddable":true,"href":"https:\/\/www.hediyepazar.com\/index.php?rest_route=%2Fwp%2Fv2%2Fproduct_brand&post=83260"},{"taxonomy":"product_cat","embeddable":true,"href":"https:\/\/www.hediyepazar.com\/index.php?rest_route=%2Fwp%2Fv2%2Fproduct_cat&post=83260"},{"taxonomy":"product_tag","embeddable":true,"href":"https:\/\/www.hediyepazar.com\/index.php?rest_route=%2Fwp%2Fv2%2Fproduct_tag&post=83260"}],"curies":[{"name":"wp","href":"https:\/\/api.w.org\/{rel}","templated":true}]}}