{"id":83276,"date":"2026-04-30T06:54:48","date_gmt":"2026-04-30T09:54:48","guid":{"rendered":"https:\/\/www.hediyepazar.com\/?product=mutfak-banyo-musluk-basligi-180-derece-donebilen-fonksiyonel-evrense"},"modified":"2026-04-30T06:54:48","modified_gmt":"2026-04-30T09:54:48","slug":"mutfak-banyo-musluk-basligi-180-derece-donebilen-fonksiyonel-evrense","status":"publish","type":"product","link":"https:\/\/www.hediyepazar.com\/?product=mutfak-banyo-musluk-basligi-180-derece-donebilen-fonksiyonel-evrense","title":{"rendered":"Mutfak Banyo Musluk Ba\u015fl\u0131\u011f\u0131 180 Derece D\u00f6nebilen Fonksiyonel Evrense"},"content":{"rendered":"<p>Mutfak Banyo Musluk Ba\u015fl\u0131\u011f\u0131 180 Derece D&ouml;nebilen Fonksiyonel Evrensel&nbsp;<\/p>\n<ul>\n<li>Musluk Ucu 1080 derece d&ouml;n&uuml;\u015f &ccedil;ap\u0131 sayesinde suyu lavabonuzun her k&ouml;\u015fesine ula\u015ft\u0131r\u0131n. &Ccedil;ift Fonksiyonlu su ak\u0131\u015f\u0131 tasar\u0131m\u0131sayesinde inat&ccedil;\u0131 kirlerden kurtulma ve suyun lavobonuz t&uuml;m her yerine ula\u015f\u0131m\u0131n\u0131 sa\u011flamaktad\u0131r.Mutfak odas\u0131nda t&uuml;m ihtiya&ccedil;lar\u0131n\u0131z\u0131 kar\u015f\u0131lay\u0131n. Kullan\u0131labilir Alanlar: Mutfakta Sebze ve meyveleri durulamak i&ccedil;in mutfak,Yemekler, lavabo vb. \u0130&ccedil;in de kullan\u0131labilir. Banyoda g&uuml;nl&uuml;k el y&uuml;z y\u0131kamada b&uuml;y&uuml;k rahatl\u0131k sunmaktad\u0131r. Dilerseniz pratik bir \u015fekilde sa&ccedil;lar\u0131n\u0131z\u0131 k\u0131sa s&uuml;rede y\u0131kayabilirsiniz.<\/li>\n<li>Paket i&ccedil;eri\u011fi: 1080 Derece D&ouml;nebilir Musluk Ucu &Uuml;r&uuml;n direkt olarak 22mm i&ccedil; di\u015fli ba\u011flant\u0131 &ccedil;ap\u0131ndad\u0131r.<\/li>\n<li>Paket i&ccedil;erisinden &ccedil;\u0131kan plastik man\u015fon sayesinde 24mm d\u0131\u015f di\u015fli haline getirebilirsiniz.<\/li>\n<li>Malzeme: Abs Plastik &Uuml;r&uuml;n rengi : G&uuml;m&uuml;\u015f<\/li>\n<\/ul>\n","protected":false},"excerpt":{"rendered":"<p>Mutfak Banyo Musluk Ba\u015fl\u0131\u011f\u0131 180 Derece D\u00f6nebilen Fonksiyonel Evrensel<\/p>\n","protected":false},"featured_media":83275,"comment_status":"open","ping_status":"closed","template":"","meta":{"_kad_post_transparent":"","_kad_post_title":"","_kad_post_layout":"","_kad_post_sidebar_id":"","_kad_post_content_style":"","_kad_post_vertical_padding":"","_kad_post_feature":"","_kad_post_feature_position":"","_kad_post_header":false,"_kad_post_footer":false,"_kad_post_classname":""},"product_brand":[],"product_cat":[656,557,657],"product_tag":[],"class_list":{"0":"post-83276","1":"product","2":"type-product","3":"status-publish","4":"has-post-thumbnail","6":"product_cat-bahce-yapi-market","7":"product_cat-ev-yasam","8":"product_cat-yapi-market","10":"first","11":"instock","12":"shipping-taxable","13":"purchasable","14":"product-type-simple","15":"entry","16":"content-bg","17":"loop-entry"},"_links":{"self":[{"href":"https:\/\/www.hediyepazar.com\/index.php?rest_route=\/wp\/v2\/product\/83276","targetHints":{"allow":["GET"]}}],"collection":[{"href":"https:\/\/www.hediyepazar.com\/index.php?rest_route=\/wp\/v2\/product"}],"about":[{"href":"https:\/\/www.hediyepazar.com\/index.php?rest_route=\/wp\/v2\/types\/product"}],"replies":[{"embeddable":true,"href":"https:\/\/www.hediyepazar.com\/index.php?rest_route=%2Fwp%2Fv2%2Fcomments&post=83276"}],"wp:featuredmedia":[{"embeddable":true,"href":"https:\/\/www.hediyepazar.com\/index.php?rest_route=\/wp\/v2\/media\/83275"}],"wp:attachment":[{"href":"https:\/\/www.hediyepazar.com\/index.php?rest_route=%2Fwp%2Fv2%2Fmedia&parent=83276"}],"wp:term":[{"taxonomy":"product_brand","embeddable":true,"href":"https:\/\/www.hediyepazar.com\/index.php?rest_route=%2Fwp%2Fv2%2Fproduct_brand&post=83276"},{"taxonomy":"product_cat","embeddable":true,"href":"https:\/\/www.hediyepazar.com\/index.php?rest_route=%2Fwp%2Fv2%2Fproduct_cat&post=83276"},{"taxonomy":"product_tag","embeddable":true,"href":"https:\/\/www.hediyepazar.com\/index.php?rest_route=%2Fwp%2Fv2%2Fproduct_tag&post=83276"}],"curies":[{"name":"wp","href":"https:\/\/api.w.org\/{rel}","templated":true}]}}