{"id":83292,"date":"2026-04-30T06:55:32","date_gmt":"2026-04-30T09:55:32","guid":{"rendered":"https:\/\/www.hediyepazar.com\/?product=magic-bracket-cift-tarafli-vantuzlu-papatya-telefon-tutacagi"},"modified":"2026-04-30T06:55:32","modified_gmt":"2026-04-30T09:55:32","slug":"magic-bracket-cift-tarafli-vantuzlu-papatya-telefon-tutacagi","status":"publish","type":"product","link":"https:\/\/www.hediyepazar.com\/?product=magic-bracket-cift-tarafli-vantuzlu-papatya-telefon-tutacagi","title":{"rendered":"Magic Bracket \u00c7ift Tarafl\u0131 Vantuzlu Papatya Telefon Tutaca\u011f\u0131"},"content":{"rendered":"<table style=\"border-collapse:collapse; width:262pt; border:none\" width=\"349\">\n<colgroup>\n<col style=\"width:262pt\" width=\"349\" \/>\n\t<\/colgroup>\n<tbody>\n<tr height=\"20\" style=\"height:15.0pt\">\n<td height=\"20\" style=\"border:none; height:15.0pt; width:262pt; padding-top:1px; padding-right:1px; padding-left:1px; vertical-align:bottom; white-space:nowrap\" width=\"349\"><span style=\"font-size:11pt\"><span style=\"color:black\"><span style=\"font-weight:400\"><span style=\"font-style:normal\"><span style=\"text-decoration:none\"><span style=\"font-family:Calibri,sans-serif\">&Ccedil;ift tarafl\u0131 vantuzlu ara&ccedil; telefon tablet tutucu vip yeni nesil<br \/>\n\t\t\tK&uuml;&ccedil;&uuml;k yap\u0131s\u0131 sayesinde rahatl\u0131kla yan\u0131n\u0131zda ta\u015f\u0131yabilirsiniz.<br \/>\n\t\t\tIki taraf\u0131nda bulunan 5 adet vantuz sayesinde telefonuzu veya tabletinizi araban\u0131zda,<br \/>\n\t\t\tofisinizde s\u0131k\u0131 bir \u015fekilde tutar.<br \/>\n\t\t\tD&uuml;\u015fmesini engeller. 360 derece d&ouml;nebilen yap\u0131s\u0131 sayesinde telefonunuzu istedi\u011finiz \u015fekilde ara&ccedil; i&ccedil;inde veya<br \/>\n\t\t\tofisinizde konumland\u0131rabilirsiniz.<br \/>\n\t\t\tVantuzlar\u0131 camda yada mobilya &uuml;zerinde s&ouml;k&uuml;ld&uuml;kten sonra kal\u0131c\u0131 bir iz b\u0131rakmaz.<br \/>\n\t\t\tKullan\u0131m\u0131 pratiktir. Tek el ile telefonu al\u0131p b\u0131rakabillirsiniz.<br \/>\n\t\t\tAyr\u0131ca ergonomik yap\u0131s\u0131 &ccedil;ok yumu\u015fak olmad\u0131\u011f\u0131ndan arac\u0131n hareketi s\u0131ras\u0131nda<br \/>\n\t\t\tolacak hareketler ara&ccedil; tutucunun belirledi\u011finiz pozisyonununda de\u011fi\u015fimine sebep olmaz<br \/>\n\t\t\t&Uuml;r&uuml;n boyutlar\u0131 &#8211; y&uuml;kseklik 8 cm &#8211; en 6 cm<\/span><\/span><\/span><\/span><\/span><\/span><\/td>\n<\/tr>\n<\/tbody>\n<\/table>\n","protected":false},"excerpt":{"rendered":"<p>Magic Bracket \u00c7ift Tarafl\u0131 Vantuzlu Papatya Telefon Tutaca\u011f\u0131<\/p>\n","protected":false},"featured_media":83291,"comment_status":"open","ping_status":"closed","template":"","meta":{"_kad_post_transparent":"","_kad_post_title":"","_kad_post_layout":"","_kad_post_sidebar_id":"","_kad_post_content_style":"","_kad_post_vertical_padding":"","_kad_post_feature":"","_kad_post_feature_position":"","_kad_post_header":false,"_kad_post_footer":false,"_kad_post_classname":""},"product_brand":[],"product_cat":[562,449,616],"product_tag":[],"class_list":{"0":"post-83292","1":"product","2":"type-product","3":"status-publish","4":"has-post-thumbnail","6":"product_cat-cep-telefonu","7":"product_cat-elektronik","8":"product_cat-oto-aksesuarlari-2","10":"first","11":"instock","12":"shipping-taxable","13":"purchasable","14":"product-type-simple","15":"entry","16":"content-bg","17":"loop-entry"},"_links":{"self":[{"href":"https:\/\/www.hediyepazar.com\/index.php?rest_route=\/wp\/v2\/product\/83292","targetHints":{"allow":["GET"]}}],"collection":[{"href":"https:\/\/www.hediyepazar.com\/index.php?rest_route=\/wp\/v2\/product"}],"about":[{"href":"https:\/\/www.hediyepazar.com\/index.php?rest_route=\/wp\/v2\/types\/product"}],"replies":[{"embeddable":true,"href":"https:\/\/www.hediyepazar.com\/index.php?rest_route=%2Fwp%2Fv2%2Fcomments&post=83292"}],"wp:featuredmedia":[{"embeddable":true,"href":"https:\/\/www.hediyepazar.com\/index.php?rest_route=\/wp\/v2\/media\/83291"}],"wp:attachment":[{"href":"https:\/\/www.hediyepazar.com\/index.php?rest_route=%2Fwp%2Fv2%2Fmedia&parent=83292"}],"wp:term":[{"taxonomy":"product_brand","embeddable":true,"href":"https:\/\/www.hediyepazar.com\/index.php?rest_route=%2Fwp%2Fv2%2Fproduct_brand&post=83292"},{"taxonomy":"product_cat","embeddable":true,"href":"https:\/\/www.hediyepazar.com\/index.php?rest_route=%2Fwp%2Fv2%2Fproduct_cat&post=83292"},{"taxonomy":"product_tag","embeddable":true,"href":"https:\/\/www.hediyepazar.com\/index.php?rest_route=%2Fwp%2Fv2%2Fproduct_tag&post=83292"}],"curies":[{"name":"wp","href":"https:\/\/api.w.org\/{rel}","templated":true}]}}