{"id":83308,"date":"2026-04-30T06:56:29","date_gmt":"2026-04-30T09:56:29","guid":{"rendered":"https:\/\/www.hediyepazar.com\/?product=insunol-diyabetik-macun-240-gr"},"modified":"2026-04-30T06:56:29","modified_gmt":"2026-04-30T09:56:29","slug":"insunol-diyabetik-macun-240-gr","status":"publish","type":"product","link":"https:\/\/www.hediyepazar.com\/?product=insunol-diyabetik-macun-240-gr","title":{"rendered":"insunol D\u0130yabetik Macun 240 Gr"},"content":{"rendered":"<p>insunol D\u0130yabetik Macun 240 Gr&nbsp;<\/p>\n<p>240 gr&nbsp;<br \/>\n\u0130&ccedil;erik Ard\u0131&ccedil; Meyvesi &Ouml;z&uuml; , Barber Ekstrat\u0131 ,Beyaz Dut Ekstrat\u0131 , Av\u015far Otu &Ouml;z&uuml; ,<br \/>\nKara kekik Ekstrat\u0131 ve &Ccedil;&ouml;rek Otu &Ouml;z&uuml;<\/p>\n","protected":false},"excerpt":{"rendered":"<p>insunol D\u0130yabetik Macun 240 Gr<\/p>\n","protected":false},"featured_media":83307,"comment_status":"open","ping_status":"closed","template":"","meta":{"_kad_post_transparent":"","_kad_post_title":"","_kad_post_layout":"","_kad_post_sidebar_id":"","_kad_post_content_style":"","_kad_post_vertical_padding":"","_kad_post_feature":"","_kad_post_feature_position":"","_kad_post_header":false,"_kad_post_footer":false,"_kad_post_classname":""},"product_brand":[],"product_cat":[629,625],"product_tag":[],"class_list":{"0":"post-83308","1":"product","2":"type-product","3":"status-publish","4":"has-post-thumbnail","6":"product_cat-aktar-urunleri","7":"product_cat-bitkisel-organik","9":"first","10":"instock","11":"shipping-taxable","12":"purchasable","13":"product-type-simple","14":"entry","15":"content-bg","16":"loop-entry"},"_links":{"self":[{"href":"https:\/\/www.hediyepazar.com\/index.php?rest_route=\/wp\/v2\/product\/83308","targetHints":{"allow":["GET"]}}],"collection":[{"href":"https:\/\/www.hediyepazar.com\/index.php?rest_route=\/wp\/v2\/product"}],"about":[{"href":"https:\/\/www.hediyepazar.com\/index.php?rest_route=\/wp\/v2\/types\/product"}],"replies":[{"embeddable":true,"href":"https:\/\/www.hediyepazar.com\/index.php?rest_route=%2Fwp%2Fv2%2Fcomments&post=83308"}],"wp:featuredmedia":[{"embeddable":true,"href":"https:\/\/www.hediyepazar.com\/index.php?rest_route=\/wp\/v2\/media\/83307"}],"wp:attachment":[{"href":"https:\/\/www.hediyepazar.com\/index.php?rest_route=%2Fwp%2Fv2%2Fmedia&parent=83308"}],"wp:term":[{"taxonomy":"product_brand","embeddable":true,"href":"https:\/\/www.hediyepazar.com\/index.php?rest_route=%2Fwp%2Fv2%2Fproduct_brand&post=83308"},{"taxonomy":"product_cat","embeddable":true,"href":"https:\/\/www.hediyepazar.com\/index.php?rest_route=%2Fwp%2Fv2%2Fproduct_cat&post=83308"},{"taxonomy":"product_tag","embeddable":true,"href":"https:\/\/www.hediyepazar.com\/index.php?rest_route=%2Fwp%2Fv2%2Fproduct_tag&post=83308"}],"curies":[{"name":"wp","href":"https:\/\/api.w.org\/{rel}","templated":true}]}}