{"id":83312,"date":"2026-04-30T06:56:39","date_gmt":"2026-04-30T09:56:39","guid":{"rendered":"https:\/\/www.hediyepazar.com\/?product=arac-havalandirmasina-takilan-donebilen-guclu-telefon-tutucu-hr11"},"modified":"2026-04-30T06:56:39","modified_gmt":"2026-04-30T09:56:39","slug":"arac-havalandirmasina-takilan-donebilen-guclu-telefon-tutucu-hr11","status":"publish","type":"product","link":"https:\/\/www.hediyepazar.com\/?product=arac-havalandirmasina-takilan-donebilen-guclu-telefon-tutucu-hr11","title":{"rendered":"Ara\u00e7 Havaland\u0131rmas\u0131na Tak\u0131lan D\u00f6nebilen G\u00fc\u00e7l\u00fc Telefon Tutucu HR11"},"content":{"rendered":"<p>Ara&ccedil; Havaland\u0131rmas\u0131na Tak\u0131lan G&uuml;&ccedil;l&uuml; Telefon Tutucu HR11<br \/>\nKilit sistemi ile sert tutunma yaparak d&uuml;\u015fmez.<br \/>\nDarbeye dayan\u0131kl\u0131<br \/>\nTek elle kullan\u0131m<br \/>\nG&uuml;&ccedil;l&uuml; Tutunma<br \/>\nTelefonlara Uyumlu Model<br \/>\nStabil Telefon Duru\u015fu<br \/>\nAra&ccedil; havaland\u0131rmas\u0131na &ccedil;engeli sayesinde sert bi \u015fekilde tutunur.&nbsp;<br \/>\nBozuk yollarda d&uuml;\u015fme yapmaz<br \/>\n&nbsp;<\/p>\n","protected":false},"excerpt":{"rendered":"<p>Ara\u00e7 Havaland\u0131rmas\u0131na Tak\u0131lan G\u00fc\u00e7l\u00fc Telefon Tutucu HR11<\/p>\n","protected":false},"featured_media":83311,"comment_status":"open","ping_status":"closed","template":"","meta":{"_kad_post_transparent":"","_kad_post_title":"","_kad_post_layout":"","_kad_post_sidebar_id":"","_kad_post_content_style":"","_kad_post_vertical_padding":"","_kad_post_feature":"","_kad_post_feature_position":"","_kad_post_header":false,"_kad_post_footer":false,"_kad_post_classname":""},"product_brand":[],"product_cat":[562,449,616],"product_tag":[],"class_list":{"0":"post-83312","1":"product","2":"type-product","3":"status-publish","4":"has-post-thumbnail","6":"product_cat-cep-telefonu","7":"product_cat-elektronik","8":"product_cat-oto-aksesuarlari-2","10":"first","11":"instock","12":"shipping-taxable","13":"purchasable","14":"product-type-simple","15":"entry","16":"content-bg","17":"loop-entry"},"_links":{"self":[{"href":"https:\/\/www.hediyepazar.com\/index.php?rest_route=\/wp\/v2\/product\/83312","targetHints":{"allow":["GET"]}}],"collection":[{"href":"https:\/\/www.hediyepazar.com\/index.php?rest_route=\/wp\/v2\/product"}],"about":[{"href":"https:\/\/www.hediyepazar.com\/index.php?rest_route=\/wp\/v2\/types\/product"}],"replies":[{"embeddable":true,"href":"https:\/\/www.hediyepazar.com\/index.php?rest_route=%2Fwp%2Fv2%2Fcomments&post=83312"}],"wp:featuredmedia":[{"embeddable":true,"href":"https:\/\/www.hediyepazar.com\/index.php?rest_route=\/wp\/v2\/media\/83311"}],"wp:attachment":[{"href":"https:\/\/www.hediyepazar.com\/index.php?rest_route=%2Fwp%2Fv2%2Fmedia&parent=83312"}],"wp:term":[{"taxonomy":"product_brand","embeddable":true,"href":"https:\/\/www.hediyepazar.com\/index.php?rest_route=%2Fwp%2Fv2%2Fproduct_brand&post=83312"},{"taxonomy":"product_cat","embeddable":true,"href":"https:\/\/www.hediyepazar.com\/index.php?rest_route=%2Fwp%2Fv2%2Fproduct_cat&post=83312"},{"taxonomy":"product_tag","embeddable":true,"href":"https:\/\/www.hediyepazar.com\/index.php?rest_route=%2Fwp%2Fv2%2Fproduct_tag&post=83312"}],"curies":[{"name":"wp","href":"https:\/\/api.w.org\/{rel}","templated":true}]}}