{"id":83316,"date":"2026-04-30T06:56:49","date_gmt":"2026-04-30T09:56:49","guid":{"rendered":"https:\/\/www.hediyepazar.com\/?product=3lu-yatay-fume-renk-saklama-kabi-viva-0x258"},"modified":"2026-04-30T06:56:49","modified_gmt":"2026-04-30T09:56:49","slug":"3lu-yatay-fume-renk-saklama-kabi-viva-0x258","status":"publish","type":"product","link":"https:\/\/www.hediyepazar.com\/?product=3lu-yatay-fume-renk-saklama-kabi-viva-0x258","title":{"rendered":"3&#8217;l\u00fc Yatay F\u00fcme Renk Saklama Kab\u0131 Viva-0X258"},"content":{"rendered":"<div style=\"border-radius:6px\">\n<div style=\"padding-bottom:0px; padding-top:0px\">\n<div style=\"padding-bottom:0px; padding-top:0px\">\n<table style=\"border-collapse:collapse; width:170pt; border:none\" width=\"227\">\n<colgroup>\n<col style=\"width:170pt\" width=\"227\" \/>\n\t<\/colgroup>\n<tbody>\n<tr height=\"21\" style=\"height:15.75pt\">\n<td height=\"21\" style=\"border:none; height:15.75pt; width:170pt; padding-top:1px; padding-right:1px; padding-left:1px; vertical-align:bottom; white-space:nowrap\" width=\"227\"><span style=\"box-shadow:rgba(0, 0, 0, 0.05) 0px 1px 4px\"><span style=\"display:flex\"><span style=\"justify-content:space-between\"><span style=\"display:block\"><span style=\"font-size:11pt\"><span style=\"color:black\"><span style=\"font-weight:400\"><span style=\"font-style:normal\"><span style=\"text-decoration:none\"><span style=\"font-family:Calibri,sans-serif\">&Uuml;r&uuml;n i&ccedil;eri\u011fi: 1 adet 1,1 lt nano saklama kab\u0131:13,5*14*5 cm<br \/>\n\t\t\t1 adet 2,2 lt nano saklama kab\u0131: 17*18*6 cm<br \/>\n\t\t\t1 adet 3,65 lt nano saklama kab\u0131:22*22*7 cm<br \/>\n\t\t\t*Sa\u011fl\u0131\u011fa ciddi zararlar\u0131 olan BPA maddesini i&ccedil;ermez.<br \/>\n\t\t\t*Kapa\u011f\u0131 g\u0131dalar\u0131n uzun s&uuml;re taze kalmas\u0131na yard\u0131mc\u0131 olur.<br \/>\n\t\t\t*\u015eeffaf yap\u0131dad\u0131r.<br \/>\n\t\t\t*Dayan\u0131kl\u0131 yap\u0131s\u0131 ile uzun s&uuml;reli kullan\u0131m sa\u011flar.<\/span><\/span><\/span><\/span><\/span><\/span><\/span><\/span><\/span><\/span><\/td>\n<\/tr>\n<\/tbody>\n<\/table>\n<\/div>\n<\/div>\n<\/div>\n","protected":false},"excerpt":{"rendered":"<p>3&#8217;l\u00fc Yatay F\u00fcme Renk Saklama Kab\u0131 Viva-0X258<\/p>\n","protected":false},"featured_media":83315,"comment_status":"open","ping_status":"closed","template":"","meta":{"_kad_post_transparent":"","_kad_post_title":"","_kad_post_layout":"","_kad_post_sidebar_id":"","_kad_post_content_style":"","_kad_post_vertical_padding":"","_kad_post_feature":"","_kad_post_feature_position":"","_kad_post_header":false,"_kad_post_footer":false,"_kad_post_classname":""},"product_brand":[],"product_cat":[557,602,558],"product_tag":[],"class_list":{"0":"post-83316","1":"product","2":"type-product","3":"status-publish","4":"has-post-thumbnail","6":"product_cat-ev-yasam","7":"product_cat-mutfak-saklama-duzenleme","8":"product_cat-sofra-mutfak-2","10":"first","11":"instock","12":"shipping-taxable","13":"purchasable","14":"product-type-simple","15":"entry","16":"content-bg","17":"loop-entry"},"_links":{"self":[{"href":"https:\/\/www.hediyepazar.com\/index.php?rest_route=\/wp\/v2\/product\/83316","targetHints":{"allow":["GET"]}}],"collection":[{"href":"https:\/\/www.hediyepazar.com\/index.php?rest_route=\/wp\/v2\/product"}],"about":[{"href":"https:\/\/www.hediyepazar.com\/index.php?rest_route=\/wp\/v2\/types\/product"}],"replies":[{"embeddable":true,"href":"https:\/\/www.hediyepazar.com\/index.php?rest_route=%2Fwp%2Fv2%2Fcomments&post=83316"}],"wp:featuredmedia":[{"embeddable":true,"href":"https:\/\/www.hediyepazar.com\/index.php?rest_route=\/wp\/v2\/media\/83315"}],"wp:attachment":[{"href":"https:\/\/www.hediyepazar.com\/index.php?rest_route=%2Fwp%2Fv2%2Fmedia&parent=83316"}],"wp:term":[{"taxonomy":"product_brand","embeddable":true,"href":"https:\/\/www.hediyepazar.com\/index.php?rest_route=%2Fwp%2Fv2%2Fproduct_brand&post=83316"},{"taxonomy":"product_cat","embeddable":true,"href":"https:\/\/www.hediyepazar.com\/index.php?rest_route=%2Fwp%2Fv2%2Fproduct_cat&post=83316"},{"taxonomy":"product_tag","embeddable":true,"href":"https:\/\/www.hediyepazar.com\/index.php?rest_route=%2Fwp%2Fv2%2Fproduct_tag&post=83316"}],"curies":[{"name":"wp","href":"https:\/\/api.w.org\/{rel}","templated":true}]}}