{"id":83320,"date":"2026-04-30T06:57:04","date_gmt":"2026-04-30T09:57:04","guid":{"rendered":"https:\/\/www.hediyepazar.com\/?product=paslanmaz-celik-julyen-soyacak-1055-bh"},"modified":"2026-04-30T06:57:04","modified_gmt":"2026-04-30T09:57:04","slug":"paslanmaz-celik-julyen-soyacak-1055-bh","status":"publish","type":"product","link":"https:\/\/www.hediyepazar.com\/?product=paslanmaz-celik-julyen-soyacak-1055-bh","title":{"rendered":"Paslanmaz \u00c7elik J\u00fclyen Soyacak 1055 Bh"},"content":{"rendered":"<div style=\"border-radius:6px\">\n<div style=\"padding-bottom:0px; padding-top:0px\">\n<div style=\"padding-bottom:0px; padding-top:0px\">&nbsp;<\/div>\n<\/div>\n<\/div>\n<div style=\"border-radius:6px; text-align:start; -webkit-text-stroke-width:0px\">\n<div>&nbsp;<\/div>\n<\/div>\n<table style=\"border-collapse:collapse; width:170pt; border:none\" width=\"227\">\n<colgroup>\n<col style=\"width:170pt\" width=\"227\" \/>\n\t<\/colgroup>\n<tbody>\n<tr height=\"21\" style=\"height:15.75pt\">\n<td height=\"21\" style=\"border:none; height:15.75pt; width:170pt; padding-top:1px; padding-right:1px; padding-left:1px; vertical-align:bottom; white-space:nowrap\" width=\"227\"><span style=\"font-size:11pt\"><span style=\"color:black\"><span style=\"font-weight:400\"><span style=\"font-style:normal\"><span style=\"text-decoration:none\"><span style=\"font-family:Calibri,sans-serif\">Paslanmaz &Ccedil;elik J&uuml;lyen Soyacak Yiyeceklerinizi pratik \u015fekilde soyarak ve j&uuml;lyen do\u011framan\u0131z\u0131 sa\u011flar.<br \/>\n\t\t\tPatates soyaca\u011f\u0131, yada j&uuml;lyen sebze soyucu olarak her 2 y&ouml;n&uuml;n&uuml; de kullanabilirsiniz.<br \/>\n\t\t\tGeni\u015f a\u011f\u0131z ile en ideal \u015fekilde j&uuml;lyen do\u011frama sa\u011flar.<br \/>\n\t\t\tUzun ve estetik tasar\u0131m\u0131 sayesinde kolay kullan\u0131m imkan\u0131 sunar.<br \/>\n\t\t\tPaslanmaz &ccedil;elik malzemeden &uuml;retilmi\u015ftir.<br \/>\n\t\t\t&Uuml;r&uuml;n &Ouml;l&ccedil;&uuml;leri: 16 cm uzunluk 5,5 cm geni\u015flik<br \/>\n\t\t\tPaket \u0130&ccedil;eri\u011fi: 1 Adet Paslanmaz &Ccedil;elik J&uuml;lyen Soyacak<\/span><\/span><\/span><\/span><\/span><\/span><\/td>\n<\/tr>\n<\/tbody>\n<\/table>\n","protected":false},"excerpt":{"rendered":"<p>Paslanmaz \u00c7elik J\u00fclyen Soyacak 1055 Bh<\/p>\n","protected":false},"featured_media":83319,"comment_status":"open","ping_status":"closed","template":"","meta":{"_kad_post_transparent":"","_kad_post_title":"","_kad_post_layout":"","_kad_post_sidebar_id":"","_kad_post_content_style":"","_kad_post_vertical_padding":"","_kad_post_feature":"","_kad_post_feature_position":"","_kad_post_header":false,"_kad_post_footer":false,"_kad_post_classname":""},"product_brand":[],"product_cat":[557,558,560],"product_tag":[],"class_list":{"0":"post-83320","1":"product","2":"type-product","3":"status-publish","4":"has-post-thumbnail","6":"product_cat-ev-yasam","7":"product_cat-sofra-mutfak-2","8":"product_cat-yemek-hazirlik","10":"first","11":"instock","12":"shipping-taxable","13":"purchasable","14":"product-type-simple","15":"entry","16":"content-bg","17":"loop-entry"},"_links":{"self":[{"href":"https:\/\/www.hediyepazar.com\/index.php?rest_route=\/wp\/v2\/product\/83320","targetHints":{"allow":["GET"]}}],"collection":[{"href":"https:\/\/www.hediyepazar.com\/index.php?rest_route=\/wp\/v2\/product"}],"about":[{"href":"https:\/\/www.hediyepazar.com\/index.php?rest_route=\/wp\/v2\/types\/product"}],"replies":[{"embeddable":true,"href":"https:\/\/www.hediyepazar.com\/index.php?rest_route=%2Fwp%2Fv2%2Fcomments&post=83320"}],"wp:featuredmedia":[{"embeddable":true,"href":"https:\/\/www.hediyepazar.com\/index.php?rest_route=\/wp\/v2\/media\/83319"}],"wp:attachment":[{"href":"https:\/\/www.hediyepazar.com\/index.php?rest_route=%2Fwp%2Fv2%2Fmedia&parent=83320"}],"wp:term":[{"taxonomy":"product_brand","embeddable":true,"href":"https:\/\/www.hediyepazar.com\/index.php?rest_route=%2Fwp%2Fv2%2Fproduct_brand&post=83320"},{"taxonomy":"product_cat","embeddable":true,"href":"https:\/\/www.hediyepazar.com\/index.php?rest_route=%2Fwp%2Fv2%2Fproduct_cat&post=83320"},{"taxonomy":"product_tag","embeddable":true,"href":"https:\/\/www.hediyepazar.com\/index.php?rest_route=%2Fwp%2Fv2%2Fproduct_tag&post=83320"}],"curies":[{"name":"wp","href":"https:\/\/api.w.org\/{rel}","templated":true}]}}