{"id":83324,"date":"2026-04-30T06:57:26","date_gmt":"2026-04-30T09:57:26","guid":{"rendered":"https:\/\/www.hediyepazar.com\/?product=metal-un-elegi-buyuk-boy-1015-b"},"modified":"2026-04-30T06:57:26","modified_gmt":"2026-04-30T09:57:26","slug":"metal-un-elegi-buyuk-boy-1015-b","status":"publish","type":"product","link":"https:\/\/www.hediyepazar.com\/?product=metal-un-elegi-buyuk-boy-1015-b","title":{"rendered":"Metal Un Ele\u011fi B\u00fcy\u00fck Boy 1015-B"},"content":{"rendered":"<table style=\"border-collapse:collapse; width:170pt; border:none\" width=\"227\">\n<colgroup>\n<col style=\"width:170pt\" width=\"227\" \/>\n\t<\/colgroup>\n<tbody>\n<tr height=\"21\" style=\"height:15.75pt\">\n<td height=\"21\" style=\"border:none; height:15.75pt; width:170pt; padding-top:1px; padding-right:1px; padding-left:1px; vertical-align:bottom; white-space:nowrap\" width=\"227\"><span style=\"font-size:11pt\"><span style=\"color:black\"><span style=\"font-weight:400\"><span style=\"font-style:normal\"><span style=\"text-decoration:none\"><span style=\"font-family:Calibri,sans-serif\">&Ccedil;elik Paslanmaz Metal Mandall\u0131 Un,Pudra \u015eekeri,Ni\u015fasta,Kakao Ele\u011fi<br \/>\n\t\t\tTetikli un ele\u011fi yard\u0131m\u0131 ile un,\u015feker,ni\u015fasta gibi toz k\u0131vam\u0131nda olan kuru<br \/>\n\t\t\tg\u0131dalar\u0131n\u0131z\u0131 eleyerek incelmesini sa\u011flar pasta kurabiye ve benzeri hamur<br \/>\n\t\t\ti\u015fleri yap\u0131m\u0131nda topakla\u015fmalar\u0131n\u0131 &ouml;nlerek tarifinizi birebir uygulayabilirsiniz.<br \/>\n\t\t\tMandall\u0131 un ele\u011fi i&ccedil;erisinde bulunan de\u011firmen k\u0131sm\u0131 ile un \u015feker ve benzeri<br \/>\n\t\t\tkuru g\u0131dalar\u0131n\u0131z\u0131 mandal k\u0131sm\u0131ndan tetikleme yapt\u0131k&ccedil;a incelterek&nbsp;<br \/>\n\t\t\talt b&ouml;l&uuml;m&uuml;nden eleyerek tahliye eder.<br \/>\n\t\t\tPaket \u0130&ccedil;eri\u011fi : 1 Adet B&uuml;y&uuml;k Boy Metal Un Ele\u011fi&nbsp;<\/span><\/span><\/span><\/span><\/span><\/span><\/td>\n<\/tr>\n<\/tbody>\n<\/table>\n","protected":false},"excerpt":{"rendered":"<p>Metal Un Ele\u011fi B\u00fcy\u00fck Boy 1015-B<\/p>\n","protected":false},"featured_media":83323,"comment_status":"open","ping_status":"closed","template":"","meta":{"_kad_post_transparent":"","_kad_post_title":"","_kad_post_layout":"","_kad_post_sidebar_id":"","_kad_post_content_style":"","_kad_post_vertical_padding":"","_kad_post_feature":"","_kad_post_feature_position":"","_kad_post_header":false,"_kad_post_footer":false,"_kad_post_classname":""},"product_brand":[],"product_cat":[557,558,560],"product_tag":[],"class_list":{"0":"post-83324","1":"product","2":"type-product","3":"status-publish","4":"has-post-thumbnail","6":"product_cat-ev-yasam","7":"product_cat-sofra-mutfak-2","8":"product_cat-yemek-hazirlik","10":"first","11":"instock","12":"shipping-taxable","13":"purchasable","14":"product-type-simple","15":"entry","16":"content-bg","17":"loop-entry"},"_links":{"self":[{"href":"https:\/\/www.hediyepazar.com\/index.php?rest_route=\/wp\/v2\/product\/83324","targetHints":{"allow":["GET"]}}],"collection":[{"href":"https:\/\/www.hediyepazar.com\/index.php?rest_route=\/wp\/v2\/product"}],"about":[{"href":"https:\/\/www.hediyepazar.com\/index.php?rest_route=\/wp\/v2\/types\/product"}],"replies":[{"embeddable":true,"href":"https:\/\/www.hediyepazar.com\/index.php?rest_route=%2Fwp%2Fv2%2Fcomments&post=83324"}],"wp:featuredmedia":[{"embeddable":true,"href":"https:\/\/www.hediyepazar.com\/index.php?rest_route=\/wp\/v2\/media\/83323"}],"wp:attachment":[{"href":"https:\/\/www.hediyepazar.com\/index.php?rest_route=%2Fwp%2Fv2%2Fmedia&parent=83324"}],"wp:term":[{"taxonomy":"product_brand","embeddable":true,"href":"https:\/\/www.hediyepazar.com\/index.php?rest_route=%2Fwp%2Fv2%2Fproduct_brand&post=83324"},{"taxonomy":"product_cat","embeddable":true,"href":"https:\/\/www.hediyepazar.com\/index.php?rest_route=%2Fwp%2Fv2%2Fproduct_cat&post=83324"},{"taxonomy":"product_tag","embeddable":true,"href":"https:\/\/www.hediyepazar.com\/index.php?rest_route=%2Fwp%2Fv2%2Fproduct_tag&post=83324"}],"curies":[{"name":"wp","href":"https:\/\/api.w.org\/{rel}","templated":true}]}}