{"id":83336,"date":"2026-04-30T06:58:14","date_gmt":"2026-04-30T09:58:14","guid":{"rendered":"https:\/\/www.hediyepazar.com\/?product=banyo-takimi-gri-gri-cizgili-yuvarlak-5li-banyo-seti"},"modified":"2026-04-30T06:58:14","modified_gmt":"2026-04-30T09:58:14","slug":"banyo-takimi-gri-gri-cizgili-yuvarlak-5li-banyo-seti","status":"publish","type":"product","link":"https:\/\/www.hediyepazar.com\/?product=banyo-takimi-gri-gri-cizgili-yuvarlak-5li-banyo-seti","title":{"rendered":"Banyo Tak\u0131m\u0131 Gri- Gri \u00c7izgili Yuvarlak 5&#8217;li Banyo Seti"},"content":{"rendered":"<table style=\"border-collapse:collapse; width:170pt; border:none\" width=\"227\">\n<colgroup>\n<col style=\"width:170pt\" width=\"227\" \/>\n\t<\/colgroup>\n<tbody>\n<tr height=\"21\" style=\"height:15.75pt\">\n<td height=\"21\" style=\"border:none; height:15.75pt; width:170pt; padding-top:1px; padding-right:1px; padding-left:1px; vertical-align:bottom; white-space:nowrap\" width=\"227\"><span style=\"font-size:11pt\"><span style=\"color:black\"><span style=\"font-weight:400\"><span style=\"font-style:normal\"><span style=\"text-decoration:none\"><span style=\"font-family:Calibri,sans-serif\">&Uuml;r&uuml;n&uuml;m&uuml;z 5&rsquo;li set \u015feklindedir.<br \/>\n\t\t\tSert plastik malzemedir.<br \/>\n\t\t\tPaket \u0130&ccedil;eri\u011fi : 1 adet &ccedil;&ouml;p kovas\u0131 1 adet di\u015f f\u0131r&ccedil;al\u0131k 1 adet sabunluk 1 adet s\u0131v\u0131 sabunluk 1 adet tuvalet f\u0131r&ccedil;as\u0131&nbsp;<\/span><\/span><\/span><\/span><\/span><\/span><\/td>\n<\/tr>\n<\/tbody>\n<\/table>\n","protected":false},"excerpt":{"rendered":"<p>Banyo Tak\u0131m\u0131 Gri- Gri \u00c7izgili Yuvarlak 5&#8217;li Banyo Seti<\/p>\n","protected":false},"featured_media":83335,"comment_status":"open","ping_status":"closed","template":"","meta":{"_kad_post_transparent":"","_kad_post_title":"","_kad_post_layout":"","_kad_post_sidebar_id":"","_kad_post_content_style":"","_kad_post_vertical_padding":"","_kad_post_feature":"","_kad_post_feature_position":"","_kad_post_header":false,"_kad_post_footer":false,"_kad_post_classname":""},"product_brand":[],"product_cat":[611,612,557],"product_tag":[],"class_list":{"0":"post-83336","1":"product","2":"type-product","3":"status-publish","4":"has-post-thumbnail","6":"product_cat-banyo","7":"product_cat-banyo-aksesuarlari","8":"product_cat-ev-yasam","10":"first","11":"instock","12":"shipping-taxable","13":"purchasable","14":"product-type-simple","15":"entry","16":"content-bg","17":"loop-entry"},"_links":{"self":[{"href":"https:\/\/www.hediyepazar.com\/index.php?rest_route=\/wp\/v2\/product\/83336","targetHints":{"allow":["GET"]}}],"collection":[{"href":"https:\/\/www.hediyepazar.com\/index.php?rest_route=\/wp\/v2\/product"}],"about":[{"href":"https:\/\/www.hediyepazar.com\/index.php?rest_route=\/wp\/v2\/types\/product"}],"replies":[{"embeddable":true,"href":"https:\/\/www.hediyepazar.com\/index.php?rest_route=%2Fwp%2Fv2%2Fcomments&post=83336"}],"wp:featuredmedia":[{"embeddable":true,"href":"https:\/\/www.hediyepazar.com\/index.php?rest_route=\/wp\/v2\/media\/83335"}],"wp:attachment":[{"href":"https:\/\/www.hediyepazar.com\/index.php?rest_route=%2Fwp%2Fv2%2Fmedia&parent=83336"}],"wp:term":[{"taxonomy":"product_brand","embeddable":true,"href":"https:\/\/www.hediyepazar.com\/index.php?rest_route=%2Fwp%2Fv2%2Fproduct_brand&post=83336"},{"taxonomy":"product_cat","embeddable":true,"href":"https:\/\/www.hediyepazar.com\/index.php?rest_route=%2Fwp%2Fv2%2Fproduct_cat&post=83336"},{"taxonomy":"product_tag","embeddable":true,"href":"https:\/\/www.hediyepazar.com\/index.php?rest_route=%2Fwp%2Fv2%2Fproduct_tag&post=83336"}],"curies":[{"name":"wp","href":"https:\/\/api.w.org\/{rel}","templated":true}]}}