{"id":83350,"date":"2026-04-30T06:58:48","date_gmt":"2026-04-30T09:58:48","guid":{"rendered":"https:\/\/www.hediyepazar.com\/?product=2-lt-celik-termos-renkli-clkn-1382"},"modified":"2026-04-30T06:58:48","modified_gmt":"2026-04-30T09:58:48","slug":"2-lt-celik-termos-renkli-clkn-1382","status":"publish","type":"product","link":"https:\/\/www.hediyepazar.com\/?product=2-lt-celik-termos-renkli-clkn-1382","title":{"rendered":"2 LT \u00c7elik Termos Renkli Clkn-1382"},"content":{"rendered":"<table style=\"border-collapse:collapse; width:175pt; border:none\" width=\"234\">\n<colgroup>\n<col style=\"width:175pt\" width=\"234\" \/>\n\t<\/colgroup>\n<tbody>\n<tr height=\"21\" style=\"height:15.6pt\">\n<td height=\"21\" style=\"border:none; height:15.6pt; width:175pt; padding-top:1px; padding-right:1px; padding-left:1px; vertical-align:bottom; white-space:nowrap\" width=\"234\"><span style=\"font-size:11pt\"><span style=\"color:black\"><span style=\"font-weight:400\"><span style=\"font-style:normal\"><span style=\"text-decoration:none\"><span style=\"font-family:Calibri,sans-serif\">&nbsp;&bull; &Ccedil;ift kat paslanmaz ve k\u0131r\u0131lmaz &ccedil;elik.<br \/>\n\t\t\t&bull; Modern ve \u015f\u0131k tasar\u0131m<br \/>\n\t\t\t&bull; Ergonomik ve kolay kullan\u0131ml\u0131<br \/>\n\t\t\t&bull; 12 saat i&ccedil;ilebilir d&uuml;zeyde s\u0131cak so\u011fuk koruma<br \/>\n\t\t\t&bull; %100 yerli &uuml;r&uuml;n,%100 yerli sermayenin &uuml;r&uuml;n&uuml;<br \/>\n\t\t\tPaket \u0130&ccedil;eri\u011fi : 1 Adet 2 Lt &Ccedil;elik Termos Renkli Clkn-1382<\/span><\/span><\/span><\/span><\/span><\/span><\/td>\n<\/tr>\n<\/tbody>\n<\/table>\n","protected":false},"excerpt":{"rendered":"<p>2 LT \u00c7elik Termos Renkli Clkn-1382<\/p>\n","protected":false},"featured_media":83349,"comment_status":"open","ping_status":"closed","template":"","meta":{"_kad_post_transparent":"","_kad_post_title":"","_kad_post_layout":"","_kad_post_sidebar_id":"","_kad_post_content_style":"","_kad_post_vertical_padding":"","_kad_post_feature":"","_kad_post_feature_position":"","_kad_post_header":false,"_kad_post_footer":false,"_kad_post_classname":""},"product_brand":[],"product_cat":[671,672,670],"product_tag":[],"class_list":{"0":"post-83350","1":"product","2":"type-product","3":"status-publish","4":"has-post-thumbnail","6":"product_cat-outdoor","7":"product_cat-outdoor-ekipmanlari","8":"product_cat-sporoutdoor","10":"first","11":"instock","12":"shipping-taxable","13":"purchasable","14":"product-type-simple","15":"entry","16":"content-bg","17":"loop-entry"},"_links":{"self":[{"href":"https:\/\/www.hediyepazar.com\/index.php?rest_route=\/wp\/v2\/product\/83350","targetHints":{"allow":["GET"]}}],"collection":[{"href":"https:\/\/www.hediyepazar.com\/index.php?rest_route=\/wp\/v2\/product"}],"about":[{"href":"https:\/\/www.hediyepazar.com\/index.php?rest_route=\/wp\/v2\/types\/product"}],"replies":[{"embeddable":true,"href":"https:\/\/www.hediyepazar.com\/index.php?rest_route=%2Fwp%2Fv2%2Fcomments&post=83350"}],"wp:featuredmedia":[{"embeddable":true,"href":"https:\/\/www.hediyepazar.com\/index.php?rest_route=\/wp\/v2\/media\/83349"}],"wp:attachment":[{"href":"https:\/\/www.hediyepazar.com\/index.php?rest_route=%2Fwp%2Fv2%2Fmedia&parent=83350"}],"wp:term":[{"taxonomy":"product_brand","embeddable":true,"href":"https:\/\/www.hediyepazar.com\/index.php?rest_route=%2Fwp%2Fv2%2Fproduct_brand&post=83350"},{"taxonomy":"product_cat","embeddable":true,"href":"https:\/\/www.hediyepazar.com\/index.php?rest_route=%2Fwp%2Fv2%2Fproduct_cat&post=83350"},{"taxonomy":"product_tag","embeddable":true,"href":"https:\/\/www.hediyepazar.com\/index.php?rest_route=%2Fwp%2Fv2%2Fproduct_tag&post=83350"}],"curies":[{"name":"wp","href":"https:\/\/api.w.org\/{rel}","templated":true}]}}