{"id":83368,"date":"2026-04-30T06:59:37","date_gmt":"2026-04-30T09:59:37","guid":{"rendered":"https:\/\/www.hediyepazar.com\/?product=arga-degisebilir-baslikli-tarak-4-baslikli-tarak-tarak"},"modified":"2026-04-30T06:59:37","modified_gmt":"2026-04-30T09:59:37","slug":"arga-degisebilir-baslikli-tarak-4-baslikli-tarak-tarak","status":"publish","type":"product","link":"https:\/\/www.hediyepazar.com\/?product=arga-degisebilir-baslikli-tarak-4-baslikli-tarak-tarak","title":{"rendered":"ARGA De\u011fi\u015febilir Ba\u015fl\u0131kl\u0131 Tarak\/4 Ba\u015fl\u0131kl\u0131 Tarak \/Tarak"},"content":{"rendered":"<p><span style=\"font-size:11pt\"><span style=\"background:#fefefe\"><span style=\"line-height:19.5pt\"><span style=\"font-family:Calibri,sans-serif\"><span style=\"font-size:15.0pt\"><span style=\"font-family:&quot;Times New Roman&quot;,serif\"><span style=\"color:#333333\">De\u011fi\u015febilir Ba\u015fl\u0131kl\u0131 Tarak\/4 Ba\u015fl\u0131kl\u0131 Tarak \/Tarak<\/span><\/span><\/span><\/span><\/span><\/span><\/span><\/p>\n<p><span style=\"font-size:11pt\"><span style=\"line-height:107%\"><span style=\"font-family:Calibri,sans-serif\"><span style=\"font-size:15.0pt\"><span style=\"line-height:107%\"><span style=\"font-family:&quot;Times New Roman&quot;,serif\"><span style=\"color:#333333\">Tek tarak 4 fonksiyon<\/span><\/span><\/span><\/span><\/span><\/span><\/span><br \/>\n<span style=\"font-size:11pt\"><span style=\"line-height:107%\"><span style=\"font-family:Calibri,sans-serif\"><span style=\"font-size:15.0pt\"><span style=\"line-height:107%\"><span style=\"font-family:&quot;Times New Roman&quot;,serif\"><span style=\"color:#333333\">De\u011fi\u015ftirilebilir ba\u015fl\u0131\u011f\u0131 sayesinde g&uuml;nl&uuml;k kullan\u0131m i&ccedil;in m&uuml;kemmel bir ara&ccedil;t\u0131r<\/span><\/span><\/span><\/span><\/span><\/span><\/span><br \/>\n<span style=\"font-size:11pt\"><span style=\"line-height:107%\"><span style=\"font-family:Calibri,sans-serif\"><span style=\"font-size:15.0pt\"><span style=\"line-height:107%\"><span style=\"font-family:&quot;Times New Roman&quot;,serif\"><span style=\"color:#333333\">T&uuml;m sa&ccedil; tipleri i&ccedil;in idealdir<\/span><\/span><\/span><\/span><\/span><\/span><\/span><br \/>\n<span style=\"font-size:11pt\"><span style=\"line-height:107%\"><span style=\"font-family:Calibri,sans-serif\"><span style=\"font-size:15.0pt\"><span style=\"line-height:107%\"><span style=\"font-family:&quot;Times New Roman&quot;,serif\"><span style=\"color:#333333\">Erkekler kad\u0131nlar ve &ccedil;ocuklar i&ccedil;in uygundur<\/span><\/span><\/span><\/span><\/span><\/span><\/span><br \/>\n<span style=\"font-size:11pt\"><span style=\"line-height:107%\"><span style=\"font-family:Calibri,sans-serif\"><span style=\"font-size:15.0pt\"><span style=\"line-height:107%\"><span style=\"font-family:&quot;Times New Roman&quot;,serif\"><span style=\"color:#333333\">Sa&ccedil; derisine masaj yapma &ouml;zelli\u011fi sayesinde kan dola\u015f\u0131m\u0131n\u0131 h\u0131zland\u0131r\u0131r,<br \/>\nsa&ccedil; b&uuml;y&uuml;mesini art\u0131rmaya yard\u0131mc\u0131 olur ve sa&ccedil;a zarar vermeden kar\u0131\u015f\u0131kl\u0131klar\u0131 giderir<\/span><\/span><\/span><\/span><\/span><\/span><\/span><br \/>\n<span style=\"font-size:11pt\"><span style=\"line-height:107%\"><span style=\"font-family:Calibri,sans-serif\"><span style=\"font-size:15.0pt\"><span style=\"line-height:107%\"><span style=\"font-family:&quot;Times New Roman&quot;,serif\"><span style=\"color:#333333\">Kaliteli malzemeden &uuml;retilmi\u015ftir \u0131s\u0131ya dayan\u0131kl\u0131d\u0131r<\/span><\/span><\/span><\/span><\/span><\/span><\/span><br \/>\n&nbsp;<\/p>\n","protected":false},"excerpt":{"rendered":"<p>ARGA De\u011fi\u015febilir Ba\u015fl\u0131kl\u0131 Tarak\/4 Ba\u015fl\u0131kl\u0131 Tarak \/Tarak<\/p>\n","protected":false},"featured_media":83367,"comment_status":"open","ping_status":"closed","template":"","meta":{"_kad_post_transparent":"","_kad_post_title":"","_kad_post_layout":"","_kad_post_sidebar_id":"","_kad_post_content_style":"","_kad_post_vertical_padding":"","_kad_post_feature":"","_kad_post_feature_position":"","_kad_post_header":false,"_kad_post_footer":false,"_kad_post_classname":""},"product_brand":[],"product_cat":[452,586,587],"product_tag":[],"class_list":{"0":"post-83368","1":"product","2":"type-product","3":"status-publish","4":"has-post-thumbnail","6":"product_cat-kozmetik","7":"product_cat-sac-bakimi","8":"product_cat-sac-fircasi-ve-tarak","10":"first","11":"instock","12":"shipping-taxable","13":"purchasable","14":"product-type-simple","15":"entry","16":"content-bg","17":"loop-entry"},"_links":{"self":[{"href":"https:\/\/www.hediyepazar.com\/index.php?rest_route=\/wp\/v2\/product\/83368","targetHints":{"allow":["GET"]}}],"collection":[{"href":"https:\/\/www.hediyepazar.com\/index.php?rest_route=\/wp\/v2\/product"}],"about":[{"href":"https:\/\/www.hediyepazar.com\/index.php?rest_route=\/wp\/v2\/types\/product"}],"replies":[{"embeddable":true,"href":"https:\/\/www.hediyepazar.com\/index.php?rest_route=%2Fwp%2Fv2%2Fcomments&post=83368"}],"wp:featuredmedia":[{"embeddable":true,"href":"https:\/\/www.hediyepazar.com\/index.php?rest_route=\/wp\/v2\/media\/83367"}],"wp:attachment":[{"href":"https:\/\/www.hediyepazar.com\/index.php?rest_route=%2Fwp%2Fv2%2Fmedia&parent=83368"}],"wp:term":[{"taxonomy":"product_brand","embeddable":true,"href":"https:\/\/www.hediyepazar.com\/index.php?rest_route=%2Fwp%2Fv2%2Fproduct_brand&post=83368"},{"taxonomy":"product_cat","embeddable":true,"href":"https:\/\/www.hediyepazar.com\/index.php?rest_route=%2Fwp%2Fv2%2Fproduct_cat&post=83368"},{"taxonomy":"product_tag","embeddable":true,"href":"https:\/\/www.hediyepazar.com\/index.php?rest_route=%2Fwp%2Fv2%2Fproduct_tag&post=83368"}],"curies":[{"name":"wp","href":"https:\/\/api.w.org\/{rel}","templated":true}]}}