{"id":83376,"date":"2026-04-30T07:00:06","date_gmt":"2026-04-30T10:00:06","guid":{"rendered":"https:\/\/www.hediyepazar.com\/?product=4-katli-metal-sebze-meyve-cok-amacli-raf-tekerlekli"},"modified":"2026-04-30T07:00:06","modified_gmt":"2026-04-30T10:00:06","slug":"4-katli-metal-sebze-meyve-cok-amacli-raf-tekerlekli","status":"publish","type":"product","link":"https:\/\/www.hediyepazar.com\/?product=4-katli-metal-sebze-meyve-cok-amacli-raf-tekerlekli","title":{"rendered":"4 Katl\u0131 Metal Sebze-Meyve \u00c7ok Ama\u00e7l\u0131 Raf Tekerlekli"},"content":{"rendered":"<table style=\"border-collapse:collapse; width:175pt; border:none\" width=\"234\">\n<colgroup>\n<col style=\"width:175pt\" width=\"234\" \/>\n\t<\/colgroup>\n<tbody>\n<tr height=\"19\" style=\"height:14.4pt\">\n<td class=\"xl65\" height=\"19\" style=\"border:none; height:14.4pt; width:175pt; padding-top:1px; padding-right:1px; padding-left:1px; vertical-align:bottom; white-space:nowrap\" width=\"234\"><span style=\"font-size:11pt\"><span style=\"font-family:Calibri,sans-serif\"><span style=\"font-weight:400\"><span style=\"font-style:normal\"><span style=\"text-decoration:none\">Y&uuml;kseklik : 84 cm<br \/>\n\t\t\tGeni\u015flik: 41 cm<br \/>\n\t\t\tDerinlik: 23 cm<br \/>\n\t\t\t4 Sepete sahiptir.<br \/>\n\t\t\tS&ouml;k&uuml;lmesi ve kurulmas\u0131 &ccedil;ok basittir<br \/>\n\t\t\tSu, nem ve buhardan asla etkilenmez malzemede &uuml;retilmi\u015ftir<br \/>\n\t\t\tEv veya ofis i&ccedil;erisinde &ouml;zellikle mutfak ve banyo ba\u015fta olmak &uuml;zere her yerde rahat&ccedil;a kullan\u0131l\u0131r<br \/>\n\t\t\tBanyo raf\u0131, mutfak raf\u0131, ayakkab\u0131l\u0131k, sebze meyve sepeti &ccedil;ok ama&ccedil;l\u0131 orijinal &uuml;r&uuml;nd&uuml;r<br \/>\n\t\t\tPaket \u0130&ccedil;eri\u011fi : 1 Adet 4 Katl\u0131 Metal Sebzelik<\/span><\/span><\/span><\/span><\/span><\/td>\n<\/tr>\n<\/tbody>\n<\/table>\n","protected":false},"excerpt":{"rendered":"<p>4 Katl\u0131 Metal Sebze-Meyve \u00c7ok Ama\u00e7l\u0131 Raf Tekerlekli<\/p>\n","protected":false},"featured_media":83375,"comment_status":"open","ping_status":"closed","template":"","meta":{"_kad_post_transparent":"","_kad_post_title":"","_kad_post_layout":"","_kad_post_sidebar_id":"","_kad_post_content_style":"","_kad_post_vertical_padding":"","_kad_post_feature":"","_kad_post_feature_position":"","_kad_post_header":false,"_kad_post_footer":false,"_kad_post_classname":""},"product_brand":[],"product_cat":[557,623,680],"product_tag":[],"class_list":{"0":"post-83376","1":"product","2":"type-product","3":"status-publish","4":"has-post-thumbnail","6":"product_cat-ev-yasam","7":"product_cat-mobilya","8":"product_cat-mutfak-banyo-mobilyasi","10":"first","11":"instock","12":"shipping-taxable","13":"purchasable","14":"product-type-simple","15":"entry","16":"content-bg","17":"loop-entry"},"_links":{"self":[{"href":"https:\/\/www.hediyepazar.com\/index.php?rest_route=\/wp\/v2\/product\/83376","targetHints":{"allow":["GET"]}}],"collection":[{"href":"https:\/\/www.hediyepazar.com\/index.php?rest_route=\/wp\/v2\/product"}],"about":[{"href":"https:\/\/www.hediyepazar.com\/index.php?rest_route=\/wp\/v2\/types\/product"}],"replies":[{"embeddable":true,"href":"https:\/\/www.hediyepazar.com\/index.php?rest_route=%2Fwp%2Fv2%2Fcomments&post=83376"}],"wp:featuredmedia":[{"embeddable":true,"href":"https:\/\/www.hediyepazar.com\/index.php?rest_route=\/wp\/v2\/media\/83375"}],"wp:attachment":[{"href":"https:\/\/www.hediyepazar.com\/index.php?rest_route=%2Fwp%2Fv2%2Fmedia&parent=83376"}],"wp:term":[{"taxonomy":"product_brand","embeddable":true,"href":"https:\/\/www.hediyepazar.com\/index.php?rest_route=%2Fwp%2Fv2%2Fproduct_brand&post=83376"},{"taxonomy":"product_cat","embeddable":true,"href":"https:\/\/www.hediyepazar.com\/index.php?rest_route=%2Fwp%2Fv2%2Fproduct_cat&post=83376"},{"taxonomy":"product_tag","embeddable":true,"href":"https:\/\/www.hediyepazar.com\/index.php?rest_route=%2Fwp%2Fv2%2Fproduct_tag&post=83376"}],"curies":[{"name":"wp","href":"https:\/\/api.w.org\/{rel}","templated":true}]}}