{"id":83378,"date":"2026-04-30T07:00:14","date_gmt":"2026-04-30T10:00:14","guid":{"rendered":"https:\/\/www.hediyepazar.com\/?product=3-katli-metal-raf-tekerlekli-duzenleyici-organizator-demonte"},"modified":"2026-04-30T07:00:14","modified_gmt":"2026-04-30T10:00:14","slug":"3-katli-metal-raf-tekerlekli-duzenleyici-organizator-demonte","status":"publish","type":"product","link":"https:\/\/www.hediyepazar.com\/?product=3-katli-metal-raf-tekerlekli-duzenleyici-organizator-demonte","title":{"rendered":"3 Katl\u0131 Metal Raf Tekerlekli- D\u00fczenleyici &#8211; Organizat\u00f6r (DEMONTE)"},"content":{"rendered":"<table style=\"border-collapse:collapse; width:175pt; border:none\" width=\"234\">\n<colgroup>\n<col style=\"width:175pt\" width=\"234\" \/>\n\t<\/colgroup>\n<tbody>\n<tr height=\"21\" style=\"height:15.6pt\">\n<td class=\"xl65\" height=\"21\" style=\"border:none; height:15.6pt; width:175pt; padding-top:1px; padding-right:1px; padding-left:1px; vertical-align:bottom; white-space:nowrap\" width=\"234\"><span style=\"font-size:11pt\"><span style=\"font-family:Calibri,sans-serif\"><span style=\"font-weight:400\"><span style=\"font-style:normal\"><span style=\"text-decoration:none\">Hazneli-Tekerlekli-Paslanmaz 3 katl\u0131 metal raf tekelekli<br \/>\n\t\t\thazneli paslanamaz Kurulumu kolay \u015e\u0131k kullan\u0131\u015fl\u0131<br \/>\n\t\t\tDemonte olarak g&ouml;nderiliecektir.<br \/>\n\t\t\tKurulumu Basittir<br \/>\n\t\t\t&Uuml;r&uuml;n &Ouml;l&ccedil;&uuml;leri : 41 x 23 x 60<br \/>\n\t\t\tPaket \u0130&ccedil;eri\u011fi : 1 Adet 3 Katl\u0131 Metal Raf<\/span><\/span><\/span><\/span><\/span><\/td>\n<\/tr>\n<\/tbody>\n<\/table>\n","protected":false},"excerpt":{"rendered":"<p>3 Katl\u0131 Metal Raf Tekerlekli- D\u00fczenleyici &#8211; Organizat\u00f6r (DEMONTE)<\/p>\n","protected":false},"featured_media":83377,"comment_status":"open","ping_status":"closed","template":"","meta":{"_kad_post_transparent":"","_kad_post_title":"","_kad_post_layout":"","_kad_post_sidebar_id":"","_kad_post_content_style":"","_kad_post_vertical_padding":"","_kad_post_feature":"","_kad_post_feature_position":"","_kad_post_header":false,"_kad_post_footer":false,"_kad_post_classname":""},"product_brand":[],"product_cat":[557,623,680],"product_tag":[],"class_list":{"0":"post-83378","1":"product","2":"type-product","3":"status-publish","4":"has-post-thumbnail","6":"product_cat-ev-yasam","7":"product_cat-mobilya","8":"product_cat-mutfak-banyo-mobilyasi","10":"first","11":"instock","12":"shipping-taxable","13":"purchasable","14":"product-type-simple","15":"entry","16":"content-bg","17":"loop-entry"},"_links":{"self":[{"href":"https:\/\/www.hediyepazar.com\/index.php?rest_route=\/wp\/v2\/product\/83378","targetHints":{"allow":["GET"]}}],"collection":[{"href":"https:\/\/www.hediyepazar.com\/index.php?rest_route=\/wp\/v2\/product"}],"about":[{"href":"https:\/\/www.hediyepazar.com\/index.php?rest_route=\/wp\/v2\/types\/product"}],"replies":[{"embeddable":true,"href":"https:\/\/www.hediyepazar.com\/index.php?rest_route=%2Fwp%2Fv2%2Fcomments&post=83378"}],"wp:featuredmedia":[{"embeddable":true,"href":"https:\/\/www.hediyepazar.com\/index.php?rest_route=\/wp\/v2\/media\/83377"}],"wp:attachment":[{"href":"https:\/\/www.hediyepazar.com\/index.php?rest_route=%2Fwp%2Fv2%2Fmedia&parent=83378"}],"wp:term":[{"taxonomy":"product_brand","embeddable":true,"href":"https:\/\/www.hediyepazar.com\/index.php?rest_route=%2Fwp%2Fv2%2Fproduct_brand&post=83378"},{"taxonomy":"product_cat","embeddable":true,"href":"https:\/\/www.hediyepazar.com\/index.php?rest_route=%2Fwp%2Fv2%2Fproduct_cat&post=83378"},{"taxonomy":"product_tag","embeddable":true,"href":"https:\/\/www.hediyepazar.com\/index.php?rest_route=%2Fwp%2Fv2%2Fproduct_tag&post=83378"}],"curies":[{"name":"wp","href":"https:\/\/api.w.org\/{rel}","templated":true}]}}