{"id":83380,"date":"2026-04-30T07:00:21","date_gmt":"2026-04-30T10:00:21","guid":{"rendered":"https:\/\/www.hediyepazar.com\/?product=paslanmaz-bez-askilikli-mutfak-sivi-sabunluk-gri"},"modified":"2026-04-30T07:00:21","modified_gmt":"2026-04-30T10:00:21","slug":"paslanmaz-bez-askilikli-mutfak-sivi-sabunluk-gri","status":"publish","type":"product","link":"https:\/\/www.hediyepazar.com\/?product=paslanmaz-bez-askilikli-mutfak-sivi-sabunluk-gri","title":{"rendered":"Paslanmaz Bez Ask\u0131l\u0131kl\u0131 Mutfak S\u0131v\u0131 Sabunluk Gri"},"content":{"rendered":"<table style=\"border-collapse:collapse; width:175pt; border:none\" width=\"234\">\n<colgroup>\n<col style=\"width:175pt\" width=\"234\" \/>\n\t<\/colgroup>\n<tbody>\n<tr height=\"21\" style=\"height:15.6pt\">\n<td class=\"xl65\" height=\"21\" style=\"border:none; height:15.6pt; width:175pt; padding-top:1px; padding-right:1px; padding-left:1px; vertical-align:bottom; white-space:nowrap\" width=\"234\">\n\t\t\t<span style=\"font-size:11pt\"><span style=\"font-family:Calibri,sans-serif\"><span style=\"font-weight:400\"><span style=\"font-style:normal\"><span style=\"text-decoration:none\">&Uuml;r&uuml;n&uuml;m&uuml;z y&uuml;ksek performansl\u0131 sert plastikten, ask\u0131 aparat\u0131 paslanmaz al&uuml;minyumdan &uuml;retilmi\u015ftir.<br \/>\n\t\t\tKanserojen madde i&ccedil;ermez.<br \/>\n\t\t\tDarbelere kar\u015f\u0131 ultra dayan\u0131kl\u0131d\u0131r.<br \/>\n\t\t\tPlastik malzemeler i&ccedil;erisinde en sa\u011fl\u0131kl\u0131 ve kullan\u0131m\u0131 uygun malzemedir.<br \/>\n\t\t\tAsk\u0131 aparat\u0131 paslanmaz al&uuml;minyumdur.<br \/>\n\t\t\tKaymaz tabanl\u0131d\u0131r.<br \/>\n\t\t\tBez ask\u0131 aparat\u0131 d&ouml;nebilir.<br \/>\n\t\t\tDeterjan konulan sabunluk tek ba\u015f\u0131na kullan\u0131labilmektedir.<br \/>\n\t\t\tParlak ve krom kaplamal\u0131 plastik kombinasyonu<br \/>\n\t\t\tG&ouml;rselimizdeki s&uuml;nger ve el bezi dekor ama&ccedil;l\u0131 olup &uuml;r&uuml;ne dahil de\u011fildir.<br \/>\n\t\t\t420 ml deterjan kapasitelidir.<br \/>\n\t\t\t&Uuml;r&uuml;n &ouml;l&ccedil;&uuml;leri: Boy 21 cm x en 9,5 cm x y&uuml;kseklik 20 cm Paket \u0130&ccedil;eri\u011fi : 1 Adet<\/span><\/span><\/span><\/span><\/span><\/td>\n<\/tr>\n<\/tbody>\n<\/table>\n","protected":false},"excerpt":{"rendered":"<p>Paslanmaz Bez Ask\u0131l\u0131kl\u0131 Mutfak S\u0131v\u0131 Sabunluk Gri<\/p>\n","protected":false},"featured_media":83379,"comment_status":"open","ping_status":"closed","template":"","meta":{"_kad_post_transparent":"","_kad_post_title":"","_kad_post_layout":"","_kad_post_sidebar_id":"","_kad_post_content_style":"","_kad_post_vertical_padding":"","_kad_post_feature":"","_kad_post_feature_position":"","_kad_post_header":false,"_kad_post_footer":false,"_kad_post_classname":""},"product_brand":[],"product_cat":[611,612,557],"product_tag":[],"class_list":{"0":"post-83380","1":"product","2":"type-product","3":"status-publish","4":"has-post-thumbnail","6":"product_cat-banyo","7":"product_cat-banyo-aksesuarlari","8":"product_cat-ev-yasam","10":"first","11":"instock","12":"shipping-taxable","13":"purchasable","14":"product-type-simple","15":"entry","16":"content-bg","17":"loop-entry"},"_links":{"self":[{"href":"https:\/\/www.hediyepazar.com\/index.php?rest_route=\/wp\/v2\/product\/83380","targetHints":{"allow":["GET"]}}],"collection":[{"href":"https:\/\/www.hediyepazar.com\/index.php?rest_route=\/wp\/v2\/product"}],"about":[{"href":"https:\/\/www.hediyepazar.com\/index.php?rest_route=\/wp\/v2\/types\/product"}],"replies":[{"embeddable":true,"href":"https:\/\/www.hediyepazar.com\/index.php?rest_route=%2Fwp%2Fv2%2Fcomments&post=83380"}],"wp:featuredmedia":[{"embeddable":true,"href":"https:\/\/www.hediyepazar.com\/index.php?rest_route=\/wp\/v2\/media\/83379"}],"wp:attachment":[{"href":"https:\/\/www.hediyepazar.com\/index.php?rest_route=%2Fwp%2Fv2%2Fmedia&parent=83380"}],"wp:term":[{"taxonomy":"product_brand","embeddable":true,"href":"https:\/\/www.hediyepazar.com\/index.php?rest_route=%2Fwp%2Fv2%2Fproduct_brand&post=83380"},{"taxonomy":"product_cat","embeddable":true,"href":"https:\/\/www.hediyepazar.com\/index.php?rest_route=%2Fwp%2Fv2%2Fproduct_cat&post=83380"},{"taxonomy":"product_tag","embeddable":true,"href":"https:\/\/www.hediyepazar.com\/index.php?rest_route=%2Fwp%2Fv2%2Fproduct_tag&post=83380"}],"curies":[{"name":"wp","href":"https:\/\/api.w.org\/{rel}","templated":true}]}}