{"id":83388,"date":"2026-04-30T07:00:44","date_gmt":"2026-04-30T10:00:44","guid":{"rendered":"https:\/\/www.hediyepazar.com\/?product=pratik-sallanan-kapakli-kova-15-l"},"modified":"2026-04-30T07:00:44","modified_gmt":"2026-04-30T10:00:44","slug":"pratik-sallanan-kapakli-kova-15-l","status":"publish","type":"product","link":"https:\/\/www.hediyepazar.com\/?product=pratik-sallanan-kapakli-kova-15-l","title":{"rendered":"Pratik Sallanan Kapakl\u0131 Kova 1,5 L"},"content":{"rendered":"<table style=\"border-collapse:collapse; width:175pt; border:none\" width=\"234\">\n<colgroup>\n<col style=\"width:175pt\" width=\"234\" \/>\n\t<\/colgroup>\n<tbody>\n<tr height=\"21\" style=\"height:15.6pt\">\n<td class=\"xl65\" height=\"21\" style=\"border:none; height:15.6pt; width:175pt; padding-top:1px; padding-right:1px; padding-left:1px; vertical-align:bottom; white-space:nowrap\" width=\"234\"><span style=\"font-size:11pt\"><span style=\"font-family:Calibri,sans-serif\"><span style=\"font-weight:400\"><span style=\"font-style:normal\"><span style=\"text-decoration:none\">Pratik sallanan kapakl\u0131 kova &quot;Clap Mini&quot; \u015f\u0131k tasar\u0131m<br \/>\n\t\t\t&Ouml;l&ccedil;&uuml;ler: Yakla\u015f\u0131k 11 x 15 cm<br \/>\n\t\t\tMalzeme: ABS<br \/>\n\t\t\t\u0130&ccedil;erik: 1,5 litre<br \/>\n\t\t\tSallanma mekanizmas\u0131 sayesinde kolay doldurulur<br \/>\n\t\t\tPaket \u0130&ccedil;eri\u011fi : 1 Adet Sallanan Kapakl\u0131 Kova Not: Kar\u0131\u015f\u0131k renk g&ouml;nderilmektedir<\/span><\/span><\/span><\/span><\/span><\/td>\n<\/tr>\n<\/tbody>\n<\/table>\n","protected":false},"excerpt":{"rendered":"<p>Pratik Sallanan Kapakl\u0131 Kova 1,5 L<\/p>\n","protected":false},"featured_media":83387,"comment_status":"open","ping_status":"closed","template":"","meta":{"_kad_post_transparent":"","_kad_post_title":"","_kad_post_layout":"","_kad_post_sidebar_id":"","_kad_post_content_style":"","_kad_post_vertical_padding":"","_kad_post_feature":"","_kad_post_feature_position":"","_kad_post_header":false,"_kad_post_footer":false,"_kad_post_classname":""},"product_brand":[],"product_cat":[571,570,605],"product_tag":[],"class_list":{"0":"post-83388","1":"product","2":"type-product","3":"status-publish","4":"has-post-thumbnail","6":"product_cat-ev-temizlik","7":"product_cat-supermarket","8":"product_cat-temizlik-gerecleri","10":"first","11":"instock","12":"shipping-taxable","13":"purchasable","14":"product-type-simple","15":"entry","16":"content-bg","17":"loop-entry"},"_links":{"self":[{"href":"https:\/\/www.hediyepazar.com\/index.php?rest_route=\/wp\/v2\/product\/83388","targetHints":{"allow":["GET"]}}],"collection":[{"href":"https:\/\/www.hediyepazar.com\/index.php?rest_route=\/wp\/v2\/product"}],"about":[{"href":"https:\/\/www.hediyepazar.com\/index.php?rest_route=\/wp\/v2\/types\/product"}],"replies":[{"embeddable":true,"href":"https:\/\/www.hediyepazar.com\/index.php?rest_route=%2Fwp%2Fv2%2Fcomments&post=83388"}],"wp:featuredmedia":[{"embeddable":true,"href":"https:\/\/www.hediyepazar.com\/index.php?rest_route=\/wp\/v2\/media\/83387"}],"wp:attachment":[{"href":"https:\/\/www.hediyepazar.com\/index.php?rest_route=%2Fwp%2Fv2%2Fmedia&parent=83388"}],"wp:term":[{"taxonomy":"product_brand","embeddable":true,"href":"https:\/\/www.hediyepazar.com\/index.php?rest_route=%2Fwp%2Fv2%2Fproduct_brand&post=83388"},{"taxonomy":"product_cat","embeddable":true,"href":"https:\/\/www.hediyepazar.com\/index.php?rest_route=%2Fwp%2Fv2%2Fproduct_cat&post=83388"},{"taxonomy":"product_tag","embeddable":true,"href":"https:\/\/www.hediyepazar.com\/index.php?rest_route=%2Fwp%2Fv2%2Fproduct_tag&post=83388"}],"curies":[{"name":"wp","href":"https:\/\/api.w.org\/{rel}","templated":true}]}}