{"id":83394,"date":"2026-04-30T07:01:05","date_gmt":"2026-04-30T10:01:05","guid":{"rendered":"https:\/\/www.hediyepazar.com\/?product=pasifik-3-lt-cop-kovasi-plastik-kapakli-bej"},"modified":"2026-04-30T07:01:05","modified_gmt":"2026-04-30T10:01:05","slug":"pasifik-3-lt-cop-kovasi-plastik-kapakli-bej","status":"publish","type":"product","link":"https:\/\/www.hediyepazar.com\/?product=pasifik-3-lt-cop-kovasi-plastik-kapakli-bej","title":{"rendered":"Pasifik 3 Lt. \u00c7\u00f6p Kovas\u0131 Plastik Kapakl\u0131 Bej"},"content":{"rendered":"<table style=\"border-collapse:collapse; width:175pt; border:none\" width=\"234\">\n<colgroup>\n<col style=\"width:175pt\" width=\"234\" \/>\n\t<\/colgroup>\n<tbody>\n<tr height=\"21\" style=\"height:15.6pt\">\n<td class=\"xl65\" height=\"21\" style=\"border:none; height:15.6pt; width:175pt; padding-top:1px; padding-right:1px; padding-left:1px; vertical-align:bottom; white-space:nowrap\" width=\"234\"><span style=\"font-size:11pt\"><span style=\"font-family:Calibri,sans-serif\"><span style=\"font-weight:400\"><span style=\"font-style:normal\"><span style=\"text-decoration:none\">&Uuml;r&uuml;n Malzemesi : Plastik<\/p>\n<p>\t\t\t&Uuml;r&uuml;n &Ouml;l&ccedil;&uuml;leri : Boy 20 cm &Ccedil;ap 15,5 cm<\/p>\n<p>\t\t\t&Uuml;r&uuml;n Kapasitesi : 3 LT<\/p>\n<p>\t\t\t&Uuml;r&uuml;n Rengi : Bej<br \/>\n\t\t\tPaket \u0130&ccedil;eri\u011fi : 1 Adet Pasifik 3 Lt. &Ccedil;&ouml;p Kovas\u0131<\/span><\/span><\/span><\/span><\/span><\/td>\n<\/tr>\n<\/tbody>\n<\/table>\n","protected":false},"excerpt":{"rendered":"<p>Pasifik 3 Lt. \u00c7\u00f6p Kovas\u0131 Plastik Kapakl\u0131 Bej<\/p>\n","protected":false},"featured_media":83393,"comment_status":"open","ping_status":"closed","template":"","meta":{"_kad_post_transparent":"","_kad_post_title":"","_kad_post_layout":"","_kad_post_sidebar_id":"","_kad_post_content_style":"","_kad_post_vertical_padding":"","_kad_post_feature":"","_kad_post_feature_position":"","_kad_post_header":false,"_kad_post_footer":false,"_kad_post_classname":""},"product_brand":[],"product_cat":[571,570,605],"product_tag":[],"class_list":{"0":"post-83394","1":"product","2":"type-product","3":"status-publish","4":"has-post-thumbnail","6":"product_cat-ev-temizlik","7":"product_cat-supermarket","8":"product_cat-temizlik-gerecleri","10":"first","11":"instock","12":"shipping-taxable","13":"purchasable","14":"product-type-simple","15":"entry","16":"content-bg","17":"loop-entry"},"_links":{"self":[{"href":"https:\/\/www.hediyepazar.com\/index.php?rest_route=\/wp\/v2\/product\/83394","targetHints":{"allow":["GET"]}}],"collection":[{"href":"https:\/\/www.hediyepazar.com\/index.php?rest_route=\/wp\/v2\/product"}],"about":[{"href":"https:\/\/www.hediyepazar.com\/index.php?rest_route=\/wp\/v2\/types\/product"}],"replies":[{"embeddable":true,"href":"https:\/\/www.hediyepazar.com\/index.php?rest_route=%2Fwp%2Fv2%2Fcomments&post=83394"}],"wp:featuredmedia":[{"embeddable":true,"href":"https:\/\/www.hediyepazar.com\/index.php?rest_route=\/wp\/v2\/media\/83393"}],"wp:attachment":[{"href":"https:\/\/www.hediyepazar.com\/index.php?rest_route=%2Fwp%2Fv2%2Fmedia&parent=83394"}],"wp:term":[{"taxonomy":"product_brand","embeddable":true,"href":"https:\/\/www.hediyepazar.com\/index.php?rest_route=%2Fwp%2Fv2%2Fproduct_brand&post=83394"},{"taxonomy":"product_cat","embeddable":true,"href":"https:\/\/www.hediyepazar.com\/index.php?rest_route=%2Fwp%2Fv2%2Fproduct_cat&post=83394"},{"taxonomy":"product_tag","embeddable":true,"href":"https:\/\/www.hediyepazar.com\/index.php?rest_route=%2Fwp%2Fv2%2Fproduct_tag&post=83394"}],"curies":[{"name":"wp","href":"https:\/\/api.w.org\/{rel}","templated":true}]}}