{"id":83396,"date":"2026-04-30T07:01:12","date_gmt":"2026-04-30T10:01:12","guid":{"rendered":"https:\/\/www.hediyepazar.com\/?product=3-adet-likrali-erkek-boxer-karisik-desenli-pamuklu"},"modified":"2026-04-30T07:01:12","modified_gmt":"2026-04-30T10:01:12","slug":"3-adet-likrali-erkek-boxer-karisik-desenli-pamuklu","status":"publish","type":"product","link":"https:\/\/www.hediyepazar.com\/?product=3-adet-likrali-erkek-boxer-karisik-desenli-pamuklu","title":{"rendered":"3 Adet Likral\u0131 Erkek Boxer Kar\u0131\u015f\u0131k Desenli Pamuklu"},"content":{"rendered":"<p>3 Adet Likral\u0131 Erkek Boxer Kar\u0131\u015f\u0131k Desenli Pamuklu&nbsp;<br \/>\nPamuklu ve esnek yap\u0131s\u0131 ile g&uuml;nl&uuml;k kullan\u0131ma uygundur.<br \/>\nTer emici &ouml;zelli\u011fe sahiptir.<br \/>\nErkek i&ccedil; giyim boxer saran yap\u0131s\u0131 ile rahatl\u0131k sa\u011flar<br \/>\nPaket i&ccedil;eri\u011fi :3 adet kar\u0131\u015f\u0131k desenlerde erkek likral\u0131 boxer<\/p>\n","protected":false},"excerpt":{"rendered":"<p>3 Adet Likral\u0131 Erkek Boxer Kar\u0131\u015f\u0131k Desenli Pamuklu<\/p>\n","protected":false},"featured_media":83395,"comment_status":"open","ping_status":"closed","template":"","meta":{"_kad_post_transparent":"","_kad_post_title":"","_kad_post_layout":"","_kad_post_sidebar_id":"","_kad_post_content_style":"","_kad_post_vertical_padding":"","_kad_post_feature":"","_kad_post_feature_position":"","_kad_post_header":false,"_kad_post_footer":false,"_kad_post_classname":""},"product_brand":[],"product_cat":[544,541,538],"product_tag":[],"class_list":{"0":"post-83396","1":"product","2":"type-product","3":"status-publish","4":"has-post-thumbnail","6":"product_cat-boxer","7":"product_cat-erkek","8":"product_cat-ic-giyim","10":"first","11":"instock","12":"shipping-taxable","13":"purchasable","14":"product-type-simple","15":"entry","16":"content-bg","17":"loop-entry"},"_links":{"self":[{"href":"https:\/\/www.hediyepazar.com\/index.php?rest_route=\/wp\/v2\/product\/83396","targetHints":{"allow":["GET"]}}],"collection":[{"href":"https:\/\/www.hediyepazar.com\/index.php?rest_route=\/wp\/v2\/product"}],"about":[{"href":"https:\/\/www.hediyepazar.com\/index.php?rest_route=\/wp\/v2\/types\/product"}],"replies":[{"embeddable":true,"href":"https:\/\/www.hediyepazar.com\/index.php?rest_route=%2Fwp%2Fv2%2Fcomments&post=83396"}],"wp:featuredmedia":[{"embeddable":true,"href":"https:\/\/www.hediyepazar.com\/index.php?rest_route=\/wp\/v2\/media\/83395"}],"wp:attachment":[{"href":"https:\/\/www.hediyepazar.com\/index.php?rest_route=%2Fwp%2Fv2%2Fmedia&parent=83396"}],"wp:term":[{"taxonomy":"product_brand","embeddable":true,"href":"https:\/\/www.hediyepazar.com\/index.php?rest_route=%2Fwp%2Fv2%2Fproduct_brand&post=83396"},{"taxonomy":"product_cat","embeddable":true,"href":"https:\/\/www.hediyepazar.com\/index.php?rest_route=%2Fwp%2Fv2%2Fproduct_cat&post=83396"},{"taxonomy":"product_tag","embeddable":true,"href":"https:\/\/www.hediyepazar.com\/index.php?rest_route=%2Fwp%2Fv2%2Fproduct_tag&post=83396"}],"curies":[{"name":"wp","href":"https:\/\/api.w.org\/{rel}","templated":true}]}}