{"id":83412,"date":"2026-04-30T07:01:54","date_gmt":"2026-04-30T10:01:54","guid":{"rendered":"https:\/\/www.hediyepazar.com\/?product=newlife-kollu-mengeneli-domates-salca-makinesi-clkn-1562"},"modified":"2026-04-30T07:01:54","modified_gmt":"2026-04-30T10:01:54","slug":"newlife-kollu-mengeneli-domates-salca-makinesi-clkn-1562","status":"publish","type":"product","link":"https:\/\/www.hediyepazar.com\/?product=newlife-kollu-mengeneli-domates-salca-makinesi-clkn-1562","title":{"rendered":"Newlife Kollu Mengeneli Domates Sal\u00e7a Makines\u0131 CLKN-1562"},"content":{"rendered":"<table style=\"border-collapse:collapse; width:175pt; border:none\" width=\"234\">\n<colgroup>\n<col style=\"width:175pt\" width=\"234\" \/>\n\t<\/colgroup>\n<tbody>\n<tr height=\"21\" style=\"height:15.6pt\">\n<td height=\"21\" style=\"border:none; height:15.6pt; width:175pt; padding-top:1px; padding-right:1px; padding-left:1px; vertical-align:bottom; white-space:nowrap\" width=\"234\"><span style=\"font-size:11pt\"><span style=\"color:black\"><span style=\"font-weight:400\"><span style=\"font-style:normal\"><span style=\"text-decoration:none\"><span style=\"font-family:Calibri,sans-serif\">Newlife Kollu Mengeneli Domates Sal&ccedil;a Makinesi CLKN-1562,<br \/>\n\t\t\tsadece domates sal&ccedil;as\u0131 yapmakla s\u0131n\u0131rl\u0131 de\u011fil.<br \/>\n\t\t\tAyn\u0131 zamanda meyve p&uuml;releri, re&ccedil;eller, soslar ve daha bir&ccedil;ok<br \/>\n\t\t\tlezzetli tarifi haz\u0131rlamak i&ccedil;in de kullanabilirsiniz.<br \/>\n\t\t\tMutfakta s\u0131n\u0131rlar\u0131 zorlayarak yeni tarifler denemek isteyenler i&ccedil;in ideal bir se&ccedil;enektir.<br \/>\n\t\t\tPaket \u0130&ccedil;eri\u011fi : 1 Adet Newlife Kollu Mengeneli Domates Sal&ccedil;a Makinesi<\/span><\/span><\/span><\/span><\/span><\/span><\/td>\n<\/tr>\n<\/tbody>\n<\/table>\n","protected":false},"excerpt":{"rendered":"<p>Newlife Kollu Mengeneli Domates Sal\u00e7a Makines\u0131 CLKN-1562<\/p>\n","protected":false},"featured_media":83411,"comment_status":"open","ping_status":"closed","template":"","meta":{"_kad_post_transparent":"","_kad_post_title":"","_kad_post_layout":"","_kad_post_sidebar_id":"","_kad_post_content_style":"","_kad_post_vertical_padding":"","_kad_post_feature":"","_kad_post_feature_position":"","_kad_post_header":false,"_kad_post_footer":false,"_kad_post_classname":""},"product_brand":[],"product_cat":[596,449,706],"product_tag":[],"class_list":{"0":"post-83412","1":"product","2":"type-product","3":"status-publish","4":"has-post-thumbnail","6":"product_cat-elektrikli-ev-aletleri-2","7":"product_cat-elektronik","8":"product_cat-yiyecek-hazirlama","10":"first","11":"instock","12":"shipping-taxable","13":"purchasable","14":"product-type-simple","15":"entry","16":"content-bg","17":"loop-entry"},"_links":{"self":[{"href":"https:\/\/www.hediyepazar.com\/index.php?rest_route=\/wp\/v2\/product\/83412","targetHints":{"allow":["GET"]}}],"collection":[{"href":"https:\/\/www.hediyepazar.com\/index.php?rest_route=\/wp\/v2\/product"}],"about":[{"href":"https:\/\/www.hediyepazar.com\/index.php?rest_route=\/wp\/v2\/types\/product"}],"replies":[{"embeddable":true,"href":"https:\/\/www.hediyepazar.com\/index.php?rest_route=%2Fwp%2Fv2%2Fcomments&post=83412"}],"wp:featuredmedia":[{"embeddable":true,"href":"https:\/\/www.hediyepazar.com\/index.php?rest_route=\/wp\/v2\/media\/83411"}],"wp:attachment":[{"href":"https:\/\/www.hediyepazar.com\/index.php?rest_route=%2Fwp%2Fv2%2Fmedia&parent=83412"}],"wp:term":[{"taxonomy":"product_brand","embeddable":true,"href":"https:\/\/www.hediyepazar.com\/index.php?rest_route=%2Fwp%2Fv2%2Fproduct_brand&post=83412"},{"taxonomy":"product_cat","embeddable":true,"href":"https:\/\/www.hediyepazar.com\/index.php?rest_route=%2Fwp%2Fv2%2Fproduct_cat&post=83412"},{"taxonomy":"product_tag","embeddable":true,"href":"https:\/\/www.hediyepazar.com\/index.php?rest_route=%2Fwp%2Fv2%2Fproduct_tag&post=83412"}],"curies":[{"name":"wp","href":"https:\/\/api.w.org\/{rel}","templated":true}]}}