{"id":83422,"date":"2026-04-30T07:02:22","date_gmt":"2026-04-30T10:02:22","guid":{"rendered":"https:\/\/www.hediyepazar.com\/?product=silikon-seker-kurabiye-mini-masa"},"modified":"2026-04-30T07:02:22","modified_gmt":"2026-04-30T10:02:22","slug":"silikon-seker-kurabiye-mini-masa","status":"publish","type":"product","link":"https:\/\/www.hediyepazar.com\/?product=silikon-seker-kurabiye-mini-masa","title":{"rendered":"Silikon \u015eeker Kurabiye Mini Ma\u015fa"},"content":{"rendered":"<table style=\"border-collapse:collapse; width:121pt; border:none\" width=\"161\">\n<colgroup>\n<col style=\"width:121pt\" width=\"161\" \/>\n\t<\/colgroup>\n<tbody>\n<tr height=\"60\" style=\"height:45.0pt\">\n<td class=\"xl67\" height=\"60\" style=\"border:none; height:45.0pt; width:121pt; vertical-align:middle; padding-top:1px; padding-right:1px; padding-left:1px; white-space:nowrap\" width=\"161\"><span style=\"font-size:11pt\"><span style=\"font-family:Calibri,sans-serif\"><span style=\"font-weight:400\"><span style=\"font-style:normal\"><span style=\"text-decoration:none\">&Uuml;r&uuml;n bilgisi : 13 cm silikon ma\u015fa<br \/>\n\t\t\t&uuml;r&uuml;nler stokta ki renk durumuna g&ouml;re asorti olarak g&ouml;nderilecektir.<br \/>\n\t\t\t&Uuml;r&uuml;n renk &ccedil;e\u015fitleri : K\u0131rm\u0131z\u0131, beyaz, gri, su ye\u015fili, pembe, lila olmak &uuml;zeredir.<br \/>\n\t\t\tStok durumuna g&ouml;re renk g&ouml;nderilecektir.<br \/>\n\t\t\tPaket \u0130&ccedil;eri\u011fi : 1 Adet Silikon \u015eeker Kurabiye Mini Ma\u015fa<\/span><\/span><\/span><\/span><\/span><\/td>\n<\/tr>\n<\/tbody>\n<\/table>\n","protected":false},"excerpt":{"rendered":"<p>Silikon \u015eeker Kurabiye Mini Ma\u015fa<\/p>\n","protected":false},"featured_media":83421,"comment_status":"open","ping_status":"closed","template":"","meta":{"_kad_post_transparent":"","_kad_post_title":"","_kad_post_layout":"","_kad_post_sidebar_id":"","_kad_post_content_style":"","_kad_post_vertical_padding":"","_kad_post_feature":"","_kad_post_feature_position":"","_kad_post_header":false,"_kad_post_footer":false,"_kad_post_classname":""},"product_brand":[],"product_cat":[557,559,558],"product_tag":[],"class_list":{"0":"post-83422","1":"product","2":"type-product","3":"status-publish","4":"has-post-thumbnail","6":"product_cat-ev-yasam","7":"product_cat-sofra","8":"product_cat-sofra-mutfak-2","10":"first","11":"instock","12":"shipping-taxable","13":"purchasable","14":"product-type-simple","15":"entry","16":"content-bg","17":"loop-entry"},"_links":{"self":[{"href":"https:\/\/www.hediyepazar.com\/index.php?rest_route=\/wp\/v2\/product\/83422","targetHints":{"allow":["GET"]}}],"collection":[{"href":"https:\/\/www.hediyepazar.com\/index.php?rest_route=\/wp\/v2\/product"}],"about":[{"href":"https:\/\/www.hediyepazar.com\/index.php?rest_route=\/wp\/v2\/types\/product"}],"replies":[{"embeddable":true,"href":"https:\/\/www.hediyepazar.com\/index.php?rest_route=%2Fwp%2Fv2%2Fcomments&post=83422"}],"wp:featuredmedia":[{"embeddable":true,"href":"https:\/\/www.hediyepazar.com\/index.php?rest_route=\/wp\/v2\/media\/83421"}],"wp:attachment":[{"href":"https:\/\/www.hediyepazar.com\/index.php?rest_route=%2Fwp%2Fv2%2Fmedia&parent=83422"}],"wp:term":[{"taxonomy":"product_brand","embeddable":true,"href":"https:\/\/www.hediyepazar.com\/index.php?rest_route=%2Fwp%2Fv2%2Fproduct_brand&post=83422"},{"taxonomy":"product_cat","embeddable":true,"href":"https:\/\/www.hediyepazar.com\/index.php?rest_route=%2Fwp%2Fv2%2Fproduct_cat&post=83422"},{"taxonomy":"product_tag","embeddable":true,"href":"https:\/\/www.hediyepazar.com\/index.php?rest_route=%2Fwp%2Fv2%2Fproduct_tag&post=83422"}],"curies":[{"name":"wp","href":"https:\/\/api.w.org\/{rel}","templated":true}]}}